{"id":10160,"date":"2023-01-17T15:46:04","date_gmt":"2023-01-17T18:46:04","guid":{"rendered":"https:\/\/univinte.edu.br\/portal\/?page_id=10160"},"modified":"2023-01-17T15:57:58","modified_gmt":"2023-01-17T18:57:58","slug":"nucleo-de-apoio-napp","status":"publish","type":"page","link":"https:\/\/univinte.edu.br\/portal\/nucleo-de-apoio-napp\/","title":{"rendered":"N\u00facleo de Apoio NAPP"},"content":{"rendered":"\t\t<div data-elementor-type=\"wp-page\" data-elementor-id=\"10160\" class=\"elementor elementor-10160\">\n\t\t\t\t\t\t<section class=\"elementor-section elementor-top-section elementor-element elementor-element-76b3201 elementor-section-boxed elementor-section-height-default elementor-section-height-default\" data-id=\"76b3201\" data-element_type=\"section\" data-e-type=\"section\">\n\t\t\t\t\t\t<div class=\"elementor-container elementor-column-gap-default\">\n\t\t\t\t\t<div class=\"elementor-column elementor-col-100 elementor-top-column elementor-element elementor-element-0e38f42\" data-id=\"0e38f42\" data-element_type=\"column\" data-e-type=\"column\">\n\t\t\t<div class=\"elementor-widget-wrap elementor-element-populated\">\n\t\t\t\t\t\t<div class=\"elementor-element elementor-element-6e41f84 elementor-widget elementor-widget-shortcode\" data-id=\"6e41f84\" data-element_type=\"widget\" data-e-type=\"widget\" data-widget_type=\"shortcode.default\">\n\t\t\t\t<div class=\"elementor-widget-container\">\n\t\t\t\t\t\t\t<div class=\"elementor-shortcode\">  <\/div>\n\t\t\t\t\t\t<\/div>\n\t\t\t\t<\/div>\n\t\t\t\t\t<\/div>\n\t\t<\/div>\n\t\t\t\t\t<\/div>\n\t\t<\/section>\n\t\t\t\t<section class=\"elementor-section elementor-top-section elementor-element elementor-element-02c7c23 elementor-section-boxed elementor-section-height-default elementor-section-height-default\" data-id=\"02c7c23\" data-element_type=\"section\" data-e-type=\"section\">\n\t\t\t\t\t\t<div class=\"elementor-container elementor-column-gap-default\">\n\t\t\t\t\t<div class=\"elementor-column elementor-col-100 elementor-top-column elementor-element elementor-element-e40beec\" data-id=\"e40beec\" data-element_type=\"column\" data-e-type=\"column\">\n\t\t\t<div class=\"elementor-widget-wrap elementor-element-populated\">\n\t\t\t\t\t\t<div class=\"elementor-element elementor-element-748353f elementor-widget elementor-widget-spacer\" data-id=\"748353f\" data-element_type=\"widget\" data-e-type=\"widget\" data-widget_type=\"spacer.default\">\n\t\t\t\t<div class=\"elementor-widget-container\">\n\t\t\t\t\t\t\t<div class=\"elementor-spacer\">\n\t\t\t<div class=\"elementor-spacer-inner\"><\/div>\n\t\t<\/div>\n\t\t\t\t\t\t<\/div>\n\t\t\t\t<\/div>\n\t\t\t\t\t<\/div>\n\t\t<\/div>\n\t\t\t\t\t<\/div>\n\t\t<\/section>\n\t\t\t\t<section class=\"elementor-section elementor-top-section elementor-element elementor-element-fd19e78 elementor-section-boxed elementor-section-height-default elementor-section-height-default\" data-id=\"fd19e78\" data-element_type=\"section\" data-e-type=\"section\">\n\t\t\t\t\t\t<div class=\"elementor-container elementor-column-gap-default\">\n\t\t\t\t\t<div class=\"elementor-column elementor-col-100 elementor-top-column elementor-element elementor-element-63b9338\" data-id=\"63b9338\" data-element_type=\"column\" data-e-type=\"column\">\n\t\t\t<div class=\"elementor-widget-wrap elementor-element-populated\">\n\t\t\t\t\t\t<section class=\"elementor-section elementor-inner-section elementor-element elementor-element-872d6d9 elementor-section-boxed elementor-section-height-default elementor-section-height-default\" data-id=\"872d6d9\" data-element_type=\"section\" data-e-type=\"section\">\n\t\t\t\t\t\t<div class=\"elementor-container elementor-column-gap-default\">\n\t\t\t\t\t<div class=\"elementor-column elementor-col-33 elementor-inner-column elementor-element elementor-element-cdc992c\" data-id=\"cdc992c\" data-element_type=\"column\" data-e-type=\"column\">\n\t\t\t<div class=\"elementor-widget-wrap\">\n\t\t\t\t\t\t\t<\/div>\n\t\t<\/div>\n\t\t\t\t<div class=\"elementor-column elementor-col-33 elementor-inner-column elementor-element elementor-element-fddb927\" data-id=\"fddb927\" data-element_type=\"column\" data-e-type=\"column\">\n\t\t\t<div class=\"elementor-widget-wrap\">\n\t\t\t\t\t\t\t<\/div>\n\t\t<\/div>\n\t\t\t\t<div class=\"elementor-column elementor-col-33 elementor-inner-column elementor-element elementor-element-cfe9eac\" data-id=\"cfe9eac\" data-element_type=\"column\" data-e-type=\"column\">\n\t\t\t<div class=\"elementor-widget-wrap elementor-element-populated\">\n\t\t\t\t\t\t<div class=\"elementor-element elementor-element-1a42c16 elementor-view-framed elementor-position-inline-start elementor-mobile-position-inline-start elementor-shape-circle elementor-widget elementor-widget-icon-box\" data-id=\"1a42c16\" data-element_type=\"widget\" data-e-type=\"widget\" data-widget_type=\"icon-box.default\">\n\t\t\t\t<div class=\"elementor-widget-container\">\n\t\t\t\t\t\t\t<div class=\"elementor-icon-box-wrapper\">\n\n\t\t\t\t\t\t<div class=\"elementor-icon-box-icon\">\n\t\t\t\t<span  class=\"elementor-icon\">\n\t\t\t\t<i aria-hidden=\"true\" class=\"fas fa-comment-medical\"><\/i>\t\t\t\t<\/span>\n\t\t\t<\/div>\n\t\t\t\n\t\t\t\t\t\t<div class=\"elementor-icon-box-content\">\n\n\t\t\t\t\t\t\t\t\t<h2 class=\"elementor-icon-box-title\">\n\t\t\t\t\t\t<span  >\n\t\t\t\t\t\t\tN\u00facleo de Apoio Psicopedag\u00f3gico e Psicol\u00f3gico (NAPP)\t\t\t\t\t\t<\/span>\n\t\t\t\t\t<\/h2>\n\t\t\t\t\n\t\t\t\t\n\t\t\t<\/div>\n\t\t\t\n\t\t<\/div>\n\t\t\t\t\t\t<\/div>\n\t\t\t\t<\/div>\n\t\t\t\t\t<\/div>\n\t\t<\/div>\n\t\t\t\t\t<\/div>\n\t\t<\/section>\n\t\t\t\t\t<\/div>\n\t\t<\/div>\n\t\t\t\t\t<\/div>\n\t\t<\/section>\n\t\t\t\t<section class=\"elementor-section elementor-top-section elementor-element elementor-element-15c8806 elementor-section-boxed elementor-section-height-default elementor-section-height-default\" data-id=\"15c8806\" data-element_type=\"section\" data-e-type=\"section\">\n\t\t\t\t\t\t<div class=\"elementor-container elementor-column-gap-default\">\n\t\t\t\t\t<div class=\"elementor-column elementor-col-100 elementor-top-column elementor-element elementor-element-776bbd1\" data-id=\"776bbd1\" data-element_type=\"column\" data-e-type=\"column\">\n\t\t\t<div class=\"elementor-widget-wrap elementor-element-populated\">\n\t\t\t\t\t\t<div class=\"elementor-element elementor-element-55d239e elementor-widget elementor-widget-text-editor\" data-id=\"55d239e\" data-element_type=\"widget\" data-e-type=\"widget\" data-widget_type=\"text-editor.default\">\n\t\t\t\t<div class=\"elementor-widget-container\">\n\t\t\t\t\t\t\t\t\t<p>O N\u00facleo de Apoio Psicopedag\u00f3gico e Psicol\u00f3gico \u2013 NAPP \u00e9 um \u00f3rg\u00e3o de apoio acad\u00eamico, previsto nos projetos pedag\u00f3gicos dos cursos de gradua\u00e7\u00e3o e p\u00f3s-gradua\u00e7\u00e3o do Centro Universit\u00e1rio Univinte, no apoio aos discentes, decorrente da pol\u00edtica Institucional de Ensino e parte integrante do Plano de Desenvolvimento Institucional \u2013 PDI da Institui\u00e7\u00e3o.<\/p><h3><strong>DO OBJETIVO<\/strong><\/h3><p>O NAPP do Centro Universit\u00e1rio Univinte visa contribuir com a excel\u00eancia da qualidade do ensino, oferecendo ao aluno um espa\u00e7o que possibilite a escuta, o compartilhamento de dificuldades no \u00e2mbito acad\u00eamico em rela\u00e7\u00e3o a dificuldade da aprendizagem. Neste sentido atua na pr\u00e1tica atuante junto ao corpo discente, favorecendo uma a\u00e7\u00e3o psicopedag\u00f3gico e psicol\u00f3gica que acolha e compreenda as suas necessidades. As suas atividades visam contemplar quest\u00f5es de dificuldade de aprendizagem advindas tanto de aspectos cognitivos, quanto emocionais. O equil\u00edbrio efetivo emocional favorece uma aprendizagem significativa e concorre para uma melhor desenvolvimento das fun\u00e7\u00f5es cognitivas.<\/p><h3><strong>A QUEM SE DESTINA<\/strong><\/h3><p>Acad\u00eamicos dos cursos de gradua\u00e7\u00e3o e p\u00f3s-gradua\u00e7\u00e3o do Centro Universit\u00e1rio Univinte.<\/p><h3><strong>IN\u00cdCIO DA NAPP<\/strong><\/h3><p>O NAPP foi criada atrav\u00e9s da portaria 039\/19 de 16\/12\/2019.<\/p><h3><strong>CONTATO E HOR\u00c1RIO DE ATENDIMENTO<\/strong><\/h3><p>Atendimento com agendamento, ligando no n\u00famero telef\u00f4nico<strong> (48) 3623 \u2013 6000<\/strong> ou por e-mail <strong>atendimentosocial@fucap.edu.br<\/strong><\/p><p>Assistente Social <strong>Let\u00edcia Michels<\/strong><\/p><p>Segundas e ter\u00e7as das <strong>14h \u00e0s 20horas<\/strong><\/p><p>Nas quartas-feiras das <strong>8h30 \u00e0s 11h30 e das 14h \u00e0s 20 horas.<\/strong><\/p><p>Quintas e sextas-feiras das <strong>14h \u00e0s 17 horas.<\/strong><\/p><h3><strong>LOCAL DE ATENDIMENTO<\/strong><\/h3><p>Pr\u00e9dio sede do Univinte \u2013 setor Atendimento Social<\/p><p>Endere\u00e7o: Av. Nilton Augusto Sachetti, 500 \u2013 Santo Andr\u00e9 &#8211; CEP 88745-000 \u2013 Capivari de Baixo\/SC.<\/p>\t\t\t\t\t\t\t\t<\/div>\n\t\t\t\t<\/div>\n\t\t\t\t\t<\/div>\n\t\t<\/div>\n\t\t\t\t\t<\/div>\n\t\t<\/section>\n\t\t\t\t<\/div>\n\t\t","protected":false},"excerpt":{"rendered":"<p>N\u00facleo de Apoio Psicopedag\u00f3gico e Psicol\u00f3gico (NAPP) O N\u00facleo de Apoio Psicopedag\u00f3gico e Psicol\u00f3gico \u2013 NAPP \u00e9 um \u00f3rg\u00e3o de apoio acad\u00eamico, previsto nos projetos pedag\u00f3gicos dos cursos de gradua\u00e7\u00e3o e p\u00f3s-gradua\u00e7\u00e3o do Centro Universit\u00e1rio Univinte, no apoio aos discentes, decorrente da pol\u00edtica Institucional de Ensino e parte integrante do Plano de Desenvolvimento Institucional \u2013 [&hellip;]<\/p>\n","protected":false},"author":1,"featured_media":0,"parent":0,"menu_order":0,"comment_status":"closed","ping_status":"closed","template":"","meta":{"site-sidebar-layout":"no-sidebar","site-content-layout":"page-builder","ast-site-content-layout":"default","site-content-style":"default","site-sidebar-style":"default","ast-global-header-display":"","ast-banner-title-visibility":"","ast-main-header-display":"","ast-hfb-above-header-display":"","ast-hfb-below-header-display":"","ast-hfb-mobile-header-display":"","site-post-title":"disabled","ast-breadcrumbs-content":"","ast-featured-img":"disabled","footer-sml-layout":"","ast-disable-related-posts":"","theme-transparent-header-meta":"","adv-header-id-meta":"","stick-header-meta":"","header-above-stick-meta":"","header-main-stick-meta":"","header-below-stick-meta":"","astra-migrate-meta-layouts":"default","ast-page-background-enabled":"default","ast-page-background-meta":{"desktop":{"background-color":"var(--ast-global-color-4)","background-image":"","background-repeat":"repeat","background-position":"center center","background-size":"auto","background-attachment":"scroll","background-type":"","background-media":"","overlay-type":"","overlay-color":"","overlay-opacity":"","overlay-gradient":""},"tablet":{"background-color":"","background-image":"","background-repeat":"repeat","background-position":"center center","background-size":"auto","background-attachment":"scroll","background-type":"","background-media":"","overlay-type":"","overlay-color":"","overlay-opacity":"","overlay-gradient":""},"mobile":{"background-color":"","background-image":"","background-repeat":"repeat","background-position":"center center","background-size":"auto","background-attachment":"scroll","background-type":"","background-media":"","overlay-type":"","overlay-color":"","overlay-opacity":"","overlay-gradient":""}},"ast-content-background-meta":{"desktop":{"background-color":"var(--ast-global-color-5)","background-image":"","background-repeat":"repeat","background-position":"center center","background-size":"auto","background-attachment":"scroll","background-type":"","background-media":"","overlay-type":"","overlay-color":"","overlay-opacity":"","overlay-gradient":""},"tablet":{"background-color":"var(--ast-global-color-5)","background-image":"","background-repeat":"repeat","background-position":"center center","background-size":"auto","background-attachment":"scroll","background-type":"","background-media":"","overlay-type":"","overlay-color":"","overlay-opacity":"","overlay-gradient":""},"mobile":{"background-color":"var(--ast-global-color-5)","background-image":"","background-repeat":"repeat","background-position":"center center","background-size":"auto","background-attachment":"scroll","background-type":"","background-media":"","overlay-type":"","overlay-color":"","overlay-opacity":"","overlay-gradient":""}},"ngg_post_thumbnail":0,"footnotes":""},"class_list":["post-10160","page","type-page","status-publish","hentry"],"rttpg_featured_image_url":null,"rttpg_author":{"display_name":"contato","author_link":"https:\/\/univinte.edu.br\/portal\/author\/contato\/"},"rttpg_comment":0,"rttpg_category":null,"rttpg_excerpt":"N\u00facleo de Apoio Psicopedag\u00f3gico e Psicol\u00f3gico (NAPP) O N\u00facleo de Apoio Psicopedag\u00f3gico e Psicol\u00f3gico \u2013 NAPP \u00e9 um \u00f3rg\u00e3o de apoio acad\u00eamico, previsto nos projetos pedag\u00f3gicos dos cursos de gradua\u00e7\u00e3o e p\u00f3s-gradua\u00e7\u00e3o do Centro Universit\u00e1rio Univinte, no apoio aos discentes, decorrente da pol\u00edtica Institucional de Ensino e parte integrante do Plano de Desenvolvimento Institucional \u2013&hellip;","_links":{"self":[{"href":"https:\/\/univinte.edu.br\/portal\/wp-json\/wp\/v2\/pages\/10160","targetHints":{"allow":["GET"]}}],"collection":[{"href":"https:\/\/univinte.edu.br\/portal\/wp-json\/wp\/v2\/pages"}],"about":[{"href":"https:\/\/univinte.edu.br\/portal\/wp-json\/wp\/v2\/types\/page"}],"author":[{"embeddable":true,"href":"https:\/\/univinte.edu.br\/portal\/wp-json\/wp\/v2\/users\/1"}],"replies":[{"embeddable":true,"href":"https:\/\/univinte.edu.br\/portal\/wp-json\/wp\/v2\/comments?post=10160"}],"version-history":[{"count":9,"href":"https:\/\/univinte.edu.br\/portal\/wp-json\/wp\/v2\/pages\/10160\/revisions"}],"predecessor-version":[{"id":10170,"href":"https:\/\/univinte.edu.br\/portal\/wp-json\/wp\/v2\/pages\/10160\/revisions\/10170"}],"wp:attachment":[{"href":"https:\/\/univinte.edu.br\/portal\/wp-json\/wp\/v2\/media?parent=10160"}],"curies":[{"name":"wp","href":"https:\/\/api.w.org\/{rel}","templated":true}]}}