{"id":1291,"date":"2019-02-20T02:34:11","date_gmt":"2019-02-20T05:34:11","guid":{"rendered":"http:\/\/univinte.edu.br\/portal\/index.php\/graduacao\/medicina-veterinaria\/"},"modified":"2019-02-20T02:34:11","modified_gmt":"2019-02-20T05:34:11","slug":"medicina-veterinaria","status":"publish","type":"page","link":"https:\/\/univinte.edu.br\/portal\/graduacao\/medicina-veterinaria\/","title":{"rendered":"Medicina Veterin\u00e1ria"},"content":{"rendered":"<p><img width=\\\"1200\\\" height=\\\"350\\\" src=\\\"https:\/\/www.fucap.edu.br\/wp\/wp-content\/uploads\/2021\/01\/veterinaria.png\\\" alt=\\\"\\\" loading=\\\"lazy\\\" srcset=\\\"https:\/\/i0.wp.com\/www.fucap.edu.br\/wp\/wp-content\/uploads\/2021\/01\/veterinaria.png?w=1200&amp;ssl=1 1200w, https:\/\/i0.wp.com\/www.fucap.edu.br\/wp\/wp-content\/uploads\/2021\/01\/veterinaria.png?resize=300%2C88&amp;ssl=1 300w, https:\/\/i0.wp.com\/www.fucap.edu.br\/wp\/wp-content\/uploads\/2021\/01\/veterinaria.png?resize=1024%2C299&amp;ssl=1 1024w, https:\/\/i0.wp.com\/www.fucap.edu.br\/wp\/wp-content\/uploads\/2021\/01\/veterinaria.png?resize=768%2C224&amp;ssl=1 768w\\\" sizes=\\\"(max-width: 1200px) 100vw, 1200px\\\" \/><br \/>\n\t\t\t<a href=\\\"https:\/\/www.fucap.edu.br\/arquivos\/cursos\/veterinaria\/matriz_veterinaria.pdf\\\" target=\\\"_blank\\\" role=\\\"button\\\" rel=\\\"noopener\\\"><br \/>\n\t\t\t\t\t\tMatriz 710<br \/>\n\t\t\t\t\t<\/a><\/p>\n<h1 style=\\\"padding-left: 60px;\\\">\u00a0<\/h1>\n<h2>O Curso<\/h2>\n<h3>Objetivo do Curso<\/h3>\n<p>Formar um m\u00e9dico veterin\u00e1rio generalista, humanista, cr\u00edtico e reflexivo, apto a compreender e traduzir as necessidades de indiv\u00edduos, grupos sociais e comunidades, principalmente ao que se\u00a0 refere \u00e0s necessidades locais e regionais, com rela\u00e7\u00e3o \u00e0s atividades inerentes ao exerc\u00edcio profissional, no \u00e2mbito de seus campos espec\u00edficos de atua\u00e7\u00e3o em sa\u00fade animal e cl\u00ednica veterin\u00e1ria; saneamento ambiental e medicina veterin\u00e1ria preventiva, sa\u00fade p\u00fablica e inspe\u00e7\u00e3o e tecnologia de produtos de origem animal; zootecnia, produ\u00e7\u00e3o e reprodu\u00e7\u00e3o animal e ecologia e prote\u00e7\u00e3o ao meio ambiente; ter conhecimento dos fatos sociais, culturais e pol\u00edticos da economia e da administra\u00e7\u00e3o agropecu\u00e1ria e agroindustrial; desenvolver capacidade de racioc\u00ednio l\u00f3gico, de observa\u00e7\u00e3o, de interpreta\u00e7\u00e3o e de an\u00e1lise de dados e informa\u00e7\u00f5es, bem como dos conhecimentos essenciais de Medicina Veterin\u00e1ria, para identifica\u00e7\u00e3o e resolu\u00e7\u00e3o de problemas, principalmente na regi\u00e3o em que a institui\u00e7\u00e3o est\u00e1 inserida.<\/p>\n<h3>Perfil do profissional<\/h3>\n<p>Um perfil profissional generalista, humanista, cr\u00edtico e reflexivo, aptos a compreender e traduzir as necessidades de indiv\u00edduos, grupos sociais e comunidades, com rela\u00e7\u00e3o \u00e0s atividades inerentes ao exerc\u00edcio profissional, no \u00e2mbito de seus campos espec\u00edficos de atua\u00e7\u00e3o em sa\u00fade animal e cl\u00ednica veterin\u00e1ria; saneamento ambiental e medicina veterin\u00e1ria preventiva, sa\u00fade p\u00fablica e inspe\u00e7\u00e3o e tecnologia de produtos de origem animal; zootecnia, produ\u00e7\u00e3o e reprodu\u00e7\u00e3o animal e ecologia e prote\u00e7\u00e3o ao meio ambiente.<\/p>\n<h3>Campo de atua\u00e7\u00e3o do profissional\u00a0<\/h3>\n<p>O egresso conta com in\u00fameras possibilidades no mercado de trabalho, que incluem cl\u00ednica e cirurgia de animais dom\u00e9sticos e selvagens, diagn\u00f3stico laboratorial e por imagem, produ\u00e7\u00e3o animal e alimentar, inspe\u00e7\u00e3o de produtos de origem animal, prote\u00e7\u00e3o ambiental, pesquisa e extens\u00e3o, medicina veterin\u00e1ria preventiva e sa\u00fade p\u00fablica, dentre outras.<\/p>\n<h3>Coordena\u00e7\u00e3o<\/h3>\n<p>Av. Na\u00e7\u00f5es Unidas No 500 \u2013 Bairro Santo Andr\u00e9<br \/>\u2013 Capivari de Baixo\/SC<br \/>CEP: 88745-000<br \/>Telefone Coordena\u00e7\u00e3o: (48) 3623-6000<br \/><a href=\\\"secretaria@fucap.edu.br\\\">secretaria@fucap.edu.br<\/a><\/p>\n<p><strong>Hor\u00e1rio de Atendimento da Coordena\u00e7\u00e3o:<\/strong><\/p>\n<p>Segunda a Sexta: Noturno<\/p>\n<p><b>Coordenador<br \/><\/b><\/p>\n<p style=\\\"font-weight: 400;\\\"><strong>Prof.\u00aa MSc Larissa da Silva Joaquim<\/strong><br \/>Doutoranda bolsista (CAPES) do Programa de P\u00f3s Gradua\u00e7\u00e3o em Ci\u00eancias da Sa\u00fade com linha de pesquisa em neuroci\u00eancias. Mestre em Ci\u00eancias da Sa\u00fade com linha de pesquisa em neuroci\u00eancias e graduada em Medicina Veterin\u00e1ria. Atualmente participa como integrante do grupo de pesquisa Laborat\u00f3rio de Neurobiologia e Processos Inflamat\u00f3rios e Metab\u00f3licos (NEUROIMET). Estudos focados para os mecanismos neurobiol\u00f3gicos envolvidos na fisiopatologia da sepse. Atua\u00e7\u00e3o na \u00e1rea de Medicina Veterin\u00e1ria, com \u00eanfase em Intensivismo Veterin\u00e1rio. Tem experi\u00eancia em Cl\u00ednica e Cirurgia Veterin\u00e1ria.<\/p>\n<ul>\n<li>\n\t\t\t\t\t\t\t\t\t\t\t<a href=\\\"https:\/\/www.fucap.edu.br\/inscricao\/\\\"><br \/>\n\t\t\t\t\t\t\t\t\t\tInscri\u00e7\u00f5es Abertas<br \/>\n\t\t\t\t\t\t\t\t\t\t\t<\/a>\n\t\t\t\t\t\t\t\t\t<\/li>\n<\/ul>\n<ul>\n<li>\n\t\t\t\t\t\t\t\t\t\t\t<a href=\\\"\/\/www.fucap.edu.br\/wp\/bolsas-e-financiamentos\/\\\"><br \/>\n\t\t\t\t\t\t\t\t\t\t\tBolsas e Financiamentos<br \/>\n\t\t\t\t\t\t\t\t\t\t\t<\/a>\n\t\t\t\t\t\t\t\t\t<\/li>\n<\/ul>\n<ul>\n<li>\n\t\t\t\t\t\t\t\t\t\t\t<a href=\\\"https:\/\/www.fucap.edu.br\/seletivo\/?acao=inscrever\\\" target=\\\"_blank\\\" rel=\\\"noopener\\\"><br \/>\n\t\t\t\t\t\t\t\t\t\tSala de Matr\u00edcula<br \/>\n\t\t\t\t\t\t\t\t\t\t\t<\/a>\n\t\t\t\t\t\t\t\t\t<\/li>\n<\/ul>\n<h2>DADOS DO CURSO<\/h2>\n<h3>\n\t\t\t\t\t\tTitula\u00e7\u00e3o<br \/>\n\t\t\t\t<\/h3>\n<p>\n\t\t\t\t\t\tBacharel em Medicina Veterin\u00e1ria\t\t\t\t\t<\/p>\n<h3>\n\t\t\t\t\t\tAtos Regulat\u00f3rios<br \/>\n\t\t\t\t<\/h3>\n<p>\n\t\t\t\t\t\tAutorizado pela Portaria Ministerial n\u00ba 281 de 30\/09\/20, publicado no D.O.U. n\u00ba 190 em 02\/10\/20.\t\t\t\t\t<\/p>\n<h3>\n\t\t\t\t\t\tConceito<br \/>\n\t\t\t\t<\/h3>\n<p>\n\t\t\t\t\t\tNota 4\t\t\t\t\t<\/p>\n<h3>\n\t\t\t\t\t\tCarga Hor\u00e1ria<br \/>\n\t\t\t\t<\/h3>\n<p>\n\t\t\t\t\t\t4322 horas\t\t\t\t\t<\/p>\n<h3>\n\t\t\t\t\t\tDura\u00e7\u00e3o<br \/>\n\t\t\t\t<\/h3>\n<p>\n\t\t\t\t\t\t10 semestres &#8211; 5 anos\t\t\t\t\t<\/p>\n<h3>\n\t\t\t\t\t\tInvestimento<br \/>\n\t\t\t\t<\/h3>\n<p>Siga a Fucap nas redes sociais:<\/p>\n<p>\t\t\t\t\t<a href=\\\"\/\/www.facebook.com\/fucap\/?epa=SEARCH_BOX\\\" target=\\\"_blank\\\" rel=\\\"noopener\\\"><br \/>\n\t\t\t\t\t\tFacebook<br \/>\n\t\t\t\t\t\t\t\t\t\t\t<\/a><br \/>\n\t\t\t\t\t<a href=\\\"\/\/twitter.com\/fucap_edu\\\" target=\\\"_blank\\\" rel=\\\"noopener\\\"><br \/>\n\t\t\t\t\t\tTwitter<br \/>\n\t\t\t\t\t\t\t\t\t\t\t<\/a><br \/>\n\t\t\t\t\t<a href=\\\"\/\/www.youtube.com\/channel\/UCz81EoOg0XR4RafpD_sfE3A\\\" target=\\\"_blank\\\" rel=\\\"noopener\\\"><br \/>\n\t\t\t\t\t\tYoutube<br \/>\n\t\t\t\t\t\t\t\t\t\t\t<\/a><br \/>\n\t\t\t\t\t<a href=\\\"\/\/www.instagram.com\/fucap_univinte\/\\\" target=\\\"_blank\\\" rel=\\\"noopener\\\"><br \/>\n\t\t\t\t\t\tInstagram<br \/>\n\t\t\t\t\t\t\t\t\t\t\t<\/a><br \/>\n\t\t\t\t\t<a href=\\\"\/\/br.linkedin.com\/in\/faculdade-fucap-362825109\\\" target=\\\"_blank\\\" rel=\\\"noopener\\\"><br \/>\n\t\t\t\t\t\tLinkedin<br \/>\n\t\t\t\t\t\t\t\t\t\t\t<\/a><\/p>\n<p>Faculdade Fucap Univinte&nbsp; &#8211; Uma faculdade Inovadora<br \/>Central de Atendimento: (48) 3623-6000 | Endere\u00e7o: Av. Nilton Augusto Sachetti, 500 &#8211; Centro<br \/>&nbsp; &nbsp; CEP 88745-000 &#8211; Capivari de Baixo &#8211; SC&nbsp; &nbsp;Brasil<\/p>\n<p>\t\t\t\t\t\t\t\t\t\t\t\t\t<a href=\\\"\/\/www.fucap.edu.br\/wp\/\\\"><br \/>\n\t\t\t\t\t\t\t<img width=\\\"194\\\" height=\\\"74\\\" src=\\\"https:\/\/www.fucap.edu.br\/wp\/wp-content\/uploads\/2019\/03\/logo-otimizada-rodape.png\\\" alt=\\\"\\\" loading=\\\"lazy\\\" \/>\t\t\t\t\t\t\t\t<\/a><br \/>\n\t\t\u00a9 2019 Faculdades Fucap. Todos os direitos reservados.\u00a0<br \/>\n\t\t\t\t\t\t\t\t\t\t\t\t\t<a href=\\\"\/\/www.facebook.com\/cretivedessign\/\\\" target=\\\"_blank\\\" rel=\\\"noopener\\\"><br \/>\n\t\t\t\t\t\t\t<img width=\\\"276\\\" height=\\\"179\\\" src=\\\"https:\/\/www.fucap.edu.br\/wp\/wp-content\/uploads\/2019\/06\/logo-ass-site.png\\\" alt=\\\"\\\" loading=\\\"lazy\\\" \/>\t\t\t\t\t\t\t\t<\/a><\/p>\n","protected":false},"excerpt":{"rendered":"<p>Matriz 710 \u00a0 O Curso Objetivo do Curso Formar um m\u00e9dico veterin\u00e1rio generalista, humanista, cr\u00edtico e reflexivo, apto a compreender e traduzir as necessidades de indiv\u00edduos, grupos sociais e comunidades, principalmente ao que se\u00a0 refere \u00e0s necessidades locais e regionais, com rela\u00e7\u00e3o \u00e0s atividades inerentes ao exerc\u00edcio profissional, no \u00e2mbito de seus campos espec\u00edficos de [&hellip;]<\/p>\n","protected":false},"author":1,"featured_media":0,"parent":65,"menu_order":0,"comment_status":"closed","ping_status":"closed","template":"","meta":{"site-sidebar-layout":"default","site-content-layout":"","ast-site-content-layout":"default","site-content-style":"default","site-sidebar-style":"default","ast-global-header-display":"","ast-banner-title-visibility":"","ast-main-header-display":"","ast-hfb-above-header-display":"","ast-hfb-below-header-display":"","ast-hfb-mobile-header-display":"","site-post-title":"","ast-breadcrumbs-content":"","ast-featured-img":"","footer-sml-layout":"","ast-disable-related-posts":"","theme-transparent-header-meta":"","adv-header-id-meta":"","stick-header-meta":"","header-above-stick-meta":"","header-main-stick-meta":"","header-below-stick-meta":"","astra-migrate-meta-layouts":"default","ast-page-background-enabled":"default","ast-page-background-meta":{"desktop":{"background-color":"var(--ast-global-color-4)","background-image":"","background-repeat":"repeat","background-position":"center center","background-size":"auto","background-attachment":"scroll","background-type":"","background-media":"","overlay-type":"","overlay-color":"","overlay-opacity":"","overlay-gradient":""},"tablet":{"background-color":"","background-image":"","background-repeat":"repeat","background-position":"center center","background-size":"auto","background-attachment":"scroll","background-type":"","background-media":"","overlay-type":"","overlay-color":"","overlay-opacity":"","overlay-gradient":""},"mobile":{"background-color":"","background-image":"","background-repeat":"repeat","background-position":"center center","background-size":"auto","background-attachment":"scroll","background-type":"","background-media":"","overlay-type":"","overlay-color":"","overlay-opacity":"","overlay-gradient":""}},"ast-content-background-meta":{"desktop":{"background-color":"var(--ast-global-color-5)","background-image":"","background-repeat":"repeat","background-position":"center center","background-size":"auto","background-attachment":"scroll","background-type":"","background-media":"","overlay-type":"","overlay-color":"","overlay-opacity":"","overlay-gradient":""},"tablet":{"background-color":"var(--ast-global-color-5)","background-image":"","background-repeat":"repeat","background-position":"center center","background-size":"auto","background-attachment":"scroll","background-type":"","background-media":"","overlay-type":"","overlay-color":"","overlay-opacity":"","overlay-gradient":""},"mobile":{"background-color":"var(--ast-global-color-5)","background-image":"","background-repeat":"repeat","background-position":"center center","background-size":"auto","background-attachment":"scroll","background-type":"","background-media":"","overlay-type":"","overlay-color":"","overlay-opacity":"","overlay-gradient":""}},"ngg_post_thumbnail":0,"footnotes":""},"class_list":["post-1291","page","type-page","status-publish","hentry"],"rttpg_featured_image_url":null,"rttpg_author":{"display_name":"contato","author_link":"https:\/\/univinte.edu.br\/portal\/author\/contato\/"},"rttpg_comment":0,"rttpg_category":null,"rttpg_excerpt":"Matriz 710 \u00a0 O Curso Objetivo do Curso Formar um m\u00e9dico veterin\u00e1rio generalista, humanista, cr\u00edtico e reflexivo, apto a compreender e traduzir as necessidades de indiv\u00edduos, grupos sociais e comunidades, principalmente ao que se\u00a0 refere \u00e0s necessidades locais e regionais, com rela\u00e7\u00e3o \u00e0s atividades inerentes ao exerc\u00edcio profissional, no \u00e2mbito de seus campos espec\u00edficos de&hellip;","_links":{"self":[{"href":"https:\/\/univinte.edu.br\/portal\/wp-json\/wp\/v2\/pages\/1291","targetHints":{"allow":["GET"]}}],"collection":[{"href":"https:\/\/univinte.edu.br\/portal\/wp-json\/wp\/v2\/pages"}],"about":[{"href":"https:\/\/univinte.edu.br\/portal\/wp-json\/wp\/v2\/types\/page"}],"author":[{"embeddable":true,"href":"https:\/\/univinte.edu.br\/portal\/wp-json\/wp\/v2\/users\/1"}],"replies":[{"embeddable":true,"href":"https:\/\/univinte.edu.br\/portal\/wp-json\/wp\/v2\/comments?post=1291"}],"version-history":[{"count":0,"href":"https:\/\/univinte.edu.br\/portal\/wp-json\/wp\/v2\/pages\/1291\/revisions"}],"up":[{"embeddable":true,"href":"https:\/\/univinte.edu.br\/portal\/wp-json\/wp\/v2\/pages\/65"}],"wp:attachment":[{"href":"https:\/\/univinte.edu.br\/portal\/wp-json\/wp\/v2\/media?parent=1291"}],"curies":[{"name":"wp","href":"https:\/\/api.w.org\/{rel}","templated":true}]}}