{"id":15212,"date":"2025-04-11T15:41:20","date_gmt":"2025-04-11T18:41:20","guid":{"rendered":"https:\/\/univinte.edu.br\/portal\/?page_id=15212"},"modified":"2025-09-15T16:42:44","modified_gmt":"2025-09-15T19:42:44","slug":"ciencia-contabeis-2025","status":"publish","type":"page","link":"https:\/\/univinte.edu.br\/portal\/ciencia-contabeis-2025\/","title":{"rendered":"Ci\u00eancia Cont\u00e1beis-2025"},"content":{"rendered":"\t\t<div data-elementor-type=\"wp-page\" data-elementor-id=\"15212\" class=\"elementor elementor-15212\">\n\t\t\t\t\t\t<section class=\"elementor-section elementor-top-section elementor-element elementor-element-25b5531 elementor-section-boxed elementor-section-height-default elementor-section-height-default\" data-id=\"25b5531\" data-element_type=\"section\" data-e-type=\"section\" data-settings=\"{&quot;background_background&quot;:&quot;slideshow&quot;,&quot;background_slideshow_gallery&quot;:[{&quot;id&quot;:16240,&quot;url&quot;:&quot;http:\\\/\\\/univinte.edu.br\\\/portal\\\/wp-content\\\/uploads\\\/2025\\\/05\\\/Contabeis-1.png&quot;}],&quot;background_slideshow_loop&quot;:&quot;yes&quot;,&quot;background_slideshow_slide_duration&quot;:5000,&quot;background_slideshow_slide_transition&quot;:&quot;fade&quot;,&quot;background_slideshow_transition_duration&quot;:500}\">\n\t\t\t\t\t\t<div class=\"elementor-container elementor-column-gap-custom\">\n\t\t\t\t\t<div class=\"elementor-column elementor-col-100 elementor-top-column elementor-element elementor-element-6062f3f\" data-id=\"6062f3f\" data-element_type=\"column\" data-e-type=\"column\">\n\t\t\t<div class=\"elementor-widget-wrap elementor-element-populated\">\n\t\t\t\t\t\t<div class=\"elementor-element elementor-element-40777c0 elementor-widget elementor-widget-heading\" data-id=\"40777c0\" data-element_type=\"widget\" data-e-type=\"widget\" data-widget_type=\"heading.default\">\n\t\t\t\t<div class=\"elementor-widget-container\">\n\t\t\t\t\t<h2 class=\"elementor-heading-title elementor-size-default\">Gradua\u00e7\u00e3o<\/h2>\t\t\t\t<\/div>\n\t\t\t\t<\/div>\n\t\t\t\t<div class=\"elementor-element elementor-element-d791b4d elementor-widget elementor-widget-heading\" data-id=\"d791b4d\" data-element_type=\"widget\" data-e-type=\"widget\" data-widget_type=\"heading.default\">\n\t\t\t\t<div class=\"elementor-widget-container\">\n\t\t\t\t\t<h2 class=\"elementor-heading-title elementor-size-default\">Ci\u00eancias Cont\u00e1beis<\/h2>\t\t\t\t<\/div>\n\t\t\t\t<\/div>\n\t\t\t\t<div class=\"elementor-element elementor-element-02c508e elementor-widget__width-initial elementor-widget elementor-widget-heading\" data-id=\"02c508e\" data-element_type=\"widget\" data-e-type=\"widget\" data-widget_type=\"heading.default\">\n\t\t\t\t<div class=\"elementor-widget-container\">\n\t\t\t\t\t<h2 class=\"elementor-heading-title elementor-size-default\">O objetivo do curso de Ci\u00eancias Cont\u00e1beis da Univinte \u00e9 formar profissionais competentes e capazes de atender a demanda de um mercado em constante mudan\u00e7a a partir de uma vis\u00e3o sist\u00eamica, global e din\u00e2mica do patrim\u00f4nio e suas altera\u00e7\u00f5es considerando a elabora\u00e7\u00e3o, a mensura\u00e7\u00e3o, o registro, a divulga\u00e7\u00e3o das informa\u00e7\u00f5es patrimoniais, econ\u00f4micas e financeiras de uma organiza\u00e7\u00e3o.<\/h2>\t\t\t\t<\/div>\n\t\t\t\t<\/div>\n\t\t\t\t<div class=\"elementor-element elementor-element-8013ed1 elementor-widget__width-initial elementor-widget elementor-widget-spacer\" data-id=\"8013ed1\" data-element_type=\"widget\" data-e-type=\"widget\" data-widget_type=\"spacer.default\">\n\t\t\t\t<div class=\"elementor-widget-container\">\n\t\t\t\t\t\t\t<div class=\"elementor-spacer\">\n\t\t\t<div class=\"elementor-spacer-inner\"><\/div>\n\t\t<\/div>\n\t\t\t\t\t\t<\/div>\n\t\t\t\t<\/div>\n\t\t\t\t<div class=\"elementor-element elementor-element-7e545ec elementor-widget__width-initial elementor-widget elementor-widget-image\" data-id=\"7e545ec\" data-element_type=\"widget\" data-e-type=\"widget\" data-widget_type=\"image.default\">\n\t\t\t\t<div class=\"elementor-widget-container\">\n\t\t\t\t\t\t\t\t\t\t\t\t\t\t\t<img decoding=\"async\" width=\"497\" height=\"87\" src=\"https:\/\/univinte.edu.br\/portal\/wp-content\/uploads\/2025\/03\/CIMA-PAGINA-SITE-POS-670-x-400-mm-27.png\" class=\"attachment-full size-full wp-image-14979\" alt=\"\" srcset=\"https:\/\/univinte.edu.br\/portal\/wp-content\/uploads\/2025\/03\/CIMA-PAGINA-SITE-POS-670-x-400-mm-27.png 497w, https:\/\/univinte.edu.br\/portal\/wp-content\/uploads\/2025\/03\/CIMA-PAGINA-SITE-POS-670-x-400-mm-27-300x53.png 300w\" sizes=\"(max-width: 497px) 100vw, 497px\" \/>\t\t\t\t\t\t\t\t\t\t\t\t\t\t\t<\/div>\n\t\t\t\t<\/div>\n\t\t\t\t<div class=\"elementor-element elementor-element-f4e3888 elementor-widget elementor-widget-button\" data-id=\"f4e3888\" data-element_type=\"widget\" data-e-type=\"widget\" data-widget_type=\"button.default\">\n\t\t\t\t<div class=\"elementor-widget-container\">\n\t\t\t\t\t\t\t\t\t<div class=\"elementor-button-wrapper\">\n\t\t\t\t\t<a class=\"elementor-button elementor-button-link elementor-size-sm\" href=\"https:\/\/seletivo.univinte.edu.br\/\">\n\t\t\t\t\t\t<span class=\"elementor-button-content-wrapper\">\n\t\t\t\t\t\t\t\t\t<span class=\"elementor-button-text\">TENHO INTERESSE<\/span>\n\t\t\t\t\t<\/span>\n\t\t\t\t\t<\/a>\n\t\t\t\t<\/div>\n\t\t\t\t\t\t\t\t<\/div>\n\t\t\t\t<\/div>\n\t\t\t\t\t<\/div>\n\t\t<\/div>\n\t\t\t\t\t<\/div>\n\t\t<\/section>\n\t\t\t\t<section class=\"elementor-section elementor-top-section elementor-element elementor-element-596767d elementor-section-full_width elementor-section-height-min-height elementor-section-height-default elementor-section-items-middle\" data-id=\"596767d\" data-element_type=\"section\" data-e-type=\"section\">\n\t\t\t\t\t\t<div class=\"elementor-container elementor-column-gap-default\">\n\t\t\t\t\t<div class=\"elementor-column elementor-col-50 elementor-top-column elementor-element elementor-element-b0fa650\" data-id=\"b0fa650\" data-element_type=\"column\" data-e-type=\"column\" data-settings=\"{&quot;background_background&quot;:&quot;classic&quot;}\">\n\t\t\t<div class=\"elementor-widget-wrap elementor-element-populated\">\n\t\t\t\t\t\t<div class=\"elementor-element elementor-element-15b5790 elementor-widget elementor-widget-text-editor\" data-id=\"15b5790\" data-element_type=\"widget\" data-e-type=\"widget\" data-widget_type=\"text-editor.default\">\n\t\t\t\t<div class=\"elementor-widget-container\">\n\t\t\t\t\t\t\t\t\t<h3><strong>Perfil do profissional<\/strong><\/h3><p>O projeto do curso de Ci\u00eancias Cont\u00e1beis da Univinte busca o atendimento \u00e0s novas exig\u00eancias do mercado de trabalho e da realidade social, proporcionando uma forma\u00e7\u00e3o qualificada que caracterize o bacharel como um profissional capaz de atuar com grande desenvoltura em qualquer \u00e1rea cont\u00e1bil. O egresso do curso ser\u00e1 um profissional cr\u00edtico, \u00e9tico, empreendedor, reflexivo (considerando vis\u00e3o sist\u00eamica, hol\u00edstica, cr\u00edtica), l\u00facido e capaz de planejar, organizar, liderar e dirigir as atividades de controle do gerenciamento cont\u00e1bil nas empresas, com vis\u00e3o de globaliza\u00e7\u00e3o, sem perder de vista as particularidades regionais.<\/p><h3><strong>Campo de atua\u00e7\u00e3o do profissional\u00a0<\/strong><\/h3><p>O curso forma profissionais capazes de se colocar tanto no contexto nacional e internacional, quanto no \u00e2mbito de sua realidade mais pr\u00f3xima, para gerir e auxiliar na gest\u00e3o de empresas, como fornecedores de dados e informa\u00e7\u00f5es, interagindo no processo de planejamento das estrat\u00e9gias organizacionais. Destacam-se entre os campos de atua\u00e7\u00e3o: atividades de auditoria e consultoria em empresas p\u00fablicas e privadas; controladoria; per\u00edcia cont\u00e1bil em pend\u00eancias judiciais e extrajudiciais; arbitragem judicial e extrajudicial; an\u00e1lise de demonstra\u00e7\u00f5es e outras evidencia\u00e7\u00f5es cont\u00e1beis; custos; planejamento tribut\u00e1rio; elabora\u00e7\u00e3o e implementa\u00e7\u00e3o de planos de neg\u00f3cios.<\/p><div><div id=\"div_ce0052a7-2814-4984-8441-9c0c057166e0\"><div id=\"MSOZoneCell_WebPartctl00_ctl42_g_ce0052a7_2814_4984_8441_9c0c057166e0\"><div id=\"WebPartctl00_ctl42_g_ce0052a7_2814_4984_8441_9c0c057166e0\"><div id=\"ctl00_ctl42_g_ce0052a7_2814_4984_8441_9c0c057166e0\"><h3><strong>Coordenador<\/strong><\/h3><div>Prof.\u00aa Maria Aparecida Cardozo<\/div><div>\u00a0<\/div><div>Mestrado em Contabilidade pela Universidade Federal de Santa Catarina \u2013 UFSC (2012), especializa\u00e7\u00e3o em Contabilidade Gerencial (UNISUL), especializa\u00e7\u00e3o em Metodologia do Ensino Superior pela Faculdade Capivari (FUCAP) e gradua\u00e7\u00e3o em Ci\u00eancias Cont\u00e1beis pela Universidade do Sul de Santa Catarina \u2013 UNISUL. Atua na \u00e1rea do Ensino nos cursos de Ci\u00eancias Cont\u00e1beis e Administra\u00e7\u00e3o na Faculdade Capivari \u2013 FUCAP como Coordenadora do Curso de Ci\u00eancias Cont\u00e1beis e professora de gradua\u00e7\u00e3o e p\u00f3s gradua\u00e7\u00e3o das disciplinas de Matem\u00e1tica Financeira, Semin\u00e1rio de Contabilidade Aplicada, Teoria da Contabilidade, Auditoria I, Est\u00e1gio e TCC I e Est\u00e1gio e TCC II; Contabilidade B\u00e1sica (ADM-EaD), Auditoria Operacional e Controle, auditoria e governan\u00e7a nas organiza\u00e7\u00f5es. Tem experi\u00eancia em coordena\u00e7\u00e3o de curso e nas \u00e1reas de Contabilidade com \u00eanfase em Controle, Auditoria, Matem\u00e1tica Financeira e Conhecimentos Banc\u00e1rios. Participou do N\u00facleo de Pesquisa em Governan\u00e7a nas Organiza\u00e7\u00f5es \u2013 NPGO \u2013 UFSC. Membro da Comiss\u00e3o de Relacionamento do CRCSC com as IES do Estado de Santa Catarina. \u00c1rea de interesse: EDUCA\u00c7\u00c3O: Ensino e pesquisa em Contabilidade. CONTABILIDADE: auditoria e governan\u00e7a nas organiza\u00e7\u00f5es.<\/div><\/div><\/div><\/div><\/div><\/div>\t\t\t\t\t\t\t\t<\/div>\n\t\t\t\t<\/div>\n\t\t\t\t\t<\/div>\n\t\t<\/div>\n\t\t\t\t<div class=\"elementor-column elementor-col-50 elementor-top-column elementor-element elementor-element-2d2fcce\" data-id=\"2d2fcce\" data-element_type=\"column\" data-e-type=\"column\">\n\t\t\t<div class=\"elementor-widget-wrap elementor-element-populated\">\n\t\t\t\t\t\t<div class=\"elementor-element elementor-element-3f04aaf elementor-widget-divider--view-line elementor-widget elementor-widget-divider\" data-id=\"3f04aaf\" data-element_type=\"widget\" data-e-type=\"widget\" data-widget_type=\"divider.default\">\n\t\t\t\t<div class=\"elementor-widget-container\">\n\t\t\t\t\t\t\t<div class=\"elementor-divider\">\n\t\t\t<span class=\"elementor-divider-separator\">\n\t\t\t\t\t\t<\/span>\n\t\t<\/div>\n\t\t\t\t\t\t<\/div>\n\t\t\t\t<\/div>\n\t\t\t\t<div class=\"elementor-element elementor-element-39453e7 elementor-widget__width-initial elementor-widget elementor-widget-image\" data-id=\"39453e7\" data-element_type=\"widget\" data-e-type=\"widget\" data-widget_type=\"image.default\">\n\t\t\t\t<div class=\"elementor-widget-container\">\n\t\t\t\t\t\t\t\t\t\t\t\t\t\t\t<img decoding=\"async\" src=\"https:\/\/univinte.edu.br\/portal\/wp-content\/uploads\/2025\/05\/Fotos-coordenadores-5.png\" title=\"Fotos coordenadores (5)\" alt=\"Fotos coordenadores (5)\" loading=\"lazy\" \/>\t\t\t\t\t\t\t\t\t\t\t\t\t\t\t<\/div>\n\t\t\t\t<\/div>\n\t\t\t\t\t<\/div>\n\t\t<\/div>\n\t\t\t\t\t<\/div>\n\t\t<\/section>\n\t\t\t\t<section class=\"elementor-section elementor-top-section elementor-element elementor-element-48646d7 elementor-section-full_width elementor-section-height-min-height elementor-section-height-default elementor-section-items-middle\" data-id=\"48646d7\" data-element_type=\"section\" data-e-type=\"section\">\n\t\t\t\t\t\t<div class=\"elementor-container elementor-column-gap-default\">\n\t\t\t\t\t<div class=\"elementor-column elementor-col-100 elementor-top-column elementor-element elementor-element-131a7b4\" data-id=\"131a7b4\" data-element_type=\"column\" data-e-type=\"column\">\n\t\t\t<div class=\"elementor-widget-wrap elementor-element-populated\">\n\t\t\t\t\t\t<div class=\"elementor-element elementor-element-75fcc83 elementor-align-center elementor-widget elementor-widget-button\" data-id=\"75fcc83\" data-element_type=\"widget\" data-e-type=\"widget\" data-widget_type=\"button.default\">\n\t\t\t\t<div class=\"elementor-widget-container\">\n\t\t\t\t\t\t\t\t\t<div class=\"elementor-button-wrapper\">\n\t\t\t\t\t<a class=\"elementor-button elementor-button-link elementor-size-sm\" href=\"http:\/\/univinte.edu.br\/portal\/wp-content\/uploads\/2025\/08\/Curso-202-Grade-207-Ciencias-Contabeis-presencial.pdf\" target=\"_blank\">\n\t\t\t\t\t\t<span class=\"elementor-button-content-wrapper\">\n\t\t\t\t\t\t\t\t\t<span class=\"elementor-button-text\">Matriz Curricular<\/span>\n\t\t\t\t\t<\/span>\n\t\t\t\t\t<\/a>\n\t\t\t\t<\/div>\n\t\t\t\t\t\t\t\t<\/div>\n\t\t\t\t<\/div>\n\t\t\t\t<section class=\"elementor-section elementor-inner-section elementor-element elementor-element-a561fd2 elementor-section-boxed elementor-section-height-default elementor-section-height-default\" data-id=\"a561fd2\" data-element_type=\"section\" data-e-type=\"section\" data-settings=\"{&quot;background_background&quot;:&quot;classic&quot;}\">\n\t\t\t\t\t\t\t<div class=\"elementor-background-overlay\"><\/div>\n\t\t\t\t\t\t\t<div class=\"elementor-container elementor-column-gap-default\">\n\t\t\t\t\t<div class=\"elementor-column elementor-col-100 elementor-inner-column elementor-element elementor-element-7e0990f\" data-id=\"7e0990f\" data-element_type=\"column\" data-e-type=\"column\" data-settings=\"{&quot;background_background&quot;:&quot;classic&quot;}\">\n\t\t\t<div class=\"elementor-widget-wrap elementor-element-populated\">\n\t\t\t\t\t\t<div class=\"elementor-element elementor-element-43801a9 elementor-widget__width-initial elementor-widget elementor-widget-heading\" data-id=\"43801a9\" data-element_type=\"widget\" data-e-type=\"widget\" data-widget_type=\"heading.default\">\n\t\t\t\t<div class=\"elementor-widget-container\">\n\t\t\t\t\t<h3 class=\"elementor-heading-title elementor-size-default\"><br>Informa\u00e7\u00f5es do Curso e Coordena\u00e7\u00e3o<br><\/h3>\t\t\t\t<\/div>\n\t\t\t\t<\/div>\n\t\t\t\t<div class=\"elementor-element elementor-element-990ce69 elementor-widget elementor-widget-image\" data-id=\"990ce69\" data-element_type=\"widget\" data-e-type=\"widget\" data-widget_type=\"image.default\">\n\t\t\t\t<div class=\"elementor-widget-container\">\n\t\t\t\t\t\t\t\t\t\t\t\t\t\t\t<img fetchpriority=\"high\" decoding=\"async\" width=\"768\" height=\"123\" src=\"https:\/\/univinte.edu.br\/portal\/wp-content\/uploads\/2025\/03\/CIMA-PAGINA-SITE-POS-670-x-400-mm-58-768x123.png\" class=\"attachment-medium_large size-medium_large wp-image-15157\" alt=\"\" srcset=\"https:\/\/univinte.edu.br\/portal\/wp-content\/uploads\/2025\/03\/CIMA-PAGINA-SITE-POS-670-x-400-mm-58-768x123.png 768w, https:\/\/univinte.edu.br\/portal\/wp-content\/uploads\/2025\/03\/CIMA-PAGINA-SITE-POS-670-x-400-mm-58-300x48.png 300w, https:\/\/univinte.edu.br\/portal\/wp-content\/uploads\/2025\/03\/CIMA-PAGINA-SITE-POS-670-x-400-mm-58-1024x165.png 1024w, https:\/\/univinte.edu.br\/portal\/wp-content\/uploads\/2025\/03\/CIMA-PAGINA-SITE-POS-670-x-400-mm-58.png 1338w\" sizes=\"(max-width: 768px) 100vw, 768px\" \/>\t\t\t\t\t\t\t\t\t\t\t\t\t\t\t<\/div>\n\t\t\t\t<\/div>\n\t\t\t\t\t<\/div>\n\t\t<\/div>\n\t\t\t\t\t<\/div>\n\t\t<\/section>\n\t\t\t\t<div class=\"elementor-element elementor-element-5f1e27f elementor-widget elementor-widget-spacer\" data-id=\"5f1e27f\" data-element_type=\"widget\" data-e-type=\"widget\" data-widget_type=\"spacer.default\">\n\t\t\t\t<div class=\"elementor-widget-container\">\n\t\t\t\t\t\t\t<div class=\"elementor-spacer\">\n\t\t\t<div class=\"elementor-spacer-inner\"><\/div>\n\t\t<\/div>\n\t\t\t\t\t\t<\/div>\n\t\t\t\t<\/div>\n\t\t\t\t<section class=\"elementor-section elementor-inner-section elementor-element elementor-element-19bb88b elementor-section-boxed elementor-section-height-default elementor-section-height-default\" data-id=\"19bb88b\" data-element_type=\"section\" data-e-type=\"section\">\n\t\t\t\t\t\t<div class=\"elementor-container elementor-column-gap-default\">\n\t\t\t\t\t<div class=\"elementor-column elementor-col-100 elementor-inner-column elementor-element elementor-element-816b086\" data-id=\"816b086\" data-element_type=\"column\" data-e-type=\"column\" data-settings=\"{&quot;background_background&quot;:&quot;classic&quot;}\">\n\t\t\t<div class=\"elementor-widget-wrap elementor-element-populated\">\n\t\t\t\t\t\t<div class=\"elementor-element elementor-element-09a362e elementor-widget elementor-widget-heading\" data-id=\"09a362e\" data-element_type=\"widget\" data-e-type=\"widget\" data-widget_type=\"heading.default\">\n\t\t\t\t<div class=\"elementor-widget-container\">\n\t\t\t\t\t<h3 class=\"elementor-heading-title elementor-size-default\"><br>Investimento:<\/h3>\t\t\t\t<\/div>\n\t\t\t\t<\/div>\n\t\t\t\t<div class=\"elementor-element elementor-element-a21d4c4 elementor-widget elementor-widget-text-editor\" data-id=\"a21d4c4\" data-element_type=\"widget\" data-e-type=\"widget\" data-widget_type=\"text-editor.default\">\n\t\t\t\t<div class=\"elementor-widget-container\">\n\t\t\t\t\t\t\t\t\t<p>Consulte nossos valores.<\/p><p><br \/><br \/><\/p>\t\t\t\t\t\t\t\t<\/div>\n\t\t\t\t<\/div>\n\t\t\t\t\t<\/div>\n\t\t<\/div>\n\t\t\t\t\t<\/div>\n\t\t<\/section>\n\t\t\t\t\t<\/div>\n\t\t<\/div>\n\t\t\t\t\t<\/div>\n\t\t<\/section>\n\t\t\t\t<section class=\"elementor-section elementor-top-section elementor-element elementor-element-070f3ca elementor-section-full_width elementor-section-height-default elementor-section-height-default\" data-id=\"070f3ca\" data-element_type=\"section\" data-e-type=\"section\">\n\t\t\t\t\t\t<div class=\"elementor-container elementor-column-gap-default\">\n\t\t\t\t\t<div class=\"elementor-column elementor-col-100 elementor-top-column elementor-element elementor-element-9c5f0e0\" data-id=\"9c5f0e0\" data-element_type=\"column\" data-e-type=\"column\">\n\t\t\t<div class=\"elementor-widget-wrap elementor-element-populated\">\n\t\t\t\t\t\t<section class=\"elementor-section elementor-inner-section elementor-element elementor-element-593e31f elementor-section-boxed elementor-section-height-default elementor-section-height-default\" data-id=\"593e31f\" data-element_type=\"section\" data-e-type=\"section\" data-settings=\"{&quot;background_background&quot;:&quot;classic&quot;}\">\n\t\t\t\t\t\t\t<div class=\"elementor-background-overlay\"><\/div>\n\t\t\t\t\t\t\t<div class=\"elementor-container elementor-column-gap-default\">\n\t\t\t\t\t<div class=\"elementor-column elementor-col-100 elementor-inner-column elementor-element elementor-element-7f7acd6\" data-id=\"7f7acd6\" data-element_type=\"column\" data-e-type=\"column\" data-settings=\"{&quot;background_background&quot;:&quot;classic&quot;}\">\n\t\t\t<div class=\"elementor-widget-wrap elementor-element-populated\">\n\t\t\t\t\t\t<div class=\"elementor-element elementor-element-2d62cc5 elementor-widget__width-initial elementor-widget elementor-widget-heading\" data-id=\"2d62cc5\" data-element_type=\"widget\" data-e-type=\"widget\" data-widget_type=\"heading.default\">\n\t\t\t\t<div class=\"elementor-widget-container\">\n\t\t\t\t\t<h3 class=\"elementor-heading-title elementor-size-default\"><br>Forma de Ingresso e Documentos para a Matr\u00edcula:<br><\/h3>\t\t\t\t<\/div>\n\t\t\t\t<\/div>\n\t\t\t\t<div class=\"elementor-element elementor-element-19dce25 elementor-widget__width-initial elementor-widget elementor-widget-image\" data-id=\"19dce25\" data-element_type=\"widget\" data-e-type=\"widget\" data-widget_type=\"image.default\">\n\t\t\t\t<div class=\"elementor-widget-container\">\n\t\t\t\t\t\t\t\t\t\t\t\t\t\t\t<img decoding=\"async\" width=\"1024\" height=\"266\" src=\"https:\/\/univinte.edu.br\/portal\/wp-content\/uploads\/2025\/02\/CIMA-PAGINA-SITE-POS-670-x-400-mm5-1024x266.png\" class=\"attachment-large size-large wp-image-14889\" alt=\"\" srcset=\"https:\/\/univinte.edu.br\/portal\/wp-content\/uploads\/2025\/02\/CIMA-PAGINA-SITE-POS-670-x-400-mm5-1024x266.png 1024w, https:\/\/univinte.edu.br\/portal\/wp-content\/uploads\/2025\/02\/CIMA-PAGINA-SITE-POS-670-x-400-mm5-300x78.png 300w, https:\/\/univinte.edu.br\/portal\/wp-content\/uploads\/2025\/02\/CIMA-PAGINA-SITE-POS-670-x-400-mm5-768x200.png 768w, https:\/\/univinte.edu.br\/portal\/wp-content\/uploads\/2025\/02\/CIMA-PAGINA-SITE-POS-670-x-400-mm5-1536x399.png 1536w, https:\/\/univinte.edu.br\/portal\/wp-content\/uploads\/2025\/02\/CIMA-PAGINA-SITE-POS-670-x-400-mm5.png 1874w\" sizes=\"(max-width: 1024px) 100vw, 1024px\" \/>\t\t\t\t\t\t\t\t\t\t\t\t\t\t\t<\/div>\n\t\t\t\t<\/div>\n\t\t\t\t\t<\/div>\n\t\t<\/div>\n\t\t\t\t\t<\/div>\n\t\t<\/section>\n\t\t\t\t\t<\/div>\n\t\t<\/div>\n\t\t\t\t\t<\/div>\n\t\t<\/section>\n\t\t\t\t<\/div>\n\t\t","protected":false},"excerpt":{"rendered":"<p>Gradua\u00e7\u00e3o Ci\u00eancias Cont\u00e1beis O objetivo do curso de Ci\u00eancias Cont\u00e1beis da Univinte \u00e9 formar profissionais competentes e capazes de atender a demanda de um mercado em constante mudan\u00e7a a partir de uma vis\u00e3o sist\u00eamica, global e din\u00e2mica do patrim\u00f4nio e suas altera\u00e7\u00f5es considerando a elabora\u00e7\u00e3o, a mensura\u00e7\u00e3o, o registro, a divulga\u00e7\u00e3o das informa\u00e7\u00f5es patrimoniais, econ\u00f4micas [&hellip;]<\/p>\n","protected":false},"author":2,"featured_media":0,"parent":0,"menu_order":0,"comment_status":"closed","ping_status":"closed","template":"","meta":{"site-sidebar-layout":"no-sidebar","site-content-layout":"page-builder","ast-site-content-layout":"full-width-container","site-content-style":"unboxed","site-sidebar-style":"unboxed","ast-global-header-display":"","ast-banner-title-visibility":"","ast-main-header-display":"","ast-hfb-above-header-display":"","ast-hfb-below-header-display":"","ast-hfb-mobile-header-display":"","site-post-title":"","ast-breadcrumbs-content":"","ast-featured-img":"disabled","footer-sml-layout":"","ast-disable-related-posts":"","theme-transparent-header-meta":"","adv-header-id-meta":"","stick-header-meta":"","header-above-stick-meta":"","header-main-stick-meta":"","header-below-stick-meta":"","astra-migrate-meta-layouts":"set","ast-page-background-enabled":"default","ast-page-background-meta":{"desktop":{"background-color":"var(--ast-global-color-4)","background-image":"","background-repeat":"repeat","background-position":"center center","background-size":"auto","background-attachment":"scroll","background-type":"","background-media":"","overlay-type":"","overlay-color":"","overlay-opacity":"","overlay-gradient":""},"tablet":{"background-color":"","background-image":"","background-repeat":"repeat","background-position":"center center","background-size":"auto","background-attachment":"scroll","background-type":"","background-media":"","overlay-type":"","overlay-color":"","overlay-opacity":"","overlay-gradient":""},"mobile":{"background-color":"","background-image":"","background-repeat":"repeat","background-position":"center center","background-size":"auto","background-attachment":"scroll","background-type":"","background-media":"","overlay-type":"","overlay-color":"","overlay-opacity":"","overlay-gradient":""}},"ast-content-background-meta":{"desktop":{"background-color":"var(--ast-global-color-5)","background-image":"","background-repeat":"repeat","background-position":"center center","background-size":"auto","background-attachment":"scroll","background-type":"","background-media":"","overlay-type":"","overlay-color":"","overlay-opacity":"","overlay-gradient":""},"tablet":{"background-color":"var(--ast-global-color-5)","background-image":"","background-repeat":"repeat","background-position":"center center","background-size":"auto","background-attachment":"scroll","background-type":"","background-media":"","overlay-type":"","overlay-color":"","overlay-opacity":"","overlay-gradient":""},"mobile":{"background-color":"var(--ast-global-color-5)","background-image":"","background-repeat":"repeat","background-position":"center center","background-size":"auto","background-attachment":"scroll","background-type":"","background-media":"","overlay-type":"","overlay-color":"","overlay-opacity":"","overlay-gradient":""}},"footnotes":""},"class_list":["post-15212","page","type-page","status-publish","hentry"],"rttpg_featured_image_url":null,"rttpg_author":{"display_name":"Katruy Assun\u00e7\u00e3o","author_link":"https:\/\/univinte.edu.br\/portal\/author\/katruy\/"},"rttpg_comment":0,"rttpg_category":null,"rttpg_excerpt":"Gradua\u00e7\u00e3o Ci\u00eancias Cont\u00e1beis O objetivo do curso de Ci\u00eancias Cont\u00e1beis da Univinte \u00e9 formar profissionais competentes e capazes de atender a demanda de um mercado em constante mudan\u00e7a a partir de uma vis\u00e3o sist\u00eamica, global e din\u00e2mica do patrim\u00f4nio e suas altera\u00e7\u00f5es considerando a elabora\u00e7\u00e3o, a mensura\u00e7\u00e3o, o registro, a divulga\u00e7\u00e3o das informa\u00e7\u00f5es patrimoniais, econ\u00f4micas&hellip;","_links":{"self":[{"href":"https:\/\/univinte.edu.br\/portal\/wp-json\/wp\/v2\/pages\/15212","targetHints":{"allow":["GET"]}}],"collection":[{"href":"https:\/\/univinte.edu.br\/portal\/wp-json\/wp\/v2\/pages"}],"about":[{"href":"https:\/\/univinte.edu.br\/portal\/wp-json\/wp\/v2\/types\/page"}],"author":[{"embeddable":true,"href":"https:\/\/univinte.edu.br\/portal\/wp-json\/wp\/v2\/users\/2"}],"replies":[{"embeddable":true,"href":"https:\/\/univinte.edu.br\/portal\/wp-json\/wp\/v2\/comments?post=15212"}],"version-history":[{"count":26,"href":"https:\/\/univinte.edu.br\/portal\/wp-json\/wp\/v2\/pages\/15212\/revisions"}],"predecessor-version":[{"id":17364,"href":"https:\/\/univinte.edu.br\/portal\/wp-json\/wp\/v2\/pages\/15212\/revisions\/17364"}],"wp:attachment":[{"href":"https:\/\/univinte.edu.br\/portal\/wp-json\/wp\/v2\/media?parent=15212"}],"curies":[{"name":"wp","href":"https:\/\/api.w.org\/{rel}","templated":true}]}}