{"id":15273,"date":"2025-04-17T15:19:02","date_gmt":"2025-04-17T18:19:02","guid":{"rendered":"https:\/\/univinte.edu.br\/portal\/?page_id=15273"},"modified":"2025-11-13T13:26:19","modified_gmt":"2025-11-13T16:26:19","slug":"licenciatura-educacao-fisica-2025","status":"publish","type":"page","link":"https:\/\/univinte.edu.br\/portal\/licenciatura-educacao-fisica-2025\/","title":{"rendered":"Licenciatura Educa\u00e7\u00e3o F\u00edsica-2025"},"content":{"rendered":"\t\t<div data-elementor-type=\"wp-page\" data-elementor-id=\"15273\" class=\"elementor elementor-15273\">\n\t\t\t\t\t\t<section class=\"elementor-section elementor-top-section elementor-element elementor-element-25b5531 elementor-section-boxed elementor-section-height-default elementor-section-height-default\" data-id=\"25b5531\" data-element_type=\"section\" data-e-type=\"section\" data-settings=\"{&quot;background_background&quot;:&quot;slideshow&quot;,&quot;background_slideshow_gallery&quot;:[{&quot;id&quot;:15684,&quot;url&quot;:&quot;http:\\\/\\\/univinte.edu.br\\\/portal\\\/wp-content\\\/uploads\\\/2025\\\/04\\\/licenciatura-edfs-1.png&quot;}],&quot;background_slideshow_loop&quot;:&quot;yes&quot;,&quot;background_slideshow_slide_duration&quot;:5000,&quot;background_slideshow_slide_transition&quot;:&quot;fade&quot;,&quot;background_slideshow_transition_duration&quot;:500}\">\n\t\t\t\t\t\t<div class=\"elementor-container elementor-column-gap-custom\">\n\t\t\t\t\t<div class=\"elementor-column elementor-col-100 elementor-top-column elementor-element elementor-element-6062f3f\" data-id=\"6062f3f\" data-element_type=\"column\" data-e-type=\"column\">\n\t\t\t<div class=\"elementor-widget-wrap elementor-element-populated\">\n\t\t\t\t\t\t<div class=\"elementor-element elementor-element-40777c0 elementor-widget elementor-widget-heading\" data-id=\"40777c0\" data-element_type=\"widget\" data-e-type=\"widget\" data-widget_type=\"heading.default\">\n\t\t\t\t<div class=\"elementor-widget-container\">\n\t\t\t\t\t<h2 class=\"elementor-heading-title elementor-size-default\">Gradua\u00e7\u00e3o<\/h2>\t\t\t\t<\/div>\n\t\t\t\t<\/div>\n\t\t\t\t<div class=\"elementor-element elementor-element-d791b4d elementor-widget elementor-widget-heading\" data-id=\"d791b4d\" data-element_type=\"widget\" data-e-type=\"widget\" data-widget_type=\"heading.default\">\n\t\t\t\t<div class=\"elementor-widget-container\">\n\t\t\t\t\t<h2 class=\"elementor-heading-title elementor-size-default\">Educa\u00e7\u00e3o F\u00edsica<\/h2>\t\t\t\t<\/div>\n\t\t\t\t<\/div>\n\t\t\t\t<div class=\"elementor-element elementor-element-02c508e elementor-widget__width-initial elementor-widget elementor-widget-heading\" data-id=\"02c508e\" data-element_type=\"widget\" data-e-type=\"widget\" data-widget_type=\"heading.default\">\n\t\t\t\t<div class=\"elementor-widget-container\">\n\t\t\t\t\t<h2 class=\"elementor-heading-title elementor-size-default\">Formar profissionais dedicados, respons\u00e1veis e de confian\u00e7a, com qualifica\u00e7\u00e3o para interven\u00e7\u00e3o profissional em treinamento esportivo, orienta\u00e7\u00e3o de atividades f\u00edsicas, prepara\u00e7\u00e3o f\u00edsica, recrea\u00e7\u00e3o, lazer, cultura em atividades f\u00edsicas, avalia\u00e7\u00e3o f\u00edsica, postural e funcional, gest\u00e3o relacionada com a \u00e1rea de Educa\u00e7\u00e3o F\u00edsica, al\u00e9m de outros campos relacionados \u00e0s pr\u00e1tica de atividades f\u00edsicas, recreativas e esportivas, considerando a transforma\u00e7\u00e3o da realidade em benef\u00edcio da sociedade local e regional e aptos a incorporar em sua forma\u00e7\u00e3o e atua\u00e7\u00e3o profissional as pr\u00e1ticas emergentes de seu campo de trabalho.<\/h2>\t\t\t\t<\/div>\n\t\t\t\t<\/div>\n\t\t\t\t<div class=\"elementor-element elementor-element-8013ed1 elementor-widget__width-initial elementor-widget elementor-widget-spacer\" data-id=\"8013ed1\" data-element_type=\"widget\" data-e-type=\"widget\" data-widget_type=\"spacer.default\">\n\t\t\t\t<div class=\"elementor-widget-container\">\n\t\t\t\t\t\t\t<div class=\"elementor-spacer\">\n\t\t\t<div class=\"elementor-spacer-inner\"><\/div>\n\t\t<\/div>\n\t\t\t\t\t\t<\/div>\n\t\t\t\t<\/div>\n\t\t\t\t<div class=\"elementor-element elementor-element-7e545ec elementor-widget__width-initial elementor-widget elementor-widget-image\" data-id=\"7e545ec\" data-element_type=\"widget\" data-e-type=\"widget\" data-widget_type=\"image.default\">\n\t\t\t\t<div class=\"elementor-widget-container\">\n\t\t\t\t\t\t\t\t\t\t\t\t\t\t\t<img decoding=\"async\" width=\"504\" height=\"87\" src=\"https:\/\/univinte.edu.br\/portal\/wp-content\/uploads\/2025\/04\/CIMA-PAGINA-SITE-POS-670-x-400-mm-68.png\" class=\"attachment-full size-full wp-image-15679\" alt=\"\" srcset=\"https:\/\/univinte.edu.br\/portal\/wp-content\/uploads\/2025\/04\/CIMA-PAGINA-SITE-POS-670-x-400-mm-68.png 504w, https:\/\/univinte.edu.br\/portal\/wp-content\/uploads\/2025\/04\/CIMA-PAGINA-SITE-POS-670-x-400-mm-68-300x52.png 300w\" sizes=\"(max-width: 504px) 100vw, 504px\" \/>\t\t\t\t\t\t\t\t\t\t\t\t\t\t\t<\/div>\n\t\t\t\t<\/div>\n\t\t\t\t<div class=\"elementor-element elementor-element-f4e3888 elementor-widget elementor-widget-button\" data-id=\"f4e3888\" data-element_type=\"widget\" data-e-type=\"widget\" data-widget_type=\"button.default\">\n\t\t\t\t<div class=\"elementor-widget-container\">\n\t\t\t\t\t\t\t\t\t<div class=\"elementor-button-wrapper\">\n\t\t\t\t\t<a class=\"elementor-button elementor-button-link elementor-size-sm\" href=\"https:\/\/seletivo.univinte.edu.br\/\">\n\t\t\t\t\t\t<span class=\"elementor-button-content-wrapper\">\n\t\t\t\t\t\t\t\t\t<span class=\"elementor-button-text\">TENHO INTERESSE<\/span>\n\t\t\t\t\t<\/span>\n\t\t\t\t\t<\/a>\n\t\t\t\t<\/div>\n\t\t\t\t\t\t\t\t<\/div>\n\t\t\t\t<\/div>\n\t\t\t\t\t<\/div>\n\t\t<\/div>\n\t\t\t\t\t<\/div>\n\t\t<\/section>\n\t\t\t\t<section class=\"elementor-section elementor-top-section elementor-element elementor-element-596767d elementor-section-full_width elementor-section-height-min-height elementor-section-height-default elementor-section-items-middle\" data-id=\"596767d\" data-element_type=\"section\" data-e-type=\"section\">\n\t\t\t\t\t\t<div class=\"elementor-container elementor-column-gap-default\">\n\t\t\t\t\t<div class=\"elementor-column elementor-col-50 elementor-top-column elementor-element elementor-element-b0fa650\" data-id=\"b0fa650\" data-element_type=\"column\" data-e-type=\"column\" data-settings=\"{&quot;background_background&quot;:&quot;classic&quot;}\">\n\t\t\t<div class=\"elementor-widget-wrap elementor-element-populated\">\n\t\t\t\t\t\t<div class=\"elementor-element elementor-element-15b5790 elementor-widget elementor-widget-text-editor\" data-id=\"15b5790\" data-element_type=\"widget\" data-e-type=\"widget\" data-widget_type=\"text-editor.default\">\n\t\t\t\t<div class=\"elementor-widget-container\">\n\t\t\t\t\t\t\t\t\t<h3><strong>Perfil do\u00a0profissional<\/strong><\/h3><p>O perfil do egresso do curso enseja profissionais dedicados, respons\u00e1veis e de confian\u00e7a, com qualifica\u00e7\u00e3o para interven\u00e7\u00e3o profissional em treinamento esportivo, orienta\u00e7\u00e3o de atividades f\u00edsicas, prepara\u00e7\u00e3o f\u00edsica, recrea\u00e7\u00e3o, lazer, cultura em atividades f\u00edsicas, avalia\u00e7\u00e3o f\u00edsica, postural e funcional, gest\u00e3o relacionada com a \u00e1rea de Educa\u00e7\u00e3o F\u00edsica, al\u00e9m de outros campos relacionados \u00e0s pr\u00e1tica de atividades f\u00edsicas, recreativas e esportivas, considerando a transforma\u00e7\u00e3o da realidade em benef\u00edcio da sociedade local e regional e aptos a incorporar em sua forma\u00e7\u00e3o e atua\u00e7\u00e3o profissional as pr\u00e1ticas emergentes de seu campo de trabalho.<\/p><h3><strong>Campo de atua\u00e7\u00e3o do profissional<\/strong><\/h3><p>O campo de atua\u00e7\u00e3o do profissional de Educa\u00e7\u00e3o F\u00edsica, poder\u00e1 atuar em academias de muscula\u00e7\u00e3o, gin\u00e1stica, lutas, nata\u00e7\u00e3o, pilates\u00a0entre outras modalidades, t\u00e9cnico esportivo de escolinha de base at\u00e9 alto n\u00edvel, hospitais, hot\u00e9is, empresas com gin\u00e1stica laboral e exerc\u00edcios compensat\u00f3rios, programas para idosos, para pessoas com defici\u00eancia f\u00edsica, organiza\u00e7\u00e3o de eventos esportivos ou recreativos, clubes recreativos e esportivos, associa\u00e7\u00f5es classistas desportivas e no desporto comunit\u00e1rio. O campo \u00e9\u00a0amplo e pode se estender a consultorias, pesquisa e cursos de capacita\u00e7\u00e3o para o profissional de Educa\u00e7\u00e3o F\u00edsica.<\/p><h3><strong>Coordena\u00e7\u00e3o<\/strong><\/h3><div><b>Coordenador:<\/b>\u00a0Prof. Marcos Paulo Huber<\/div><p>Mestre em CI\u00caNCIAS DA SA\u00daDE pela Universidade do Sul de Santa Catarina (2012); especializa\u00e7\u00e3o em TREINAMENTO DESPORTIVO pela Universidade Gama Filho (2009); gradua\u00e7\u00e3o em EDUCA\u00c7\u00c3O F\u00cdSICA E ESPORTE pela Universidade do Sul de Santa Catarina (2007). Atualmente \u00e9 Coordenador e professor universit\u00e1rio do Centro Universit\u00e1rio Univinte com as disciplinas de AtletismoI e II. Atividade F\u00edsica e Sa\u00fade e Condicionamento F\u00edsico. Treinador n\u00edvel I \u2013 IAAF (Associa\u00e7\u00e3o Internacional da Federa\u00e7\u00f5es de Atletismo). Orientador de projetos de inicia\u00e7\u00e3o cient\u00edfica: Pesquisa Art 170 e 171, TCC, e extens\u00e3o Art 171.<\/p>\t\t\t\t\t\t\t\t<\/div>\n\t\t\t\t<\/div>\n\t\t\t\t\t<\/div>\n\t\t<\/div>\n\t\t\t\t<div class=\"elementor-column elementor-col-50 elementor-top-column elementor-element elementor-element-2d2fcce\" data-id=\"2d2fcce\" data-element_type=\"column\" data-e-type=\"column\">\n\t\t\t<div class=\"elementor-widget-wrap elementor-element-populated\">\n\t\t\t\t\t\t<div class=\"elementor-element elementor-element-3f04aaf elementor-widget-divider--view-line elementor-widget elementor-widget-divider\" data-id=\"3f04aaf\" data-element_type=\"widget\" data-e-type=\"widget\" data-widget_type=\"divider.default\">\n\t\t\t\t<div class=\"elementor-widget-container\">\n\t\t\t\t\t\t\t<div class=\"elementor-divider\">\n\t\t\t<span class=\"elementor-divider-separator\">\n\t\t\t\t\t\t<\/span>\n\t\t<\/div>\n\t\t\t\t\t\t<\/div>\n\t\t\t\t<\/div>\n\t\t\t\t<div class=\"elementor-element elementor-element-39453e7 elementor-widget__width-initial elementor-widget elementor-widget-image\" data-id=\"39453e7\" data-element_type=\"widget\" data-e-type=\"widget\" data-widget_type=\"image.default\">\n\t\t\t\t<div class=\"elementor-widget-container\">\n\t\t\t\t\t\t\t\t\t\t\t\t\t\t\t<img decoding=\"async\" src=\"https:\/\/univinte.edu.br\/portal\/wp-content\/uploads\/2025\/05\/Fotos-coordenadores-9.png\" title=\"Fotos coordenadores (9)\" alt=\"Fotos coordenadores (9)\" loading=\"lazy\" \/>\t\t\t\t\t\t\t\t\t\t\t\t\t\t\t<\/div>\n\t\t\t\t<\/div>\n\t\t\t\t\t<\/div>\n\t\t<\/div>\n\t\t\t\t\t<\/div>\n\t\t<\/section>\n\t\t\t\t<section class=\"elementor-section elementor-top-section elementor-element elementor-element-48646d7 elementor-section-full_width elementor-section-height-min-height elementor-section-height-default elementor-section-items-middle\" data-id=\"48646d7\" data-element_type=\"section\" data-e-type=\"section\">\n\t\t\t\t\t\t<div class=\"elementor-container elementor-column-gap-default\">\n\t\t\t\t\t<div class=\"elementor-column elementor-col-100 elementor-top-column elementor-element elementor-element-131a7b4\" data-id=\"131a7b4\" data-element_type=\"column\" data-e-type=\"column\">\n\t\t\t<div class=\"elementor-widget-wrap elementor-element-populated\">\n\t\t\t\t\t\t<div class=\"elementor-element elementor-element-75fcc83 elementor-align-center elementor-widget elementor-widget-button\" data-id=\"75fcc83\" data-element_type=\"widget\" data-e-type=\"widget\" data-widget_type=\"button.default\">\n\t\t\t\t<div class=\"elementor-widget-container\">\n\t\t\t\t\t\t\t\t\t<div class=\"elementor-button-wrapper\">\n\t\t\t\t\t<a class=\"elementor-button elementor-button-link elementor-size-sm\" href=\"http:\/\/univinte.edu.br\/portal\/wp-content\/uploads\/2025\/11\/Curso-740-Curso-de-Licenciatura-em-Educacao-Fisica-Presencial-Grade-3.pdf\" target=\"_blank\">\n\t\t\t\t\t\t<span class=\"elementor-button-content-wrapper\">\n\t\t\t\t\t\t\t\t\t<span class=\"elementor-button-text\">Matriz Curricular<\/span>\n\t\t\t\t\t<\/span>\n\t\t\t\t\t<\/a>\n\t\t\t\t<\/div>\n\t\t\t\t\t\t\t\t<\/div>\n\t\t\t\t<\/div>\n\t\t\t\t<section class=\"elementor-section elementor-inner-section elementor-element elementor-element-a561fd2 elementor-section-boxed elementor-section-height-default elementor-section-height-default\" data-id=\"a561fd2\" data-element_type=\"section\" data-e-type=\"section\" data-settings=\"{&quot;background_background&quot;:&quot;classic&quot;}\">\n\t\t\t\t\t\t\t<div class=\"elementor-background-overlay\"><\/div>\n\t\t\t\t\t\t\t<div class=\"elementor-container elementor-column-gap-default\">\n\t\t\t\t\t<div class=\"elementor-column elementor-col-100 elementor-inner-column elementor-element elementor-element-7e0990f\" data-id=\"7e0990f\" data-element_type=\"column\" data-e-type=\"column\" data-settings=\"{&quot;background_background&quot;:&quot;classic&quot;}\">\n\t\t\t<div class=\"elementor-widget-wrap elementor-element-populated\">\n\t\t\t\t\t\t<div class=\"elementor-element elementor-element-43801a9 elementor-widget__width-initial elementor-widget elementor-widget-heading\" data-id=\"43801a9\" data-element_type=\"widget\" data-e-type=\"widget\" data-widget_type=\"heading.default\">\n\t\t\t\t<div class=\"elementor-widget-container\">\n\t\t\t\t\t<h3 class=\"elementor-heading-title elementor-size-default\"><br>Informa\u00e7\u00f5es do Curso e Coordena\u00e7\u00e3o<br><\/h3>\t\t\t\t<\/div>\n\t\t\t\t<\/div>\n\t\t\t\t<div class=\"elementor-element elementor-element-990ce69 elementor-widget elementor-widget-image\" data-id=\"990ce69\" data-element_type=\"widget\" data-e-type=\"widget\" data-widget_type=\"image.default\">\n\t\t\t\t<div class=\"elementor-widget-container\">\n\t\t\t\t\t\t\t\t\t\t\t\t\t\t\t<img fetchpriority=\"high\" decoding=\"async\" width=\"768\" height=\"123\" src=\"https:\/\/univinte.edu.br\/portal\/wp-content\/uploads\/2025\/02\/CIMA-PAGINA-SITE-POS-670-x-400-mm4-768x123.png\" class=\"attachment-medium_large size-medium_large wp-image-14880\" alt=\"\" srcset=\"https:\/\/univinte.edu.br\/portal\/wp-content\/uploads\/2025\/02\/CIMA-PAGINA-SITE-POS-670-x-400-mm4-768x123.png 768w, https:\/\/univinte.edu.br\/portal\/wp-content\/uploads\/2025\/02\/CIMA-PAGINA-SITE-POS-670-x-400-mm4-300x48.png 300w, https:\/\/univinte.edu.br\/portal\/wp-content\/uploads\/2025\/02\/CIMA-PAGINA-SITE-POS-670-x-400-mm4-1024x165.png 1024w, https:\/\/univinte.edu.br\/portal\/wp-content\/uploads\/2025\/02\/CIMA-PAGINA-SITE-POS-670-x-400-mm4.png 1338w\" sizes=\"(max-width: 768px) 100vw, 768px\" \/>\t\t\t\t\t\t\t\t\t\t\t\t\t\t\t<\/div>\n\t\t\t\t<\/div>\n\t\t\t\t\t<\/div>\n\t\t<\/div>\n\t\t\t\t\t<\/div>\n\t\t<\/section>\n\t\t\t\t<div class=\"elementor-element elementor-element-166a501 elementor-widget elementor-widget-spacer\" data-id=\"166a501\" data-element_type=\"widget\" data-e-type=\"widget\" data-widget_type=\"spacer.default\">\n\t\t\t\t<div class=\"elementor-widget-container\">\n\t\t\t\t\t\t\t<div class=\"elementor-spacer\">\n\t\t\t<div class=\"elementor-spacer-inner\"><\/div>\n\t\t<\/div>\n\t\t\t\t\t\t<\/div>\n\t\t\t\t<\/div>\n\t\t\t\t<section class=\"elementor-section elementor-inner-section elementor-element elementor-element-19bb88b elementor-section-boxed elementor-section-height-default elementor-section-height-default\" data-id=\"19bb88b\" data-element_type=\"section\" data-e-type=\"section\">\n\t\t\t\t\t\t<div class=\"elementor-container elementor-column-gap-default\">\n\t\t\t\t\t<div class=\"elementor-column elementor-col-100 elementor-inner-column elementor-element elementor-element-816b086\" data-id=\"816b086\" data-element_type=\"column\" data-e-type=\"column\" data-settings=\"{&quot;background_background&quot;:&quot;classic&quot;}\">\n\t\t\t<div class=\"elementor-widget-wrap elementor-element-populated\">\n\t\t\t\t\t\t<div class=\"elementor-element elementor-element-09a362e elementor-widget elementor-widget-heading\" data-id=\"09a362e\" data-element_type=\"widget\" data-e-type=\"widget\" data-widget_type=\"heading.default\">\n\t\t\t\t<div class=\"elementor-widget-container\">\n\t\t\t\t\t<h3 class=\"elementor-heading-title elementor-size-default\"><br>Investimento:<\/h3>\t\t\t\t<\/div>\n\t\t\t\t<\/div>\n\t\t\t\t<div class=\"elementor-element elementor-element-a21d4c4 elementor-widget elementor-widget-text-editor\" data-id=\"a21d4c4\" data-element_type=\"widget\" data-e-type=\"widget\" data-widget_type=\"text-editor.default\">\n\t\t\t\t<div class=\"elementor-widget-container\">\n\t\t\t\t\t\t\t\t\t<p>Consulte nossos valores.<\/p><p><br \/><br \/><\/p>\t\t\t\t\t\t\t\t<\/div>\n\t\t\t\t<\/div>\n\t\t\t\t\t<\/div>\n\t\t<\/div>\n\t\t\t\t\t<\/div>\n\t\t<\/section>\n\t\t\t\t\t<\/div>\n\t\t<\/div>\n\t\t\t\t\t<\/div>\n\t\t<\/section>\n\t\t\t\t<section class=\"elementor-section elementor-top-section elementor-element elementor-element-070f3ca elementor-section-full_width elementor-section-height-default elementor-section-height-default\" data-id=\"070f3ca\" data-element_type=\"section\" data-e-type=\"section\">\n\t\t\t\t\t\t<div class=\"elementor-container elementor-column-gap-default\">\n\t\t\t\t\t<div class=\"elementor-column elementor-col-100 elementor-top-column elementor-element elementor-element-9c5f0e0\" data-id=\"9c5f0e0\" data-element_type=\"column\" data-e-type=\"column\">\n\t\t\t<div class=\"elementor-widget-wrap elementor-element-populated\">\n\t\t\t\t\t\t<section class=\"elementor-section elementor-inner-section elementor-element elementor-element-593e31f elementor-section-boxed elementor-section-height-default elementor-section-height-default\" data-id=\"593e31f\" data-element_type=\"section\" data-e-type=\"section\" data-settings=\"{&quot;background_background&quot;:&quot;classic&quot;}\">\n\t\t\t\t\t\t\t<div class=\"elementor-background-overlay\"><\/div>\n\t\t\t\t\t\t\t<div class=\"elementor-container elementor-column-gap-default\">\n\t\t\t\t\t<div class=\"elementor-column elementor-col-100 elementor-inner-column elementor-element elementor-element-7f7acd6\" data-id=\"7f7acd6\" data-element_type=\"column\" data-e-type=\"column\" data-settings=\"{&quot;background_background&quot;:&quot;classic&quot;}\">\n\t\t\t<div class=\"elementor-widget-wrap elementor-element-populated\">\n\t\t\t\t\t\t<div class=\"elementor-element elementor-element-2d62cc5 elementor-widget__width-initial elementor-widget elementor-widget-heading\" data-id=\"2d62cc5\" data-element_type=\"widget\" data-e-type=\"widget\" data-widget_type=\"heading.default\">\n\t\t\t\t<div class=\"elementor-widget-container\">\n\t\t\t\t\t<h3 class=\"elementor-heading-title elementor-size-default\"><br>Forma de Ingresso e Documentos para a Matr\u00edcula:<br><\/h3>\t\t\t\t<\/div>\n\t\t\t\t<\/div>\n\t\t\t\t<div class=\"elementor-element elementor-element-19dce25 elementor-widget__width-initial elementor-widget elementor-widget-image\" data-id=\"19dce25\" data-element_type=\"widget\" data-e-type=\"widget\" data-widget_type=\"image.default\">\n\t\t\t\t<div class=\"elementor-widget-container\">\n\t\t\t\t\t\t\t\t\t\t\t\t\t\t\t<img decoding=\"async\" width=\"1024\" height=\"266\" src=\"https:\/\/univinte.edu.br\/portal\/wp-content\/uploads\/2025\/02\/CIMA-PAGINA-SITE-POS-670-x-400-mm5-1024x266.png\" class=\"attachment-large size-large wp-image-14889\" alt=\"\" srcset=\"https:\/\/univinte.edu.br\/portal\/wp-content\/uploads\/2025\/02\/CIMA-PAGINA-SITE-POS-670-x-400-mm5-1024x266.png 1024w, https:\/\/univinte.edu.br\/portal\/wp-content\/uploads\/2025\/02\/CIMA-PAGINA-SITE-POS-670-x-400-mm5-300x78.png 300w, https:\/\/univinte.edu.br\/portal\/wp-content\/uploads\/2025\/02\/CIMA-PAGINA-SITE-POS-670-x-400-mm5-768x200.png 768w, https:\/\/univinte.edu.br\/portal\/wp-content\/uploads\/2025\/02\/CIMA-PAGINA-SITE-POS-670-x-400-mm5-1536x399.png 1536w, https:\/\/univinte.edu.br\/portal\/wp-content\/uploads\/2025\/02\/CIMA-PAGINA-SITE-POS-670-x-400-mm5.png 1874w\" sizes=\"(max-width: 1024px) 100vw, 1024px\" \/>\t\t\t\t\t\t\t\t\t\t\t\t\t\t\t<\/div>\n\t\t\t\t<\/div>\n\t\t\t\t\t<\/div>\n\t\t<\/div>\n\t\t\t\t\t<\/div>\n\t\t<\/section>\n\t\t\t\t\t<\/div>\n\t\t<\/div>\n\t\t\t\t\t<\/div>\n\t\t<\/section>\n\t\t\t\t<\/div>\n\t\t","protected":false},"excerpt":{"rendered":"<p>Gradua\u00e7\u00e3o Educa\u00e7\u00e3o F\u00edsica Formar profissionais dedicados, respons\u00e1veis e de confian\u00e7a, com qualifica\u00e7\u00e3o para interven\u00e7\u00e3o profissional em treinamento esportivo, orienta\u00e7\u00e3o de atividades f\u00edsicas, prepara\u00e7\u00e3o f\u00edsica, recrea\u00e7\u00e3o, lazer, cultura em atividades f\u00edsicas, avalia\u00e7\u00e3o f\u00edsica, postural e funcional, gest\u00e3o relacionada com a \u00e1rea de Educa\u00e7\u00e3o F\u00edsica, al\u00e9m de outros campos relacionados \u00e0s pr\u00e1tica de atividades f\u00edsicas, recreativas e [&hellip;]<\/p>\n","protected":false},"author":2,"featured_media":0,"parent":0,"menu_order":0,"comment_status":"closed","ping_status":"closed","template":"","meta":{"site-sidebar-layout":"no-sidebar","site-content-layout":"page-builder","ast-site-content-layout":"full-width-container","site-content-style":"unboxed","site-sidebar-style":"unboxed","ast-global-header-display":"","ast-banner-title-visibility":"","ast-main-header-display":"","ast-hfb-above-header-display":"","ast-hfb-below-header-display":"","ast-hfb-mobile-header-display":"","site-post-title":"disabled","ast-breadcrumbs-content":"","ast-featured-img":"disabled","footer-sml-layout":"","ast-disable-related-posts":"","theme-transparent-header-meta":"","adv-header-id-meta":"","stick-header-meta":"","header-above-stick-meta":"","header-main-stick-meta":"","header-below-stick-meta":"","astra-migrate-meta-layouts":"set","ast-page-background-enabled":"default","ast-page-background-meta":{"desktop":{"background-color":"var(--ast-global-color-4)","background-image":"","background-repeat":"repeat","background-position":"center center","background-size":"auto","background-attachment":"scroll","background-type":"","background-media":"","overlay-type":"","overlay-color":"","overlay-opacity":"","overlay-gradient":""},"tablet":{"background-color":"","background-image":"","background-repeat":"repeat","background-position":"center center","background-size":"auto","background-attachment":"scroll","background-type":"","background-media":"","overlay-type":"","overlay-color":"","overlay-opacity":"","overlay-gradient":""},"mobile":{"background-color":"","background-image":"","background-repeat":"repeat","background-position":"center center","background-size":"auto","background-attachment":"scroll","background-type":"","background-media":"","overlay-type":"","overlay-color":"","overlay-opacity":"","overlay-gradient":""}},"ast-content-background-meta":{"desktop":{"background-color":"var(--ast-global-color-5)","background-image":"","background-repeat":"repeat","background-position":"center center","background-size":"auto","background-attachment":"scroll","background-type":"","background-media":"","overlay-type":"","overlay-color":"","overlay-opacity":"","overlay-gradient":""},"tablet":{"background-color":"var(--ast-global-color-5)","background-image":"","background-repeat":"repeat","background-position":"center center","background-size":"auto","background-attachment":"scroll","background-type":"","background-media":"","overlay-type":"","overlay-color":"","overlay-opacity":"","overlay-gradient":""},"mobile":{"background-color":"var(--ast-global-color-5)","background-image":"","background-repeat":"repeat","background-position":"center center","background-size":"auto","background-attachment":"scroll","background-type":"","background-media":"","overlay-type":"","overlay-color":"","overlay-opacity":"","overlay-gradient":""}},"footnotes":""},"class_list":["post-15273","page","type-page","status-publish","hentry"],"rttpg_featured_image_url":null,"rttpg_author":{"display_name":"Katruy Assun\u00e7\u00e3o","author_link":"https:\/\/univinte.edu.br\/portal\/author\/katruy\/"},"rttpg_comment":0,"rttpg_category":null,"rttpg_excerpt":"Gradua\u00e7\u00e3o Educa\u00e7\u00e3o F\u00edsica Formar profissionais dedicados, respons\u00e1veis e de confian\u00e7a, com qualifica\u00e7\u00e3o para interven\u00e7\u00e3o profissional em treinamento esportivo, orienta\u00e7\u00e3o de atividades f\u00edsicas, prepara\u00e7\u00e3o f\u00edsica, recrea\u00e7\u00e3o, lazer, cultura em atividades f\u00edsicas, avalia\u00e7\u00e3o f\u00edsica, postural e funcional, gest\u00e3o relacionada com a \u00e1rea de Educa\u00e7\u00e3o F\u00edsica, al\u00e9m de outros campos relacionados \u00e0s pr\u00e1tica de atividades f\u00edsicas, recreativas e&hellip;","_links":{"self":[{"href":"https:\/\/univinte.edu.br\/portal\/wp-json\/wp\/v2\/pages\/15273","targetHints":{"allow":["GET"]}}],"collection":[{"href":"https:\/\/univinte.edu.br\/portal\/wp-json\/wp\/v2\/pages"}],"about":[{"href":"https:\/\/univinte.edu.br\/portal\/wp-json\/wp\/v2\/types\/page"}],"author":[{"embeddable":true,"href":"https:\/\/univinte.edu.br\/portal\/wp-json\/wp\/v2\/users\/2"}],"replies":[{"embeddable":true,"href":"https:\/\/univinte.edu.br\/portal\/wp-json\/wp\/v2\/comments?post=15273"}],"version-history":[{"count":29,"href":"https:\/\/univinte.edu.br\/portal\/wp-json\/wp\/v2\/pages\/15273\/revisions"}],"predecessor-version":[{"id":17594,"href":"https:\/\/univinte.edu.br\/portal\/wp-json\/wp\/v2\/pages\/15273\/revisions\/17594"}],"wp:attachment":[{"href":"https:\/\/univinte.edu.br\/portal\/wp-json\/wp\/v2\/media?parent=15273"}],"curies":[{"name":"wp","href":"https:\/\/api.w.org\/{rel}","templated":true}]}}