{"id":15314,"date":"2025-04-22T15:43:23","date_gmt":"2025-04-22T18:43:23","guid":{"rendered":"https:\/\/univinte.edu.br\/portal\/?page_id=15314"},"modified":"2025-09-15T16:45:56","modified_gmt":"2025-09-15T19:45:56","slug":"enfermagem-2025","status":"publish","type":"page","link":"https:\/\/univinte.edu.br\/portal\/enfermagem-2025\/","title":{"rendered":"Enfermagem-2025"},"content":{"rendered":"\t\t<div data-elementor-type=\"wp-page\" data-elementor-id=\"15314\" class=\"elementor elementor-15314\">\n\t\t\t\t\t\t<section class=\"elementor-section elementor-top-section elementor-element elementor-element-25b5531 elementor-section-boxed elementor-section-height-default elementor-section-height-default\" data-id=\"25b5531\" data-element_type=\"section\" data-e-type=\"section\" data-settings=\"{&quot;background_background&quot;:&quot;slideshow&quot;,&quot;background_slideshow_gallery&quot;:[{&quot;id&quot;:15317,&quot;url&quot;:&quot;http:\\\/\\\/univinte.edu.br\\\/portal\\\/wp-content\\\/uploads\\\/2025\\\/04\\\/enfermagem.png&quot;}],&quot;background_slideshow_loop&quot;:&quot;yes&quot;,&quot;background_slideshow_slide_duration&quot;:5000,&quot;background_slideshow_slide_transition&quot;:&quot;fade&quot;,&quot;background_slideshow_transition_duration&quot;:500}\">\n\t\t\t\t\t\t<div class=\"elementor-container elementor-column-gap-custom\">\n\t\t\t\t\t<div class=\"elementor-column elementor-col-100 elementor-top-column elementor-element elementor-element-6062f3f\" data-id=\"6062f3f\" data-element_type=\"column\" data-e-type=\"column\">\n\t\t\t<div class=\"elementor-widget-wrap elementor-element-populated\">\n\t\t\t\t\t\t<div class=\"elementor-element elementor-element-40777c0 elementor-widget elementor-widget-heading\" data-id=\"40777c0\" data-element_type=\"widget\" data-e-type=\"widget\" data-widget_type=\"heading.default\">\n\t\t\t\t<div class=\"elementor-widget-container\">\n\t\t\t\t\t<h2 class=\"elementor-heading-title elementor-size-default\">Gradua\u00e7\u00e3o<\/h2>\t\t\t\t<\/div>\n\t\t\t\t<\/div>\n\t\t\t\t<div class=\"elementor-element elementor-element-d791b4d elementor-widget elementor-widget-heading\" data-id=\"d791b4d\" data-element_type=\"widget\" data-e-type=\"widget\" data-widget_type=\"heading.default\">\n\t\t\t\t<div class=\"elementor-widget-container\">\n\t\t\t\t\t<h2 class=\"elementor-heading-title elementor-size-default\">Enfermagem<\/h2>\t\t\t\t<\/div>\n\t\t\t\t<\/div>\n\t\t\t\t<div class=\"elementor-element elementor-element-02c508e elementor-widget__width-initial elementor-widget elementor-widget-heading\" data-id=\"02c508e\" data-element_type=\"widget\" data-e-type=\"widget\" data-widget_type=\"heading.default\">\n\t\t\t\t<div class=\"elementor-widget-container\">\n\t\t\t\t\t<h2 class=\"elementor-heading-title elementor-size-default\">O curso de Gradua\u00e7\u00e3o em Enfermagem do Centro Universit\u00e1rio Univinte tem como objetivo geral formar profissionais generalistas, humanistas, cr\u00edticos e reflexivos, capacitados para atuar com compet\u00eancia t\u00e9cnico-cient\u00edfica e \u00e9tica em diversos n\u00edveis de aten\u00e7\u00e3o \u00e0 sa\u00fade, promovendo o cuidado integral, equitativo e de qualidade. O egresso ser\u00e1 preparado para planejar, gerenciar, executar e avaliar a\u00e7\u00f5es de enfermagem e sa\u00fade, considerando as necessidades regionais e locais, especialmente da regi\u00e3o da AMUREL, e contribuindo para o fortalecimento do Sistema \u00danico de Sa\u00fade (SUS).<\/h2>\t\t\t\t<\/div>\n\t\t\t\t<\/div>\n\t\t\t\t<div class=\"elementor-element elementor-element-8013ed1 elementor-widget__width-initial elementor-widget elementor-widget-spacer\" data-id=\"8013ed1\" data-element_type=\"widget\" data-e-type=\"widget\" data-widget_type=\"spacer.default\">\n\t\t\t\t<div class=\"elementor-widget-container\">\n\t\t\t\t\t\t\t<div class=\"elementor-spacer\">\n\t\t\t<div class=\"elementor-spacer-inner\"><\/div>\n\t\t<\/div>\n\t\t\t\t\t\t<\/div>\n\t\t\t\t<\/div>\n\t\t\t\t<div class=\"elementor-element elementor-element-7e545ec elementor-widget__width-initial elementor-widget elementor-widget-image\" data-id=\"7e545ec\" data-element_type=\"widget\" data-e-type=\"widget\" data-widget_type=\"image.default\">\n\t\t\t\t<div class=\"elementor-widget-container\">\n\t\t\t\t\t\t\t\t\t\t\t\t\t\t\t<img decoding=\"async\" width=\"497\" height=\"87\" src=\"https:\/\/univinte.edu.br\/portal\/wp-content\/uploads\/2025\/02\/CIMA-PAGINA-SITE-POS-670-x-400-mm1.webp\" class=\"attachment-full size-full wp-image-14865\" alt=\"\" srcset=\"https:\/\/univinte.edu.br\/portal\/wp-content\/uploads\/2025\/02\/CIMA-PAGINA-SITE-POS-670-x-400-mm1.webp 497w, https:\/\/univinte.edu.br\/portal\/wp-content\/uploads\/2025\/02\/CIMA-PAGINA-SITE-POS-670-x-400-mm1-300x53.webp 300w\" sizes=\"(max-width: 497px) 100vw, 497px\" \/>\t\t\t\t\t\t\t\t\t\t\t\t\t\t\t<\/div>\n\t\t\t\t<\/div>\n\t\t\t\t<div class=\"elementor-element elementor-element-f4e3888 elementor-widget elementor-widget-button\" data-id=\"f4e3888\" data-element_type=\"widget\" data-e-type=\"widget\" data-widget_type=\"button.default\">\n\t\t\t\t<div class=\"elementor-widget-container\">\n\t\t\t\t\t\t\t\t\t<div class=\"elementor-button-wrapper\">\n\t\t\t\t\t<a class=\"elementor-button elementor-button-link elementor-size-sm\" href=\"https:\/\/seletivo.univinte.edu.br\/\">\n\t\t\t\t\t\t<span class=\"elementor-button-content-wrapper\">\n\t\t\t\t\t\t\t\t\t<span class=\"elementor-button-text\">TENHO INTERESSE<\/span>\n\t\t\t\t\t<\/span>\n\t\t\t\t\t<\/a>\n\t\t\t\t<\/div>\n\t\t\t\t\t\t\t\t<\/div>\n\t\t\t\t<\/div>\n\t\t\t\t\t<\/div>\n\t\t<\/div>\n\t\t\t\t\t<\/div>\n\t\t<\/section>\n\t\t\t\t<section class=\"elementor-section elementor-top-section elementor-element elementor-element-596767d elementor-section-full_width elementor-section-height-min-height elementor-section-height-default elementor-section-items-middle\" data-id=\"596767d\" data-element_type=\"section\" data-e-type=\"section\">\n\t\t\t\t\t\t<div class=\"elementor-container elementor-column-gap-default\">\n\t\t\t\t\t<div class=\"elementor-column elementor-col-50 elementor-top-column elementor-element elementor-element-b0fa650\" data-id=\"b0fa650\" data-element_type=\"column\" data-e-type=\"column\" data-settings=\"{&quot;background_background&quot;:&quot;classic&quot;}\">\n\t\t\t<div class=\"elementor-widget-wrap elementor-element-populated\">\n\t\t\t\t\t\t<div class=\"elementor-element elementor-element-15b5790 elementor-widget elementor-widget-text-editor\" data-id=\"15b5790\" data-element_type=\"widget\" data-e-type=\"widget\" data-widget_type=\"text-editor.default\">\n\t\t\t\t<div class=\"elementor-widget-container\">\n\t\t\t\t\t\t\t\t\t<h3><strong>Perfil do profissional<\/strong><\/h3>\n<p>O egresso do Curso de Gradua\u00e7\u00e3o em Enfermagem ser\u00e1 um profissional generalista, cr\u00edtico, reflexivo, humanista e t\u00e9cnico-cient\u00edfico, respons\u00e1vel, dedicado e de confian\u00e7a, capacitado para atuar em todos os n\u00edveis de aten\u00e7\u00e3o \u00e0 sa\u00fade, tanto no Sistema \u00danico de Sa\u00fade (SUS) quanto na sa\u00fade suplementar e privada. Ter\u00e1 um forte compromisso com as demandas regionais da regi\u00e3o carbon\u00edfera e pesqueira de Santa Catarina, compreendendo as especificidades locais e contribuindo para o aprimoramento dos servi\u00e7os de sa\u00fade.<\/p><p><strong style=\"color: rgb(58, 58, 58); font-size: 1.73333rem; font-style: inherit;\">Campo de atua\u00e7\u00e3o do profissional<\/strong><\/p>\n<p>O profissional em Enfermagem ser\u00e1 apto para atuar na assist\u00eancia, gest\u00e3o, auditoria, acredita\u00e7\u00e3o, consultoria e assessoria dos servi\u00e7os de sa\u00fade e de Enfermagem vinculados ao SUS e Sistema de Sa\u00fade Suplementar, podendo atuar em servi\u00e7os e \u00f3rg\u00e3os de institui\u00e7\u00f5es p\u00fablicas e privadas<\/p>\n<h3><strong>O coordenador(a):<\/strong><\/h3>\n<div><strong>Prof.\u00aa Cristiane Jeremias Martins Francisco, Esp.<\/strong><\/div>\n<div><strong>&nbsp;<\/strong><\/div>\n<div>&nbsp;A Prof.\u00aa Cristiane Jeremias Martins Francisco \u00e9 graduada em Enfermagem e Obstetr\u00edcia (1999) e especialista em Educa\u00e7\u00e3o Profissional na \u00c1rea da Sa\u00fade, Sala de Vacina, Sa\u00fade da Fam\u00edlia e Auriculoterapia, al\u00e9m de ser mestranda em Sa\u00fade P\u00fablica. Atualmente, atua como coordenadora do Curso de Enfermagem e professora dos cursos de Enfermagem e Farm\u00e1cia na Univinte Fucap, al\u00e9m de ser enfermeira concursada em Capivari de Baixo. Possui experi\u00eancia como coordenadora da Vigil\u00e2ncia Epidemiol\u00f3gica de Pescaria Brava e do Setor de Regula\u00e7\u00e3o \u2013 SISREG Capivari de Baixo, al\u00e9m de ter atuado em UTI e emerg\u00eancia no Hospital Nossa Senhora da Concei\u00e7\u00e3o.<\/div>\n<div>&nbsp;<\/div>\t\t\t\t\t\t\t\t<\/div>\n\t\t\t\t<\/div>\n\t\t\t\t\t<\/div>\n\t\t<\/div>\n\t\t\t\t<div class=\"elementor-column elementor-col-50 elementor-top-column elementor-element elementor-element-2d2fcce\" data-id=\"2d2fcce\" data-element_type=\"column\" data-e-type=\"column\">\n\t\t\t<div class=\"elementor-widget-wrap elementor-element-populated\">\n\t\t\t\t\t\t<div class=\"elementor-element elementor-element-3f04aaf elementor-widget-divider--view-line elementor-widget elementor-widget-divider\" data-id=\"3f04aaf\" data-element_type=\"widget\" data-e-type=\"widget\" data-widget_type=\"divider.default\">\n\t\t\t\t<div class=\"elementor-widget-container\">\n\t\t\t\t\t\t\t<div class=\"elementor-divider\">\n\t\t\t<span class=\"elementor-divider-separator\">\n\t\t\t\t\t\t<\/span>\n\t\t<\/div>\n\t\t\t\t\t\t<\/div>\n\t\t\t\t<\/div>\n\t\t\t\t<div class=\"elementor-element elementor-element-39453e7 elementor-widget__width-initial elementor-widget elementor-widget-image\" data-id=\"39453e7\" data-element_type=\"widget\" data-e-type=\"widget\" data-widget_type=\"image.default\">\n\t\t\t\t<div class=\"elementor-widget-container\">\n\t\t\t\t\t\t\t\t\t\t\t\t\t\t\t<img decoding=\"async\" src=\"https:\/\/univinte.edu.br\/portal\/wp-content\/uploads\/2025\/05\/Fotos-coordenadores-8.png\" title=\"Fotos coordenadores (8)\" alt=\"Fotos coordenadores (8)\" loading=\"lazy\" \/>\t\t\t\t\t\t\t\t\t\t\t\t\t\t\t<\/div>\n\t\t\t\t<\/div>\n\t\t\t\t\t<\/div>\n\t\t<\/div>\n\t\t\t\t\t<\/div>\n\t\t<\/section>\n\t\t\t\t<section class=\"elementor-section elementor-top-section elementor-element elementor-element-48646d7 elementor-section-full_width elementor-section-height-min-height elementor-section-height-default elementor-section-items-middle\" data-id=\"48646d7\" data-element_type=\"section\" data-e-type=\"section\">\n\t\t\t\t\t\t<div class=\"elementor-container elementor-column-gap-default\">\n\t\t\t\t\t<div class=\"elementor-column elementor-col-100 elementor-top-column elementor-element elementor-element-131a7b4\" data-id=\"131a7b4\" data-element_type=\"column\" data-e-type=\"column\">\n\t\t\t<div class=\"elementor-widget-wrap elementor-element-populated\">\n\t\t\t\t\t\t<div class=\"elementor-element elementor-element-75fcc83 elementor-align-center elementor-widget elementor-widget-button\" data-id=\"75fcc83\" data-element_type=\"widget\" data-e-type=\"widget\" data-widget_type=\"button.default\">\n\t\t\t\t<div class=\"elementor-widget-container\">\n\t\t\t\t\t\t\t\t\t<div class=\"elementor-button-wrapper\">\n\t\t\t\t\t<a class=\"elementor-button elementor-button-link elementor-size-sm\" href=\"http:\/\/univinte.edu.br\/portal\/wp-content\/uploads\/2025\/08\/Curso-770-Grade-2-Enfermagem-presencial.pdf\" target=\"_blank\">\n\t\t\t\t\t\t<span class=\"elementor-button-content-wrapper\">\n\t\t\t\t\t\t\t\t\t<span class=\"elementor-button-text\">Matriz Curricular<\/span>\n\t\t\t\t\t<\/span>\n\t\t\t\t\t<\/a>\n\t\t\t\t<\/div>\n\t\t\t\t\t\t\t\t<\/div>\n\t\t\t\t<\/div>\n\t\t\t\t<section class=\"elementor-section elementor-inner-section elementor-element elementor-element-a561fd2 elementor-section-boxed elementor-section-height-default elementor-section-height-default\" data-id=\"a561fd2\" data-element_type=\"section\" data-e-type=\"section\" data-settings=\"{&quot;background_background&quot;:&quot;classic&quot;}\">\n\t\t\t\t\t\t\t<div class=\"elementor-background-overlay\"><\/div>\n\t\t\t\t\t\t\t<div class=\"elementor-container elementor-column-gap-default\">\n\t\t\t\t\t<div class=\"elementor-column elementor-col-100 elementor-inner-column elementor-element elementor-element-7e0990f\" data-id=\"7e0990f\" data-element_type=\"column\" data-e-type=\"column\" data-settings=\"{&quot;background_background&quot;:&quot;classic&quot;}\">\n\t\t\t<div class=\"elementor-widget-wrap elementor-element-populated\">\n\t\t\t\t\t\t<div class=\"elementor-element elementor-element-43801a9 elementor-widget__width-initial elementor-widget elementor-widget-heading\" data-id=\"43801a9\" data-element_type=\"widget\" data-e-type=\"widget\" data-widget_type=\"heading.default\">\n\t\t\t\t<div class=\"elementor-widget-container\">\n\t\t\t\t\t<h3 class=\"elementor-heading-title elementor-size-default\"><br>Informa\u00e7\u00f5es do Curso e Coordena\u00e7\u00e3o<br><\/h3>\t\t\t\t<\/div>\n\t\t\t\t<\/div>\n\t\t\t\t<div class=\"elementor-element elementor-element-990ce69 elementor-widget elementor-widget-image\" data-id=\"990ce69\" data-element_type=\"widget\" data-e-type=\"widget\" data-widget_type=\"image.default\">\n\t\t\t\t<div class=\"elementor-widget-container\">\n\t\t\t\t\t\t\t\t\t\t\t\t\t\t\t<img fetchpriority=\"high\" decoding=\"async\" width=\"768\" height=\"123\" src=\"https:\/\/univinte.edu.br\/portal\/wp-content\/uploads\/2025\/03\/CIMA-PAGINA-SITE-POS-670-x-400-mm-55-768x123.png\" class=\"attachment-medium_large size-medium_large wp-image-15111\" alt=\"\" srcset=\"https:\/\/univinte.edu.br\/portal\/wp-content\/uploads\/2025\/03\/CIMA-PAGINA-SITE-POS-670-x-400-mm-55-768x123.png 768w, https:\/\/univinte.edu.br\/portal\/wp-content\/uploads\/2025\/03\/CIMA-PAGINA-SITE-POS-670-x-400-mm-55-300x48.png 300w, https:\/\/univinte.edu.br\/portal\/wp-content\/uploads\/2025\/03\/CIMA-PAGINA-SITE-POS-670-x-400-mm-55-1024x165.png 1024w, https:\/\/univinte.edu.br\/portal\/wp-content\/uploads\/2025\/03\/CIMA-PAGINA-SITE-POS-670-x-400-mm-55.png 1338w\" sizes=\"(max-width: 768px) 100vw, 768px\" \/>\t\t\t\t\t\t\t\t\t\t\t\t\t\t\t<\/div>\n\t\t\t\t<\/div>\n\t\t\t\t\t<\/div>\n\t\t<\/div>\n\t\t\t\t\t<\/div>\n\t\t<\/section>\n\t\t\t\t<div class=\"elementor-element elementor-element-b3af1d1 elementor-widget elementor-widget-spacer\" data-id=\"b3af1d1\" data-element_type=\"widget\" data-e-type=\"widget\" data-widget_type=\"spacer.default\">\n\t\t\t\t<div class=\"elementor-widget-container\">\n\t\t\t\t\t\t\t<div class=\"elementor-spacer\">\n\t\t\t<div class=\"elementor-spacer-inner\"><\/div>\n\t\t<\/div>\n\t\t\t\t\t\t<\/div>\n\t\t\t\t<\/div>\n\t\t\t\t<section class=\"elementor-section elementor-inner-section elementor-element elementor-element-19bb88b elementor-section-boxed elementor-section-height-default elementor-section-height-default\" data-id=\"19bb88b\" data-element_type=\"section\" data-e-type=\"section\">\n\t\t\t\t\t\t<div class=\"elementor-container elementor-column-gap-default\">\n\t\t\t\t\t<div class=\"elementor-column elementor-col-100 elementor-inner-column elementor-element elementor-element-816b086\" data-id=\"816b086\" data-element_type=\"column\" data-e-type=\"column\" data-settings=\"{&quot;background_background&quot;:&quot;classic&quot;}\">\n\t\t\t<div class=\"elementor-widget-wrap elementor-element-populated\">\n\t\t\t\t\t\t<div class=\"elementor-element elementor-element-09a362e elementor-widget elementor-widget-heading\" data-id=\"09a362e\" data-element_type=\"widget\" data-e-type=\"widget\" data-widget_type=\"heading.default\">\n\t\t\t\t<div class=\"elementor-widget-container\">\n\t\t\t\t\t<h3 class=\"elementor-heading-title elementor-size-default\"><br>Investimento:<\/h3>\t\t\t\t<\/div>\n\t\t\t\t<\/div>\n\t\t\t\t<div class=\"elementor-element elementor-element-a21d4c4 elementor-widget elementor-widget-text-editor\" data-id=\"a21d4c4\" data-element_type=\"widget\" data-e-type=\"widget\" data-widget_type=\"text-editor.default\">\n\t\t\t\t<div class=\"elementor-widget-container\">\n\t\t\t\t\t\t\t\t\t<p>Consulte nossos valores.<\/p>\t\t\t\t\t\t\t\t<\/div>\n\t\t\t\t<\/div>\n\t\t\t\t\t<\/div>\n\t\t<\/div>\n\t\t\t\t\t<\/div>\n\t\t<\/section>\n\t\t\t\t\t<\/div>\n\t\t<\/div>\n\t\t\t\t\t<\/div>\n\t\t<\/section>\n\t\t\t\t<section class=\"elementor-section elementor-top-section elementor-element elementor-element-070f3ca elementor-section-full_width elementor-section-height-default elementor-section-height-default\" data-id=\"070f3ca\" data-element_type=\"section\" data-e-type=\"section\">\n\t\t\t\t\t\t<div class=\"elementor-container elementor-column-gap-default\">\n\t\t\t\t\t<div class=\"elementor-column elementor-col-100 elementor-top-column elementor-element elementor-element-9c5f0e0\" data-id=\"9c5f0e0\" data-element_type=\"column\" data-e-type=\"column\">\n\t\t\t<div class=\"elementor-widget-wrap elementor-element-populated\">\n\t\t\t\t\t\t<section class=\"elementor-section elementor-inner-section elementor-element elementor-element-593e31f elementor-section-boxed elementor-section-height-default elementor-section-height-default\" data-id=\"593e31f\" data-element_type=\"section\" data-e-type=\"section\" data-settings=\"{&quot;background_background&quot;:&quot;classic&quot;}\">\n\t\t\t\t\t\t\t<div class=\"elementor-background-overlay\"><\/div>\n\t\t\t\t\t\t\t<div class=\"elementor-container elementor-column-gap-default\">\n\t\t\t\t\t<div class=\"elementor-column elementor-col-100 elementor-inner-column elementor-element elementor-element-7f7acd6\" data-id=\"7f7acd6\" data-element_type=\"column\" data-e-type=\"column\" data-settings=\"{&quot;background_background&quot;:&quot;classic&quot;}\">\n\t\t\t<div class=\"elementor-widget-wrap elementor-element-populated\">\n\t\t\t\t\t\t<div class=\"elementor-element elementor-element-2d62cc5 elementor-widget__width-initial elementor-widget elementor-widget-heading\" data-id=\"2d62cc5\" data-element_type=\"widget\" data-e-type=\"widget\" data-widget_type=\"heading.default\">\n\t\t\t\t<div class=\"elementor-widget-container\">\n\t\t\t\t\t<h3 class=\"elementor-heading-title elementor-size-default\"><br>Forma de Ingresso e Documentos para a Matr\u00edcula:<br><\/h3>\t\t\t\t<\/div>\n\t\t\t\t<\/div>\n\t\t\t\t<div class=\"elementor-element elementor-element-19dce25 elementor-widget__width-initial elementor-widget elementor-widget-image\" data-id=\"19dce25\" data-element_type=\"widget\" data-e-type=\"widget\" data-widget_type=\"image.default\">\n\t\t\t\t<div class=\"elementor-widget-container\">\n\t\t\t\t\t\t\t\t\t\t\t\t\t\t\t<img decoding=\"async\" width=\"1024\" height=\"266\" src=\"https:\/\/univinte.edu.br\/portal\/wp-content\/uploads\/2025\/02\/CIMA-PAGINA-SITE-POS-670-x-400-mm5-1024x266.png\" class=\"attachment-large size-large wp-image-14889\" alt=\"\" srcset=\"https:\/\/univinte.edu.br\/portal\/wp-content\/uploads\/2025\/02\/CIMA-PAGINA-SITE-POS-670-x-400-mm5-1024x266.png 1024w, https:\/\/univinte.edu.br\/portal\/wp-content\/uploads\/2025\/02\/CIMA-PAGINA-SITE-POS-670-x-400-mm5-300x78.png 300w, https:\/\/univinte.edu.br\/portal\/wp-content\/uploads\/2025\/02\/CIMA-PAGINA-SITE-POS-670-x-400-mm5-768x200.png 768w, https:\/\/univinte.edu.br\/portal\/wp-content\/uploads\/2025\/02\/CIMA-PAGINA-SITE-POS-670-x-400-mm5-1536x399.png 1536w, https:\/\/univinte.edu.br\/portal\/wp-content\/uploads\/2025\/02\/CIMA-PAGINA-SITE-POS-670-x-400-mm5.png 1874w\" sizes=\"(max-width: 1024px) 100vw, 1024px\" \/>\t\t\t\t\t\t\t\t\t\t\t\t\t\t\t<\/div>\n\t\t\t\t<\/div>\n\t\t\t\t\t<\/div>\n\t\t<\/div>\n\t\t\t\t\t<\/div>\n\t\t<\/section>\n\t\t\t\t\t<\/div>\n\t\t<\/div>\n\t\t\t\t\t<\/div>\n\t\t<\/section>\n\t\t\t\t<\/div>\n\t\t","protected":false},"excerpt":{"rendered":"<p>Gradua\u00e7\u00e3o Enfermagem O curso de Gradua\u00e7\u00e3o em Enfermagem do Centro Universit\u00e1rio Univinte tem como objetivo geral formar profissionais generalistas, humanistas, cr\u00edticos e reflexivos, capacitados para atuar com compet\u00eancia t\u00e9cnico-cient\u00edfica e \u00e9tica em diversos n\u00edveis de aten\u00e7\u00e3o \u00e0 sa\u00fade, promovendo o cuidado integral, equitativo e de qualidade. O egresso ser\u00e1 preparado para planejar, gerenciar, executar e [&hellip;]<\/p>\n","protected":false},"author":2,"featured_media":0,"parent":0,"menu_order":0,"comment_status":"closed","ping_status":"closed","template":"","meta":{"site-sidebar-layout":"no-sidebar","site-content-layout":"page-builder","ast-site-content-layout":"full-width-container","site-content-style":"unboxed","site-sidebar-style":"unboxed","ast-global-header-display":"","ast-banner-title-visibility":"","ast-main-header-display":"","ast-hfb-above-header-display":"","ast-hfb-below-header-display":"","ast-hfb-mobile-header-display":"","site-post-title":"disabled","ast-breadcrumbs-content":"","ast-featured-img":"disabled","footer-sml-layout":"","ast-disable-related-posts":"","theme-transparent-header-meta":"","adv-header-id-meta":"","stick-header-meta":"","header-above-stick-meta":"","header-main-stick-meta":"","header-below-stick-meta":"","astra-migrate-meta-layouts":"set","ast-page-background-enabled":"default","ast-page-background-meta":{"desktop":{"background-color":"var(--ast-global-color-4)","background-image":"","background-repeat":"repeat","background-position":"center center","background-size":"auto","background-attachment":"scroll","background-type":"","background-media":"","overlay-type":"","overlay-color":"","overlay-opacity":"","overlay-gradient":""},"tablet":{"background-color":"","background-image":"","background-repeat":"repeat","background-position":"center center","background-size":"auto","background-attachment":"scroll","background-type":"","background-media":"","overlay-type":"","overlay-color":"","overlay-opacity":"","overlay-gradient":""},"mobile":{"background-color":"","background-image":"","background-repeat":"repeat","background-position":"center center","background-size":"auto","background-attachment":"scroll","background-type":"","background-media":"","overlay-type":"","overlay-color":"","overlay-opacity":"","overlay-gradient":""}},"ast-content-background-meta":{"desktop":{"background-color":"var(--ast-global-color-5)","background-image":"","background-repeat":"repeat","background-position":"center center","background-size":"auto","background-attachment":"scroll","background-type":"","background-media":"","overlay-type":"","overlay-color":"","overlay-opacity":"","overlay-gradient":""},"tablet":{"background-color":"var(--ast-global-color-5)","background-image":"","background-repeat":"repeat","background-position":"center center","background-size":"auto","background-attachment":"scroll","background-type":"","background-media":"","overlay-type":"","overlay-color":"","overlay-opacity":"","overlay-gradient":""},"mobile":{"background-color":"var(--ast-global-color-5)","background-image":"","background-repeat":"repeat","background-position":"center center","background-size":"auto","background-attachment":"scroll","background-type":"","background-media":"","overlay-type":"","overlay-color":"","overlay-opacity":"","overlay-gradient":""}},"footnotes":""},"class_list":["post-15314","page","type-page","status-publish","hentry"],"rttpg_featured_image_url":null,"rttpg_author":{"display_name":"Katruy Assun\u00e7\u00e3o","author_link":"https:\/\/univinte.edu.br\/portal\/author\/katruy\/"},"rttpg_comment":0,"rttpg_category":null,"rttpg_excerpt":"Gradua\u00e7\u00e3o Enfermagem O curso de Gradua\u00e7\u00e3o em Enfermagem do Centro Universit\u00e1rio Univinte tem como objetivo geral formar profissionais generalistas, humanistas, cr\u00edticos e reflexivos, capacitados para atuar com compet\u00eancia t\u00e9cnico-cient\u00edfica e \u00e9tica em diversos n\u00edveis de aten\u00e7\u00e3o \u00e0 sa\u00fade, promovendo o cuidado integral, equitativo e de qualidade. O egresso ser\u00e1 preparado para planejar, gerenciar, executar e&hellip;","_links":{"self":[{"href":"https:\/\/univinte.edu.br\/portal\/wp-json\/wp\/v2\/pages\/15314","targetHints":{"allow":["GET"]}}],"collection":[{"href":"https:\/\/univinte.edu.br\/portal\/wp-json\/wp\/v2\/pages"}],"about":[{"href":"https:\/\/univinte.edu.br\/portal\/wp-json\/wp\/v2\/types\/page"}],"author":[{"embeddable":true,"href":"https:\/\/univinte.edu.br\/portal\/wp-json\/wp\/v2\/users\/2"}],"replies":[{"embeddable":true,"href":"https:\/\/univinte.edu.br\/portal\/wp-json\/wp\/v2\/comments?post=15314"}],"version-history":[{"count":26,"href":"https:\/\/univinte.edu.br\/portal\/wp-json\/wp\/v2\/pages\/15314\/revisions"}],"predecessor-version":[{"id":17388,"href":"https:\/\/univinte.edu.br\/portal\/wp-json\/wp\/v2\/pages\/15314\/revisions\/17388"}],"wp:attachment":[{"href":"https:\/\/univinte.edu.br\/portal\/wp-json\/wp\/v2\/media?parent=15314"}],"curies":[{"name":"wp","href":"https:\/\/api.w.org\/{rel}","templated":true}]}}