{"id":15498,"date":"2025-05-07T16:03:27","date_gmt":"2025-05-07T19:03:27","guid":{"rendered":"https:\/\/univinte.edu.br\/portal\/?page_id=15498"},"modified":"2025-09-15T16:55:22","modified_gmt":"2025-09-15T19:55:22","slug":"publicidade-e-propaganda-ead-2025","status":"publish","type":"page","link":"https:\/\/univinte.edu.br\/portal\/publicidade-e-propaganda-ead-2025\/","title":{"rendered":"Publicidade e Propaganda EAD- 2025"},"content":{"rendered":"\t\t<div data-elementor-type=\"wp-page\" data-elementor-id=\"15498\" class=\"elementor elementor-15498\">\n\t\t\t\t\t\t<section class=\"elementor-section elementor-top-section elementor-element elementor-element-25b5531 elementor-section-boxed elementor-section-height-default elementor-section-height-default\" data-id=\"25b5531\" data-element_type=\"section\" data-e-type=\"section\" data-settings=\"{&quot;background_background&quot;:&quot;slideshow&quot;,&quot;background_slideshow_gallery&quot;:[{&quot;id&quot;:15506,&quot;url&quot;:&quot;http:\\\/\\\/univinte.edu.br\\\/portal\\\/wp-content\\\/uploads\\\/2025\\\/04\\\/Eng.producao-6.png&quot;}],&quot;background_slideshow_loop&quot;:&quot;yes&quot;,&quot;background_slideshow_slide_duration&quot;:5000,&quot;background_slideshow_slide_transition&quot;:&quot;fade&quot;,&quot;background_slideshow_transition_duration&quot;:500}\">\n\t\t\t\t\t\t<div class=\"elementor-container elementor-column-gap-custom\">\n\t\t\t\t\t<div class=\"elementor-column elementor-col-100 elementor-top-column elementor-element elementor-element-6062f3f\" data-id=\"6062f3f\" data-element_type=\"column\" data-e-type=\"column\">\n\t\t\t<div class=\"elementor-widget-wrap elementor-element-populated\">\n\t\t\t\t\t\t<div class=\"elementor-element elementor-element-40777c0 elementor-widget elementor-widget-heading\" data-id=\"40777c0\" data-element_type=\"widget\" data-e-type=\"widget\" data-widget_type=\"heading.default\">\n\t\t\t\t<div class=\"elementor-widget-container\">\n\t\t\t\t\t<h2 class=\"elementor-heading-title elementor-size-default\">Gradua\u00e7\u00e3o<\/h2>\t\t\t\t<\/div>\n\t\t\t\t<\/div>\n\t\t\t\t<div class=\"elementor-element elementor-element-d791b4d elementor-widget elementor-widget-heading\" data-id=\"d791b4d\" data-element_type=\"widget\" data-e-type=\"widget\" data-widget_type=\"heading.default\">\n\t\t\t\t<div class=\"elementor-widget-container\">\n\t\t\t\t\t<h2 class=\"elementor-heading-title elementor-size-default\">Publicidade e Propaganda<\/h2>\t\t\t\t<\/div>\n\t\t\t\t<\/div>\n\t\t\t\t<div class=\"elementor-element elementor-element-02c508e elementor-widget__width-initial elementor-widget elementor-widget-heading\" data-id=\"02c508e\" data-element_type=\"widget\" data-e-type=\"widget\" data-widget_type=\"heading.default\">\n\t\t\t\t<div class=\"elementor-widget-container\">\n\t\t\t\t\t<h2 class=\"elementor-heading-title elementor-size-default\">O curso de Publicidade e Propaganda do Univinte tem como objetivo principal formar profissionais capacitados para atuar no mercado da comunica\u00e7\u00e3o, especificamente nas \u00e1reas de publicidade, propaganda e marketing. Durante a gradua\u00e7\u00e3o, os alunos s\u00e3o preparados para desenvolverem habilidades criativas, estrat\u00e9gicas e t\u00e9cnicas necess\u00e1rias para criar campanhas publicit\u00e1rias eficazes, planejar estrat\u00e9gias de comunica\u00e7\u00e3o, realizar pesquisas de mercado, gerenciar marcas e entender o comportamento do consumidor.\n\nAl\u00e9m disso, o curso busca proporcionar uma vis\u00e3o abrangente do mercado publicit\u00e1rio, incluindo aspectos \u00e9ticos, legais e socioecon\u00f4micos relacionados \u00e0 pr\u00e1tica profissional. Os estudantes tamb\u00e9m s\u00e3o incentivados a desenvolverem um pensamento cr\u00edtico e anal\u00edtico, essenciais para acompanhar as constantes mudan\u00e7as e inova\u00e7\u00f5es no campo da comunica\u00e7\u00e3o e da publicidade. Ao concluir a gradua\u00e7\u00e3o, os alunos estar\u00e3o aptos a trabalhar em ag\u00eancias de publicidade, departamentos de marketing de empresas, ve\u00edculos de comunica\u00e7\u00e3o, produtoras de conte\u00fado audiovisual, entre outras \u00e1reas relacionadas, contribuindo de forma criativa e estrat\u00e9gica para o sucesso das marcas e organiza\u00e7\u00f5es.<\/h2>\t\t\t\t<\/div>\n\t\t\t\t<\/div>\n\t\t\t\t<div class=\"elementor-element elementor-element-8013ed1 elementor-widget__width-initial elementor-widget elementor-widget-spacer\" data-id=\"8013ed1\" data-element_type=\"widget\" data-e-type=\"widget\" data-widget_type=\"spacer.default\">\n\t\t\t\t<div class=\"elementor-widget-container\">\n\t\t\t\t\t\t\t<div class=\"elementor-spacer\">\n\t\t\t<div class=\"elementor-spacer-inner\"><\/div>\n\t\t<\/div>\n\t\t\t\t\t\t<\/div>\n\t\t\t\t<\/div>\n\t\t\t\t<div class=\"elementor-element elementor-element-7e545ec elementor-widget__width-initial elementor-widget elementor-widget-image\" data-id=\"7e545ec\" data-element_type=\"widget\" data-e-type=\"widget\" data-widget_type=\"image.default\">\n\t\t\t\t<div class=\"elementor-widget-container\">\n\t\t\t\t\t\t\t\t\t\t\t\t\t\t\t<img decoding=\"async\" width=\"497\" height=\"87\" src=\"https:\/\/univinte.edu.br\/portal\/wp-content\/uploads\/2025\/04\/CIMA-PAGINA-SITE-POS-670-x-400-mm-67.png\" class=\"attachment-full size-full wp-image-15500\" alt=\"\" srcset=\"https:\/\/univinte.edu.br\/portal\/wp-content\/uploads\/2025\/04\/CIMA-PAGINA-SITE-POS-670-x-400-mm-67.png 497w, https:\/\/univinte.edu.br\/portal\/wp-content\/uploads\/2025\/04\/CIMA-PAGINA-SITE-POS-670-x-400-mm-67-300x53.png 300w\" sizes=\"(max-width: 497px) 100vw, 497px\" \/>\t\t\t\t\t\t\t\t\t\t\t\t\t\t\t<\/div>\n\t\t\t\t<\/div>\n\t\t\t\t<div class=\"elementor-element elementor-element-f4e3888 elementor-widget elementor-widget-button\" data-id=\"f4e3888\" data-element_type=\"widget\" data-e-type=\"widget\" data-widget_type=\"button.default\">\n\t\t\t\t<div class=\"elementor-widget-container\">\n\t\t\t\t\t\t\t\t\t<div class=\"elementor-button-wrapper\">\n\t\t\t\t\t<a class=\"elementor-button elementor-button-link elementor-size-sm\" href=\"https:\/\/seletivo.univinte.edu.br\/\">\n\t\t\t\t\t\t<span class=\"elementor-button-content-wrapper\">\n\t\t\t\t\t\t\t\t\t<span class=\"elementor-button-text\">TENHO INTERESSE<\/span>\n\t\t\t\t\t<\/span>\n\t\t\t\t\t<\/a>\n\t\t\t\t<\/div>\n\t\t\t\t\t\t\t\t<\/div>\n\t\t\t\t<\/div>\n\t\t\t\t\t<\/div>\n\t\t<\/div>\n\t\t\t\t\t<\/div>\n\t\t<\/section>\n\t\t\t\t<section class=\"elementor-section elementor-top-section elementor-element elementor-element-596767d elementor-section-full_width elementor-section-height-min-height elementor-section-height-default elementor-section-items-middle\" data-id=\"596767d\" data-element_type=\"section\" data-e-type=\"section\">\n\t\t\t\t\t\t<div class=\"elementor-container elementor-column-gap-default\">\n\t\t\t\t\t<div class=\"elementor-column elementor-col-50 elementor-top-column elementor-element elementor-element-b0fa650\" data-id=\"b0fa650\" data-element_type=\"column\" data-e-type=\"column\" data-settings=\"{&quot;background_background&quot;:&quot;classic&quot;}\">\n\t\t\t<div class=\"elementor-widget-wrap elementor-element-populated\">\n\t\t\t\t\t\t<div class=\"elementor-element elementor-element-15b5790 elementor-widget elementor-widget-text-editor\" data-id=\"15b5790\" data-element_type=\"widget\" data-e-type=\"widget\" data-widget_type=\"text-editor.default\">\n\t\t\t\t<div class=\"elementor-widget-container\">\n\t\t\t\t\t\t\t\t\t<h3><b>Perfil do profissional<\/b><\/h3><p>O profissional de Publicidade e Propaganda do Univinte \u00e9 anal\u00edtico, criativo, estrat\u00e9gico, t\u00e9cnico e \u00e9tico. Ele desenvolve conceitos inovadores, domina ferramentas de design e planeja campanhas eficazes. Analisa dados de mercado, comunica-se bem, respeita a \u00e9tica e adapta-se \u00e0s mudan\u00e7as. Tamb\u00e9m tem iniciativa empreendedora. Essas caracter\u00edsticas o capacitam para enfrentar desafios e aproveitar oportunidades no mercado.<\/p><h3><b>Coordenador(a)<\/b><\/h3><p>Katruy Onofre de Assun\u00e7\u00e3o Vicente, especialista.\u00a0<\/p><p>Web Designer; Curso de Como empreender (Sebrae); Treinamento e Desenvolvimento de Pessoas em Organiza\u00e7\u00f5es \u2013 Unisul 2020; Projeto Gr\u00e1fico e Design \u2013 Unisul 2020; Curso de Marketing na gest\u00e3o empresarial ; Curso de An\u00e1lise Swot; Diploma de Melhor desempenho no curso de Tecnologia em Marketing pela UNISUL; Curso de Data Science; P\u00f3s MBA Gest\u00e3o de Pessoas (Fucap); P\u00f3s MBA Gest\u00e3o de Projetos (Fucap); P\u00f3s MBA Marketing e Vendas (Fucap).<\/p>\t\t\t\t\t\t\t\t<\/div>\n\t\t\t\t<\/div>\n\t\t\t\t\t<\/div>\n\t\t<\/div>\n\t\t\t\t<div class=\"elementor-column elementor-col-50 elementor-top-column elementor-element elementor-element-2d2fcce\" data-id=\"2d2fcce\" data-element_type=\"column\" data-e-type=\"column\">\n\t\t\t<div class=\"elementor-widget-wrap elementor-element-populated\">\n\t\t\t\t\t\t<div class=\"elementor-element elementor-element-3f04aaf elementor-widget-divider--view-line elementor-widget elementor-widget-divider\" data-id=\"3f04aaf\" data-element_type=\"widget\" data-e-type=\"widget\" data-widget_type=\"divider.default\">\n\t\t\t\t<div class=\"elementor-widget-container\">\n\t\t\t\t\t\t\t<div class=\"elementor-divider\">\n\t\t\t<span class=\"elementor-divider-separator\">\n\t\t\t\t\t\t<\/span>\n\t\t<\/div>\n\t\t\t\t\t\t<\/div>\n\t\t\t\t<\/div>\n\t\t\t\t<div class=\"elementor-element elementor-element-39453e7 elementor-widget__width-initial elementor-widget elementor-widget-image\" data-id=\"39453e7\" data-element_type=\"widget\" data-e-type=\"widget\" data-widget_type=\"image.default\">\n\t\t\t\t<div class=\"elementor-widget-container\">\n\t\t\t\t\t\t\t\t\t\t\t\t\t\t\t<img decoding=\"async\" src=\"https:\/\/univinte.edu.br\/portal\/wp-content\/uploads\/2025\/05\/Publicidade-e-propaganda-1.png\" title=\"Publicidade e propaganda\" alt=\"Publicidade e propaganda\" loading=\"lazy\" \/>\t\t\t\t\t\t\t\t\t\t\t\t\t\t\t<\/div>\n\t\t\t\t<\/div>\n\t\t\t\t\t<\/div>\n\t\t<\/div>\n\t\t\t\t\t<\/div>\n\t\t<\/section>\n\t\t\t\t<section class=\"elementor-section elementor-top-section elementor-element elementor-element-48646d7 elementor-section-full_width elementor-section-height-min-height elementor-section-height-default elementor-section-items-middle\" data-id=\"48646d7\" data-element_type=\"section\" data-e-type=\"section\">\n\t\t\t\t\t\t<div class=\"elementor-container elementor-column-gap-default\">\n\t\t\t\t\t<div class=\"elementor-column elementor-col-100 elementor-top-column elementor-element elementor-element-131a7b4\" data-id=\"131a7b4\" data-element_type=\"column\" data-e-type=\"column\">\n\t\t\t<div class=\"elementor-widget-wrap elementor-element-populated\">\n\t\t\t\t\t\t<div class=\"elementor-element elementor-element-75fcc83 elementor-align-center elementor-widget elementor-widget-button\" data-id=\"75fcc83\" data-element_type=\"widget\" data-e-type=\"widget\" data-widget_type=\"button.default\">\n\t\t\t\t<div class=\"elementor-widget-container\">\n\t\t\t\t\t\t\t\t\t<div class=\"elementor-button-wrapper\">\n\t\t\t\t\t<a class=\"elementor-button elementor-button-link elementor-size-sm\" href=\"https:\/\/univinte.edu.br\/portal\/wp-content\/uploads\/2024\/04\/Curso-215-Grade-1-Publicidade-e-Propaganda-EaD.pdf\">\n\t\t\t\t\t\t<span class=\"elementor-button-content-wrapper\">\n\t\t\t\t\t\t\t\t\t<span class=\"elementor-button-text\">Matriz Curricular<\/span>\n\t\t\t\t\t<\/span>\n\t\t\t\t\t<\/a>\n\t\t\t\t<\/div>\n\t\t\t\t\t\t\t\t<\/div>\n\t\t\t\t<\/div>\n\t\t\t\t<section class=\"elementor-section elementor-inner-section elementor-element elementor-element-a561fd2 elementor-section-boxed elementor-section-height-default elementor-section-height-default\" data-id=\"a561fd2\" data-element_type=\"section\" data-e-type=\"section\" data-settings=\"{&quot;background_background&quot;:&quot;classic&quot;}\">\n\t\t\t\t\t\t\t<div class=\"elementor-background-overlay\"><\/div>\n\t\t\t\t\t\t\t<div class=\"elementor-container elementor-column-gap-default\">\n\t\t\t\t\t<div class=\"elementor-column elementor-col-100 elementor-inner-column elementor-element elementor-element-7e0990f\" data-id=\"7e0990f\" data-element_type=\"column\" data-e-type=\"column\" data-settings=\"{&quot;background_background&quot;:&quot;classic&quot;}\">\n\t\t\t<div class=\"elementor-widget-wrap elementor-element-populated\">\n\t\t\t\t\t\t<div class=\"elementor-element elementor-element-43801a9 elementor-widget__width-initial elementor-widget elementor-widget-heading\" data-id=\"43801a9\" data-element_type=\"widget\" data-e-type=\"widget\" data-widget_type=\"heading.default\">\n\t\t\t\t<div class=\"elementor-widget-container\">\n\t\t\t\t\t<h3 class=\"elementor-heading-title elementor-size-default\"><br>Informa\u00e7\u00f5es do Curso e Coordena\u00e7\u00e3o<br><\/h3>\t\t\t\t<\/div>\n\t\t\t\t<\/div>\n\t\t\t\t<div class=\"elementor-element elementor-element-990ce69 elementor-widget elementor-widget-image\" data-id=\"990ce69\" data-element_type=\"widget\" data-e-type=\"widget\" data-widget_type=\"image.default\">\n\t\t\t\t<div class=\"elementor-widget-container\">\n\t\t\t\t\t\t\t\t\t\t\t\t\t\t\t<img fetchpriority=\"high\" decoding=\"async\" width=\"768\" height=\"123\" src=\"https:\/\/univinte.edu.br\/portal\/wp-content\/uploads\/2025\/03\/CIMA-PAGINA-SITE-POS-670-x-400-mm-60-768x123.png\" class=\"attachment-medium_large size-medium_large wp-image-15161\" alt=\"\" srcset=\"https:\/\/univinte.edu.br\/portal\/wp-content\/uploads\/2025\/03\/CIMA-PAGINA-SITE-POS-670-x-400-mm-60-768x123.png 768w, https:\/\/univinte.edu.br\/portal\/wp-content\/uploads\/2025\/03\/CIMA-PAGINA-SITE-POS-670-x-400-mm-60-300x48.png 300w, https:\/\/univinte.edu.br\/portal\/wp-content\/uploads\/2025\/03\/CIMA-PAGINA-SITE-POS-670-x-400-mm-60-1024x165.png 1024w, https:\/\/univinte.edu.br\/portal\/wp-content\/uploads\/2025\/03\/CIMA-PAGINA-SITE-POS-670-x-400-mm-60.png 1338w\" sizes=\"(max-width: 768px) 100vw, 768px\" \/>\t\t\t\t\t\t\t\t\t\t\t\t\t\t\t<\/div>\n\t\t\t\t<\/div>\n\t\t\t\t\t<\/div>\n\t\t<\/div>\n\t\t\t\t\t<\/div>\n\t\t<\/section>\n\t\t\t\t<div class=\"elementor-element elementor-element-0c7da5f elementor-widget elementor-widget-spacer\" data-id=\"0c7da5f\" data-element_type=\"widget\" data-e-type=\"widget\" data-widget_type=\"spacer.default\">\n\t\t\t\t<div class=\"elementor-widget-container\">\n\t\t\t\t\t\t\t<div class=\"elementor-spacer\">\n\t\t\t<div class=\"elementor-spacer-inner\"><\/div>\n\t\t<\/div>\n\t\t\t\t\t\t<\/div>\n\t\t\t\t<\/div>\n\t\t\t\t<section class=\"elementor-section elementor-inner-section elementor-element elementor-element-19bb88b elementor-section-boxed elementor-section-height-default elementor-section-height-default\" data-id=\"19bb88b\" data-element_type=\"section\" data-e-type=\"section\">\n\t\t\t\t\t\t<div class=\"elementor-container elementor-column-gap-default\">\n\t\t\t\t\t<div class=\"elementor-column elementor-col-100 elementor-inner-column elementor-element elementor-element-816b086\" data-id=\"816b086\" data-element_type=\"column\" data-e-type=\"column\" data-settings=\"{&quot;background_background&quot;:&quot;classic&quot;}\">\n\t\t\t<div class=\"elementor-widget-wrap elementor-element-populated\">\n\t\t\t\t\t\t<div class=\"elementor-element elementor-element-09a362e elementor-widget elementor-widget-heading\" data-id=\"09a362e\" data-element_type=\"widget\" data-e-type=\"widget\" data-widget_type=\"heading.default\">\n\t\t\t\t<div class=\"elementor-widget-container\">\n\t\t\t\t\t<h3 class=\"elementor-heading-title elementor-size-default\"><br>Investimento:<\/h3>\t\t\t\t<\/div>\n\t\t\t\t<\/div>\n\t\t\t\t<div class=\"elementor-element elementor-element-a21d4c4 elementor-widget elementor-widget-text-editor\" data-id=\"a21d4c4\" data-element_type=\"widget\" data-e-type=\"widget\" data-widget_type=\"text-editor.default\">\n\t\t\t\t<div class=\"elementor-widget-container\">\n\t\t\t\t\t\t\t\t\t<p>Consulte nossos valores.<\/p><p><br \/><br \/><\/p>\t\t\t\t\t\t\t\t<\/div>\n\t\t\t\t<\/div>\n\t\t\t\t\t<\/div>\n\t\t<\/div>\n\t\t\t\t\t<\/div>\n\t\t<\/section>\n\t\t\t\t\t<\/div>\n\t\t<\/div>\n\t\t\t\t\t<\/div>\n\t\t<\/section>\n\t\t\t\t<section class=\"elementor-section elementor-top-section elementor-element elementor-element-070f3ca elementor-section-full_width elementor-section-height-default elementor-section-height-default\" data-id=\"070f3ca\" data-element_type=\"section\" data-e-type=\"section\">\n\t\t\t\t\t\t<div class=\"elementor-container elementor-column-gap-default\">\n\t\t\t\t\t<div class=\"elementor-column elementor-col-100 elementor-top-column elementor-element elementor-element-9c5f0e0\" data-id=\"9c5f0e0\" data-element_type=\"column\" data-e-type=\"column\">\n\t\t\t<div class=\"elementor-widget-wrap elementor-element-populated\">\n\t\t\t\t\t\t<section class=\"elementor-section elementor-inner-section elementor-element elementor-element-593e31f elementor-section-boxed elementor-section-height-default elementor-section-height-default\" data-id=\"593e31f\" data-element_type=\"section\" data-e-type=\"section\" data-settings=\"{&quot;background_background&quot;:&quot;classic&quot;}\">\n\t\t\t\t\t\t\t<div class=\"elementor-background-overlay\"><\/div>\n\t\t\t\t\t\t\t<div class=\"elementor-container elementor-column-gap-default\">\n\t\t\t\t\t<div class=\"elementor-column elementor-col-100 elementor-inner-column elementor-element elementor-element-7f7acd6\" data-id=\"7f7acd6\" data-element_type=\"column\" data-e-type=\"column\" data-settings=\"{&quot;background_background&quot;:&quot;classic&quot;}\">\n\t\t\t<div class=\"elementor-widget-wrap elementor-element-populated\">\n\t\t\t\t\t\t<div class=\"elementor-element elementor-element-2d62cc5 elementor-widget__width-initial elementor-widget elementor-widget-heading\" data-id=\"2d62cc5\" data-element_type=\"widget\" data-e-type=\"widget\" data-widget_type=\"heading.default\">\n\t\t\t\t<div class=\"elementor-widget-container\">\n\t\t\t\t\t<h3 class=\"elementor-heading-title elementor-size-default\"><br>Forma de Ingresso e Documentos para a Matr\u00edcula:<br><\/h3>\t\t\t\t<\/div>\n\t\t\t\t<\/div>\n\t\t\t\t<div class=\"elementor-element elementor-element-19dce25 elementor-widget__width-initial elementor-widget elementor-widget-image\" data-id=\"19dce25\" data-element_type=\"widget\" data-e-type=\"widget\" data-widget_type=\"image.default\">\n\t\t\t\t<div class=\"elementor-widget-container\">\n\t\t\t\t\t\t\t\t\t\t\t\t\t\t\t<img decoding=\"async\" width=\"1024\" height=\"266\" src=\"https:\/\/univinte.edu.br\/portal\/wp-content\/uploads\/2025\/02\/CIMA-PAGINA-SITE-POS-670-x-400-mm5-1024x266.png\" class=\"attachment-large size-large wp-image-14889\" alt=\"\" srcset=\"https:\/\/univinte.edu.br\/portal\/wp-content\/uploads\/2025\/02\/CIMA-PAGINA-SITE-POS-670-x-400-mm5-1024x266.png 1024w, https:\/\/univinte.edu.br\/portal\/wp-content\/uploads\/2025\/02\/CIMA-PAGINA-SITE-POS-670-x-400-mm5-300x78.png 300w, https:\/\/univinte.edu.br\/portal\/wp-content\/uploads\/2025\/02\/CIMA-PAGINA-SITE-POS-670-x-400-mm5-768x200.png 768w, https:\/\/univinte.edu.br\/portal\/wp-content\/uploads\/2025\/02\/CIMA-PAGINA-SITE-POS-670-x-400-mm5-1536x399.png 1536w, https:\/\/univinte.edu.br\/portal\/wp-content\/uploads\/2025\/02\/CIMA-PAGINA-SITE-POS-670-x-400-mm5.png 1874w\" sizes=\"(max-width: 1024px) 100vw, 1024px\" \/>\t\t\t\t\t\t\t\t\t\t\t\t\t\t\t<\/div>\n\t\t\t\t<\/div>\n\t\t\t\t\t<\/div>\n\t\t<\/div>\n\t\t\t\t\t<\/div>\n\t\t<\/section>\n\t\t\t\t\t<\/div>\n\t\t<\/div>\n\t\t\t\t\t<\/div>\n\t\t<\/section>\n\t\t\t\t<\/div>\n\t\t","protected":false},"excerpt":{"rendered":"<p>Gradua\u00e7\u00e3o Publicidade e Propaganda O curso de Publicidade e Propaganda do Univinte tem como objetivo principal formar profissionais capacitados para atuar no mercado da comunica\u00e7\u00e3o, especificamente nas \u00e1reas de publicidade, propaganda e marketing. Durante a gradua\u00e7\u00e3o, os alunos s\u00e3o preparados para desenvolverem habilidades criativas, estrat\u00e9gicas e t\u00e9cnicas necess\u00e1rias para criar campanhas publicit\u00e1rias eficazes, planejar estrat\u00e9gias [&hellip;]<\/p>\n","protected":false},"author":2,"featured_media":0,"parent":0,"menu_order":0,"comment_status":"closed","ping_status":"closed","template":"","meta":{"site-sidebar-layout":"no-sidebar","site-content-layout":"page-builder","ast-site-content-layout":"full-width-container","site-content-style":"unboxed","site-sidebar-style":"unboxed","ast-global-header-display":"","ast-banner-title-visibility":"","ast-main-header-display":"","ast-hfb-above-header-display":"","ast-hfb-below-header-display":"","ast-hfb-mobile-header-display":"","site-post-title":"disabled","ast-breadcrumbs-content":"","ast-featured-img":"disabled","footer-sml-layout":"","ast-disable-related-posts":"","theme-transparent-header-meta":"","adv-header-id-meta":"","stick-header-meta":"","header-above-stick-meta":"","header-main-stick-meta":"","header-below-stick-meta":"","astra-migrate-meta-layouts":"set","ast-page-background-enabled":"default","ast-page-background-meta":{"desktop":{"background-color":"var(--ast-global-color-4)","background-image":"","background-repeat":"repeat","background-position":"center center","background-size":"auto","background-attachment":"scroll","background-type":"","background-media":"","overlay-type":"","overlay-color":"","overlay-opacity":"","overlay-gradient":""},"tablet":{"background-color":"","background-image":"","background-repeat":"repeat","background-position":"center center","background-size":"auto","background-attachment":"scroll","background-type":"","background-media":"","overlay-type":"","overlay-color":"","overlay-opacity":"","overlay-gradient":""},"mobile":{"background-color":"","background-image":"","background-repeat":"repeat","background-position":"center center","background-size":"auto","background-attachment":"scroll","background-type":"","background-media":"","overlay-type":"","overlay-color":"","overlay-opacity":"","overlay-gradient":""}},"ast-content-background-meta":{"desktop":{"background-color":"var(--ast-global-color-5)","background-image":"","background-repeat":"repeat","background-position":"center center","background-size":"auto","background-attachment":"scroll","background-type":"","background-media":"","overlay-type":"","overlay-color":"","overlay-opacity":"","overlay-gradient":""},"tablet":{"background-color":"var(--ast-global-color-5)","background-image":"","background-repeat":"repeat","background-position":"center center","background-size":"auto","background-attachment":"scroll","background-type":"","background-media":"","overlay-type":"","overlay-color":"","overlay-opacity":"","overlay-gradient":""},"mobile":{"background-color":"var(--ast-global-color-5)","background-image":"","background-repeat":"repeat","background-position":"center center","background-size":"auto","background-attachment":"scroll","background-type":"","background-media":"","overlay-type":"","overlay-color":"","overlay-opacity":"","overlay-gradient":""}},"footnotes":""},"class_list":["post-15498","page","type-page","status-publish","hentry"],"rttpg_featured_image_url":null,"rttpg_author":{"display_name":"Katruy Assun\u00e7\u00e3o","author_link":"https:\/\/univinte.edu.br\/portal\/author\/katruy\/"},"rttpg_comment":0,"rttpg_category":null,"rttpg_excerpt":"Gradua\u00e7\u00e3o Publicidade e Propaganda O curso de Publicidade e Propaganda do Univinte tem como objetivo principal formar profissionais capacitados para atuar no mercado da comunica\u00e7\u00e3o, especificamente nas \u00e1reas de publicidade, propaganda e marketing. Durante a gradua\u00e7\u00e3o, os alunos s\u00e3o preparados para desenvolverem habilidades criativas, estrat\u00e9gicas e t\u00e9cnicas necess\u00e1rias para criar campanhas publicit\u00e1rias eficazes, planejar estrat\u00e9gias&hellip;","_links":{"self":[{"href":"https:\/\/univinte.edu.br\/portal\/wp-json\/wp\/v2\/pages\/15498","targetHints":{"allow":["GET"]}}],"collection":[{"href":"https:\/\/univinte.edu.br\/portal\/wp-json\/wp\/v2\/pages"}],"about":[{"href":"https:\/\/univinte.edu.br\/portal\/wp-json\/wp\/v2\/types\/page"}],"author":[{"embeddable":true,"href":"https:\/\/univinte.edu.br\/portal\/wp-json\/wp\/v2\/users\/2"}],"replies":[{"embeddable":true,"href":"https:\/\/univinte.edu.br\/portal\/wp-json\/wp\/v2\/comments?post=15498"}],"version-history":[{"count":17,"href":"https:\/\/univinte.edu.br\/portal\/wp-json\/wp\/v2\/pages\/15498\/revisions"}],"predecessor-version":[{"id":17445,"href":"https:\/\/univinte.edu.br\/portal\/wp-json\/wp\/v2\/pages\/15498\/revisions\/17445"}],"wp:attachment":[{"href":"https:\/\/univinte.edu.br\/portal\/wp-json\/wp\/v2\/media?parent=15498"}],"curies":[{"name":"wp","href":"https:\/\/api.w.org\/{rel}","templated":true}]}}