{"id":2806,"date":"2019-05-08T00:27:29","date_gmt":"2019-05-08T03:27:29","guid":{"rendered":"http:\/\/univinte.edu.br\/portal\/index.php\/pos-graduacao\/educacao-matematica\/"},"modified":"2019-05-08T00:27:29","modified_gmt":"2019-05-08T03:27:29","slug":"educacao-matematica","status":"publish","type":"page","link":"https:\/\/univinte.edu.br\/portal\/pos-graduacao\/educacao-matematica\/","title":{"rendered":"Educa\u00e7\u00e3o Matem\u00e1tica"},"content":{"rendered":"<ul>\n<li >\n\t\t\t\t\t\t\t\t\t\tInscri\u00e7\u00f5es Abertas\n\t\t\t\t\t\t\t\t\t<\/li>\n<\/ul>\n<ul>\n<li >\n\t\t\t\t\t<a href=\\\"http:\/\/www.fucap.edu.br\/portal\/template\/projeto2016\/portifolio\/587bb415d6cdb0b3995c91024c619d34\\\" target=\\\"_blank\\\" rel=\\\"noopener noreferrer\\\">\t\t\t\t\tPortif\u00f3lio do curso<br \/>\n\t\t\t\t\t\t\t\t\t\t\t<\/a>\n\t\t\t\t\t\t\t\t\t<\/li>\n<\/ul>\n<ul>\n<li >\n\t\t\t\t\t<a href=\\\"http:\/\/portal.fucap.edu.br\/inscricoes\/visual\/selecao_grau.php\\\" target=\\\"_blank\\\" rel=\\\"noopener noreferrer\\\"><br \/>\n\t\t\t\t\t\t\t\t\t\tSala de Matr\u00edcula<br \/>\n\t\t\t\t\t\t\t\t\t\t\t<\/a>\n\t\t\t\t\t\t\t\t\t<\/li>\n<\/ul>\n<ul id=\\\"eael-feature-list-3cb5658a\\\">\n<li>\n<h3                        >Titula\u00e7\u00e3o do Curso<\/h3                    >\n<p>\nEduca\u00e7\u00e3o Matem\u00e1tica<\/p>\n<\/li>\n<li>\n<h3                        >Atos Regulat\u00f3rios<\/h3                    >\n<p>Portaria\/MEC de Renova\u00e7\u00e3o de Reconhecimento n\u00ba 616 de 20\/11\/2013, publicada no D.O.U. em 21\/11\/2013.<\/p>\n<\/li>\n<li>\n<h3                        >Carga Hor\u00e1ria<\/h3                    >\n<p>3072 horas<\/p>\n<\/li>\n<li>\n<h3                        >Dura\u00e7\u00e3o<\/h3                    >\n<p>4 anos &#8211; 8 semestres<\/p>\n<\/li>\n<\/ul>\n<h2>\nEduca\u00e7\u00e3o Matem\u00e1tica<\/h2>\n<h2>Objetivo<\/h2>\n<p>O curso de Especializa\u00e7\u00e3o em Educa\u00e7\u00e3o Especial e L\u00edngua Brasileira de Sinais tem como objetivo preparar profissionais para o desempenho de atividades na \u00e1rea, conhecedores das diferentes defici\u00eancias, bem como das teorias norteadoras das pr\u00e1ticas inclusivas e a pr\u00e1tica da Libras.<\/p>\n<h2>Publico Alvo<\/h2>\n<p>O curso destina-se aos pais, professores em geral, pedagogos, psic\u00f3logos e demais interessados.<\/p>\n<h2>In\u00edcio do Curso<\/h2>\n<p>Previsto para <strong>29\/03\/2019<\/strong>.<br \/><strong>Sextas-feiras<\/strong><\/p>\n<h2>N\u00famero de Vagas<\/h2>\n<p>30 vagas<\/p>\n<h2>Local da Inscri\u00e7\u00e3o<\/h2>\n<p>Faculdade Fucap Univinte\u00a0 \u2013 Uma faculdade Inovadora<br \/>Central de Atendimento: (48) 3623-6037 | Endere\u00e7o: Av. Na\u00e7\u00f5es Unidas, 500 \u2013 Centro<br \/>CEP 88745-000 \u2013 Capivari de Baixo \u2013 SC<br \/><strong>Telefone<\/strong>: 48-3623-6039\u00a0<br \/><strong>E-mail<\/strong>: <a href=\\\"mailto:pos@fucap.edu.br\\\">pos@fucap.edu.br<\/a>\u00a0<\/p>\n<h2>Matriz Curricular<\/h2>\n<p>DISCIPLINAS C\/H<br \/>Aspectos Hist\u00f3ricos e Pol\u00edticos da Educa\u00e7\u00e3o Especial 30 h\/a<br \/>Metodologia de Ensino e Adapta\u00e7\u00f5es Curriculares 45 h\/a<br \/>Aspectos Pedag\u00f3gicos e Interven\u00e7\u00e3o Educacional 45 h\/a<br \/>Avalia\u00e7\u00e3o de Aprendizagem da Pessoa com Defici\u00eancia 30 h\/a<br \/>Psicologia da Educa\u00e7\u00e3o 30 h\/a<br \/>Fundamentos Hist\u00f3ricos, Biol\u00f3gicos e Legais da Surdez 30 h\/a<br \/>Did\u00e1tica e Educa\u00e7\u00e3o de Surdos 30 h\/a<br \/>Pr\u00e1tica de Libras I 30 h\/a<br \/>Pr\u00e1tica de Libras II 30 h\/a<br \/>Pr\u00e1tica de Libras III 30 h\/a<br \/>L\u00edngua Brasileira de Sinais\/Int\u00e9rprete de Libras 30 h\/a<br \/>Metodologia da Pesquisa 60 h\/a<br \/>TOTAL 420 h\/a<\/p>\n<p>\t\t\t\t\t\t\t\t\t\t\t\t<a href=\\\"\\\">Certifica\u00e7\u00e3o<\/a><\/p>\n<p>O aluno receber\u00e1 um certificado de Especialista em Educa\u00e7\u00e3o Especial e Libras.<br \/>A certifica\u00e7\u00e3o obedece \u00e0 Resolu\u00e7\u00e3o n. 01\/2007 do CNE quanto aos requisitos do<br \/>certificado de especializ\u00e7a\u00e3o. O ato de recredeciamento institucional v\u00e1lido \u00e9 o publicado pela<br \/>Portaria n. 1268 de outubro de 2012.<\/p>\n<p>\t\t\t\t\t\t\t\t\t\t\t\t<a href=\\\"\\\">Documenta\u00e7\u00e3o necess\u00e1ria<\/a><\/p>\n<p>Em obedi\u00eancia \u00e0 Resolu\u00e7\u00e3o n. 01 do CNE de 2007, e Portaria n. 1224 de 18 de<br \/>dezembro de 2013, os documentos necess\u00e1rios \u00e0 matr\u00edcula s\u00e3o:<\/p>\n<ul>\n<li>\u00a0C\u00f3pia do Diploma de Gradua\u00e7\u00e3o;<\/li>\n<li>C\u00f3pia do Hist\u00f3rico Escolar da Gradua\u00e7\u00e3o;<\/li>\n<li>\u00a0C\u00f3pia do comprovante de resid\u00eancia;<\/li>\n<li>C\u00f3pia do RG e CPF;<\/li>\n<li>C\u00f3pia da certid\u00e3o de nascimento ou casamento;<\/li>\n<li>Uma foto 3&#215;4 recente.<\/li>\n<\/ul>\n<ul>\n<li >\n\t\t\t\t\t<a href=\\\"http:\/\/www.fucap.edu.br\/wp\/inscricao\/\\\" target=\\\"_blank\\\" rel=\\\"noopener noreferrer\\\"><br \/>\n\t\t\t\t\t\t\t\t\t\tINSCRI\u00c7\u00d5ES ONLINE<br \/>\n\t\t\t\t\t\t\t\t\t\t\t<\/a>\n\t\t\t\t\t\t\t\t\t<\/li>\n<\/ul>\n<p><strong>Alunos egressos da Fucap, poder\u00e3o requerer a Bolsa Egresso, que concede at\u00e9 20% de desconto nas mensalidades, ap\u00f3s confirma\u00e7\u00e3o de turma. N\u00e3o se aplica \u00e0 1\u00aa parcela no ato da inscri\u00e7\u00e3o.\u00a0Informe-se tamb\u00e9m sobre as demais modalidades de bolsas em <a href=\\\"http:\/\/www.fucap.edu.br\/wp\\\">www.fucap.edu.br<\/a><\/strong><\/p>\n<p>Siga a Fucap nas redes sociais:<\/p>\n<p>\t\t\t\t\t\t\t<a href=\\\"https:\/\/www.facebook.com\/fucap\/?epa=SEARCH_BOX\\\" target=\\\"_blank\\\" rel=\\\"noopener noreferrer\\\"><br \/>\n\t\t\t\t\tFacebook<br \/>\n\t\t\t\t<\/a><br \/>\n\t\t\t\t\t\t\t<a href=\\\"https:\/\/twitter.com\/fucap_edu\\\" target=\\\"_blank\\\" rel=\\\"noopener noreferrer\\\"><br \/>\n\t\t\t\t\tTwitter<br \/>\n\t\t\t\t<\/a><br \/>\n\t\t\t\t\t\t\t<a href=\\\"https:\/\/www.youtube.com\/channel\/UCz81EoOg0XR4RafpD_sfE3A\\\" target=\\\"_blank\\\" rel=\\\"noopener noreferrer\\\"><br \/>\n\t\t\t\t\tYoutube<br \/>\n\t\t\t\t<\/a><br \/>\n\t\t\t\t\t\t\t<a href=\\\"https:\/\/www.instagram.com\/fucap_univinte\/\\\" target=\\\"_blank\\\" rel=\\\"noopener noreferrer\\\"><br \/>\n\t\t\t\t\tInstagram<br \/>\n\t\t\t\t<\/a><br \/>\n\t\t\t\t\t\t\t<a href=\\\"https:\/\/br.linkedin.com\/in\/faculdade-fucap-362825109\\\" target=\\\"_blank\\\" rel=\\\"noopener noreferrer\\\"><br \/>\n\t\t\t\t\tLinkedin<br \/>\n\t\t\t\t<\/a><\/p>\n<p>\u00a0<\/p>\n<p>Faculdade Fucap Univinte\u00a0 &#8211; Uma faculdade Inovadora<br \/>Central de Atendimento: (48) 3623-6000 | Endere\u00e7o: Av. Na\u00e7\u00f5es Unidas, 500 &#8211; Centro<br \/>\u00a0 \u00a0 CEP 88745-000 &#8211; Capivari de Baixo &#8211; SC\u00a0 \u00a0Brasil<\/p>\n<p>\t\t\t\t\t\t\t\t\t\t\t<a href=\\\"http:\/\/www.fucap.edu.br\/wp\/\\\" data-elementor-open-lightbox=\\\"\\\"><br \/>\n\t\t\t\t\t\t\t<img width=\\\"194\\\" height=\\\"74\\\" src=\\\"http:\/\/www.fucap.edu.br\/wp\/wp-content\/uploads\/2019\/03\/logo-otimizada-rodape.png\\\" alt=\\\"\\\" \/>\t\t\t\t\t\t\t\t<\/a><br \/>\n\t\t\u00a9 2019 Faculdades Fucap. Todos os direitos reservados. Desenvolvido por Rafael Frasson e <a style=\\\"color: #ffffff;\\\" href=\\\"http:\/\/www.creativeindesign.com.br\\\" target=\\\"_blank\\\" rel=\\\"noopener noreferrer\\\">CreativeDesign<\/a><\/p>\n","protected":false},"excerpt":{"rendered":"<p>Inscri\u00e7\u00f5es Abertas Portif\u00f3lio do curso Sala de Matr\u00edcula Titula\u00e7\u00e3o do Curso Educa\u00e7\u00e3o Matem\u00e1tica Atos Regulat\u00f3rios Portaria\/MEC de Renova\u00e7\u00e3o de Reconhecimento n\u00ba 616 de 20\/11\/2013, publicada no D.O.U. em 21\/11\/2013. Carga Hor\u00e1ria 3072 horas Dura\u00e7\u00e3o 4 anos &#8211; 8 semestres Educa\u00e7\u00e3o Matem\u00e1tica Objetivo O curso de Especializa\u00e7\u00e3o em Educa\u00e7\u00e3o Especial e L\u00edngua Brasileira de Sinais tem [&hellip;]<\/p>\n","protected":false},"author":1,"featured_media":0,"parent":33,"menu_order":0,"comment_status":"closed","ping_status":"closed","template":"","meta":{"site-sidebar-layout":"default","site-content-layout":"","ast-site-content-layout":"default","site-content-style":"default","site-sidebar-style":"default","ast-global-header-display":"","ast-banner-title-visibility":"","ast-main-header-display":"","ast-hfb-above-header-display":"","ast-hfb-below-header-display":"","ast-hfb-mobile-header-display":"","site-post-title":"","ast-breadcrumbs-content":"","ast-featured-img":"","footer-sml-layout":"","ast-disable-related-posts":"","theme-transparent-header-meta":"","adv-header-id-meta":"","stick-header-meta":"","header-above-stick-meta":"","header-main-stick-meta":"","header-below-stick-meta":"","astra-migrate-meta-layouts":"default","ast-page-background-enabled":"default","ast-page-background-meta":{"desktop":{"background-color":"var(--ast-global-color-4)","background-image":"","background-repeat":"repeat","background-position":"center center","background-size":"auto","background-attachment":"scroll","background-type":"","background-media":"","overlay-type":"","overlay-color":"","overlay-opacity":"","overlay-gradient":""},"tablet":{"background-color":"","background-image":"","background-repeat":"repeat","background-position":"center center","background-size":"auto","background-attachment":"scroll","background-type":"","background-media":"","overlay-type":"","overlay-color":"","overlay-opacity":"","overlay-gradient":""},"mobile":{"background-color":"","background-image":"","background-repeat":"repeat","background-position":"center center","background-size":"auto","background-attachment":"scroll","background-type":"","background-media":"","overlay-type":"","overlay-color":"","overlay-opacity":"","overlay-gradient":""}},"ast-content-background-meta":{"desktop":{"background-color":"var(--ast-global-color-5)","background-image":"","background-repeat":"repeat","background-position":"center center","background-size":"auto","background-attachment":"scroll","background-type":"","background-media":"","overlay-type":"","overlay-color":"","overlay-opacity":"","overlay-gradient":""},"tablet":{"background-color":"var(--ast-global-color-5)","background-image":"","background-repeat":"repeat","background-position":"center center","background-size":"auto","background-attachment":"scroll","background-type":"","background-media":"","overlay-type":"","overlay-color":"","overlay-opacity":"","overlay-gradient":""},"mobile":{"background-color":"var(--ast-global-color-5)","background-image":"","background-repeat":"repeat","background-position":"center center","background-size":"auto","background-attachment":"scroll","background-type":"","background-media":"","overlay-type":"","overlay-color":"","overlay-opacity":"","overlay-gradient":""}},"footnotes":""},"class_list":["post-2806","page","type-page","status-publish","hentry"],"rttpg_featured_image_url":null,"rttpg_author":{"display_name":"contato","author_link":"https:\/\/univinte.edu.br\/portal\/author\/contato\/"},"rttpg_comment":0,"rttpg_category":null,"rttpg_excerpt":"Inscri\u00e7\u00f5es Abertas Portif\u00f3lio do curso Sala de Matr\u00edcula Titula\u00e7\u00e3o do Curso Educa\u00e7\u00e3o Matem\u00e1tica Atos Regulat\u00f3rios Portaria\/MEC de Renova\u00e7\u00e3o de Reconhecimento n\u00ba 616 de 20\/11\/2013, publicada no D.O.U. em 21\/11\/2013. Carga Hor\u00e1ria 3072 horas Dura\u00e7\u00e3o 4 anos &#8211; 8 semestres Educa\u00e7\u00e3o Matem\u00e1tica Objetivo O curso de Especializa\u00e7\u00e3o em Educa\u00e7\u00e3o Especial e L\u00edngua Brasileira de Sinais tem&hellip;","_links":{"self":[{"href":"https:\/\/univinte.edu.br\/portal\/wp-json\/wp\/v2\/pages\/2806","targetHints":{"allow":["GET"]}}],"collection":[{"href":"https:\/\/univinte.edu.br\/portal\/wp-json\/wp\/v2\/pages"}],"about":[{"href":"https:\/\/univinte.edu.br\/portal\/wp-json\/wp\/v2\/types\/page"}],"author":[{"embeddable":true,"href":"https:\/\/univinte.edu.br\/portal\/wp-json\/wp\/v2\/users\/1"}],"replies":[{"embeddable":true,"href":"https:\/\/univinte.edu.br\/portal\/wp-json\/wp\/v2\/comments?post=2806"}],"version-history":[{"count":0,"href":"https:\/\/univinte.edu.br\/portal\/wp-json\/wp\/v2\/pages\/2806\/revisions"}],"up":[{"embeddable":true,"href":"https:\/\/univinte.edu.br\/portal\/wp-json\/wp\/v2\/pages\/33"}],"wp:attachment":[{"href":"https:\/\/univinte.edu.br\/portal\/wp-json\/wp\/v2\/media?parent=2806"}],"curies":[{"name":"wp","href":"https:\/\/api.w.org\/{rel}","templated":true}]}}