{"id":3056,"date":"2019-05-09T17:32:46","date_gmt":"2019-05-09T20:32:46","guid":{"rendered":"http:\/\/univinte.edu.br\/portal\/index.php\/bolsas-e-financiamentos\/fundacred-credies\/"},"modified":"2023-08-15T14:45:04","modified_gmt":"2023-08-15T17:45:04","slug":"fundacred-credies","status":"publish","type":"page","link":"https:\/\/univinte.edu.br\/portal\/bolsas-e-financiamentos\/fundacred-credies\/","title":{"rendered":"Fundacred\/Credies"},"content":{"rendered":"<p><iframe src=\\\"https:\/\/portal.fundacred.org.br\/estudante-web\/frame-simulador?ie=108\\\" width=\\\"400\\\" height=\\\"700\\\" allowfullscreen><\/iframe>\t\t<\/p>\n<div class=\"ast-oembed-container \" style=\"height: 100%;\"><iframe title=\"CredIES Fucap Mobile\" width=\"500\" height=\"281\" src=\"https:\/\/www.youtube.com\/embed\/-Kv_pqRZjiQ?feature=oembed\" frameborder=\"0\" allow=\"accelerometer; autoplay; clipboard-write; encrypted-media; gyroscope; picture-in-picture; web-share\" referrerpolicy=\"strict-origin-when-cross-origin\" allowfullscreen><\/iframe><\/div>\n<p>\t\t\t\t\t\t\t\t\t\t\t\t<img width=\\\"576\\\" height=\\\"1024\\\" src=\\\"https:\/\/www.fucap.edu.br\/wp\/wp-content\/uploads\/2021\/09\/Story-01-576x1024.png\\\" alt=\\\"\\\" loading=\\\"lazy\\\" \/>\t\t\t\t\t\t\t\t\t\t\t\t\t\t<\/p>\n<h2>Fundacred\/Credies\u200b<\/h2>\n<p>A\u00a0<strong>FUNDACRED<\/strong>\u00a0tem como finalidade aproximar o aluno a uma Institui\u00e7\u00e3o de Ensino, atuando no mercado h\u00e1 45 anos com os procedimentos de contrata\u00e7\u00e3o de Cr\u00e9ditos Educacionais, transformando dificuldades em oportunidades, acreditando que a Educa\u00e7\u00e3o \u00e9 umas das principais formas de construir sonhos em realidade.\u00a0<\/p>\n<p>CONTRATE O CR\u00c9DITO AGORA:\u00a0<a href=\\\"https:\/\/portal.fundacred.org.br\/estudante-web\/#\/login\\\">https:\/\/portal.fundacred.org.br\/estudante-web\/#\/login\u00a0<\/a><\/p>\n<p>Para realizar sua inscri\u00e7\u00e3o, voc\u00ea dever\u00e1 estar matriculado. Depois disso, indique um fiador (voc\u00ea precisa de um fiador maior de 18 anos, com renda m\u00ednima de\u00a02(dois) sal\u00e1rios m\u00ednimos do ano vigente, comprovada e sem restri\u00e7\u00f5es financeiras).<\/p>\n<p>Consulte o regulamento\u00a0<a href=\\\"https:\/\/portal.fundacred.org.br\/ArquivosFundacred\/download?arquivo=\/home\/jboss\/termoaceite\/swf.war\/108\/108.7.PDF\\\">AQUI<\/a>.<\/p>\n<p>Ap\u00f3s a aprova\u00e7\u00e3o, imprima o contrato dispon\u00edvel na \u00c1rea do Aluno e\u00a0colha as assinaturas conforme o regulamento. O aluno assina o contrato de gest\u00e3o da conta, pagando (50%) da mensalidade por ele devida para FUCAP e a outra metade (50%)<strong>\u00a0<\/strong>s\u00f3 pagar\u00e1 na data prevista para conclus\u00e3o do curso, no mesmo n\u00famero de vezes que utilizou do Cr\u00e9dito Educativo, ou seja, 04 anos de curso, 04 anos de pagamento ap\u00f3s sua formatura. A parte que ficar para o futuro ser\u00e1 atualizada conforme\u00a0o valor do cr\u00e9dito do dia, praticado pela FUCAP. O cr\u00e9dito vale tanto para quem est\u00e1 entrando na Universidade, como para quem j\u00e1 est\u00e1 matriculado. N\u00e3o \u00e9 cobrado juros do aluno, apenas uma taxa administrativa de 0,35% ao m\u00eas,\u00a0equivalente a 4,2% ao ano.<\/p>\n<h2>O cr\u00e9dito \u00e9 intransfer\u00edvel, ou seja, no momento em que o benefici\u00e1rio trocar de IES, automaticamente iniciar\u00e1 o reembolso do valor usufru\u00eddo. O cr\u00e9dito pode ser trancado por 1(um) semestre, no m\u00e1ximo 2(dois). A an\u00e1lise de cada solicita\u00e7\u00e3o ser\u00e1 feita por uma Comiss\u00e3o.<\/p>\n<p><strong><a href=\\\"http:\/\/www.fundaplub.org.br\/\\\" target=\\\"_blank\\\" rel=\\\"noopener\\\">Fa\u00e7a a simula\u00e7\u00e3o do Cr\u00e9dito Educativo e visualize o valor das suas parcelas<\/a>:\u00a0<\/strong>Com o simulador de cr\u00e9dito da FUNDACRED voc\u00ea pode verificar qual ser\u00e1 o valor de sua mensalidade ao contratar nosso servi\u00e7o. O sistema \u00e9 f\u00e1cil e r\u00e1pido, basta preencher os campos no site\u00a0<a href=\\\"https:\/\/portal.fundacred.org.br\/simulador\/#\/\\\">https:\/\/portal.fundacred.org.br\/simulador\/#\/<\/a>\u00a0com seus dados e os da Institui\u00e7\u00e3o de Ensino escolhida.<\/h2>\n<h2>AS INSCRI\u00c7\u00d5ES ABERTAS DO DIA 01\/02\/19 AT\u00c9 30\/03\/19.<\/h2>\n<p align=\\\"JUSTIFY\\\">O(A) candidato(a) dever\u00e1 realizar o\u00a0<em>upload\u00a0<\/em>(envio de arquivos por computador) dos<strong>\u00a0seguintes documentos<\/strong>:<\/p>\n<p align=\\\"JUSTIFY\\\"><strong>I \u2013 Pessoais (pr\u00f3prios do(a) candidato(a)):<\/strong><\/p>\n<p align=\\\"JUSTIFY\\\">a) Cadastro de Pessoa F\u00edsica (CPF);<\/p>\n<p align=\\\"JUSTIFY\\\">b) Carteira de Identidade (RG);<\/p>\n<p align=\\\"JUSTIFY\\\">c) Certid\u00e3o de casamento e, se for o caso, com averba\u00e7\u00e3o do div\u00f3rcio ou da separa\u00e7\u00e3o judicial ou, declara\u00e7\u00e3o de uni\u00e3o est\u00e1vel. Sendo vi\u00favo(a), certid\u00e3o de \u00f3bito do c\u00f4njuge falecido;<\/p>\n<p align=\\\"JUSTIFY\\\">d) Comprovante de renda do(a) candidato(a) ou do respons\u00e1vel;<\/p>\n<p align=\\\"JUSTIFY\\\">e) Comprovante de resid\u00eancia atual (conta de luz, \u00e1gua ou telefone, com vencimento nos \u00faltimos 60 dias);<\/p>\n<p align=\\\"JUSTIFY\\\">f) Comprovante de matr\u00edcula do per\u00edodo que ser\u00e1 custeado.<\/p>\n<p align=\\\"JUSTIFY\\\"><strong>II \u2013 Do indicado a\u00a0<\/strong><strong>coobrigado(a) solid\u00e1rio(a) \/ fiador(a):<\/strong><\/p>\n<p align=\\\"JUSTIFY\\\">a)\u00a0Cadastro de Pessoa F\u00edsica (CPF);<\/p>\n<p align=\\\"JUSTIFY\\\">b) Carteira de Identidade (RG);<\/p>\n<p align=\\\"JUSTIFY\\\">c) Comprovante de resid\u00eancia atual (conta de luz, \u00e1gua ou telefone, com vencimento nos \u00faltimos 60 dias);<\/p>\n<p align=\\\"JUSTIFY\\\">d) Certid\u00e3o de casamento e, se for o caso, com averba\u00e7\u00e3o do div\u00f3rcio ou da separa\u00e7\u00e3o judicial ou, declara\u00e7\u00e3o de uni\u00e3o est\u00e1vel. Sendo vi\u00favo(a), certid\u00e3o de \u00f3bito do c\u00f4njuge falecido;<\/p>\n<p align=\\\"JUSTIFY\\\">e) Comprovante de rendimentos,\u00a0por meio de:<\/p>\n<p align=\\\"JUSTIFY\\\">1) declara\u00e7\u00e3o de Imposto de Renda ou, se pessoa dispensada de apresenta\u00e7\u00e3o, comprovante demonstrando que a declara\u00e7\u00e3o n\u00e3o consta na base de dados da Receita Federal: Situa\u00e7\u00e3o das Declara\u00e7\u00f5es\u00a0<a href=\\\"http:\/\/www.google.com\/url?q=http%3A%2F%2Fwww.receita.fazenda.gov.br%2Faplicacoes%2Fatrjo%2Fconsrest%2Fatual.app%2Fpaginas%2Fmobile%2FrestituicaoMobi.asp&amp;sa=D&amp;sntz=1&amp;usg=AFQjCNH8NX6GOIOm5wQ_JP68qw6L9wUvlQ\\\" target=\\\"_top\\\" rel=\\\"noopener\\\">http:\/\/www.receita.fazenda.gov.br\/aplicacoes\/atrjo\/consrest\/atual.app\/paginas\/mobile\/restituicaoMobi.asp<\/a>, mais os 3 (tr\u00eas) \u00faltimos contracheques ou declara\u00e7\u00e3o do contador com CRC (DECORE), relativamente aos 3 (tr\u00eas) \u00faltimos meses;<\/p>\n<p align=\\\"JUSTIFY\\\">2) se produtor rural, DAP \u2013 Declara\u00e7\u00e3o de Aptid\u00e3o do PRONAF, ou relat\u00f3rio de notas fiscais, expedido pela Prefeitura Municipal, referente aos 6 (seis) \u00faltimos meses, ou ainda, bloco de notas e respectivas contranotas, igualmente, dos \u00faltimos 6 (seis) meses.\u00a0Condi\u00e7\u00e3o em que, ser\u00e1 considerado 30% da soma dos valores das notas fiscais.<\/p>\n<p align=\\\"JUSTIFY\\\"><strong>Obs.<\/strong>\u00a0Tanto o(a) candidato(a), quanto o(a) indicado(a) a fiador(a), se casados, ou em uni\u00e3o est\u00e1vel, apresentar fotoc\u00f3pia da Carteira de Identidade (RG) e do Cadastro de Pessoa F\u00edsica (CPF) do c\u00f4njuge, ou companheiro(a).<\/p>\n<p align=\\\"JUSTIFY\\\"><strong>OBS:<\/strong>atrav\u00e9s desta p\u00e1gina na internet os alunos conseguiram (online \u00e9 gr\u00e1tis) juntar v\u00e1rias fotos em um \u00fanico arquivo PDF.\u00a0<a href=\\\"https:\/\/smallpdf.com\/pt\/jpg-para-pdf\\\" target=\\\"_blank\\\" rel=\\\"noopener\\\">https:\/\/smallpdf.com\/pt\/jpg-para-pdf<\/a><\/p>\n<p>Siga a Fucap nas redes sociais:<\/p>\n<p>\t\t\t\t\t<a href=\\\"https:\/\/www.facebook.com\/fucap\/?epa=SEARCH_BOX\\\" target=\\\"_blank\\\" rel=\\\"noopener\\\"><br \/>\n\t\t\t\t\t\tFacebook<br \/>\n\t\t\t\t\t\t\t\t\t\t\t<\/a><br \/>\n\t\t\t\t\t<a href=\\\"https:\/\/twitter.com\/fucap_edu\\\" target=\\\"_blank\\\" rel=\\\"noopener\\\"><br \/>\n\t\t\t\t\t\tTwitter<br \/>\n\t\t\t\t\t\t\t\t\t\t\t<\/a><br \/>\n\t\t\t\t\t<a href=\\\"https:\/\/www.youtube.com\/channel\/UCz81EoOg0XR4RafpD_sfE3A\\\" target=\\\"_blank\\\" rel=\\\"noopener\\\"><br \/>\n\t\t\t\t\t\tYoutube<br \/>\n\t\t\t\t\t\t\t\t\t\t\t<\/a><br \/>\n\t\t\t\t\t<a href=\\\"https:\/\/www.instagram.com\/fucap_univinte\/\\\" target=\\\"_blank\\\" rel=\\\"noopener\\\"><br \/>\n\t\t\t\t\t\tInstagram<br \/>\n\t\t\t\t\t\t\t\t\t\t\t<\/a><br \/>\n\t\t\t\t\t<a href=\\\"https:\/\/br.linkedin.com\/in\/faculdade-fucap-362825109\\\" target=\\\"_blank\\\" rel=\\\"noopener\\\"><br \/>\n\t\t\t\t\t\tLinkedin<br \/>\n\t\t\t\t\t\t\t\t\t\t\t<\/a><\/p>\n<p>\u00a0<\/p>\n<p>Faculdade Fucap Univinte\u00a0 &#8211; Uma faculdade Inovadora<br \/>Central de Atendimento: (48) 3623-6000 | Endere\u00e7o: Av. Na\u00e7\u00f5es Unidas, 500 &#8211; Centro<br \/>\u00a0 \u00a0 CEP 88745-000 &#8211; Capivari de Baixo &#8211; SC\u00a0 \u00a0Brasil<\/p>\n<p>\t\t\t\t\t\t\t\t\t\t\t\t\t<a href=\\\"http:\/\/www.fucap.edu.br\/wp\/\\\"><br \/>\n\t\t\t\t\t\t\t<img width=\\\"194\\\" height=\\\"74\\\" src=\\\"https:\/\/www.fucap.edu.br\/wp\/wp-content\/uploads\/2019\/03\/logo-otimizada-rodape.png\\\" alt=\\\"\\\" loading=\\\"lazy\\\" \/>\t\t\t\t\t\t\t\t<\/a><br \/>\n\t\t\u00a9 2019 Faculdades Fucap. Todos os direitos reservados. Desenvolvido por<a style=\\\"color: #ffffff;\\\" href=\\\"http:\/\/www.creativeindesign.com.br\\\" target=\\\"_blank\\\" rel=\\\"noopener\\\"> CreativeDesign\u00a0 e \u00a0<\/a>Rafael Frasson\u00a0\u00a0<\/p>\n","protected":false},"excerpt":{"rendered":"<p>Fundacred\/Credies\u200b A\u00a0FUNDACRED\u00a0tem como finalidade aproximar o aluno a uma Institui\u00e7\u00e3o de Ensino, atuando no mercado h\u00e1 45 anos com os procedimentos de contrata\u00e7\u00e3o de Cr\u00e9ditos Educacionais, transformando dificuldades em oportunidades, acreditando que a Educa\u00e7\u00e3o \u00e9 umas das principais formas de construir sonhos em realidade.\u00a0 CONTRATE O CR\u00c9DITO AGORA:\u00a0https:\/\/portal.fundacred.org.br\/estudante-web\/#\/login\u00a0 Para realizar sua inscri\u00e7\u00e3o, voc\u00ea dever\u00e1 estar [&hellip;]<\/p>\n","protected":false},"author":1,"featured_media":0,"parent":527,"menu_order":0,"comment_status":"closed","ping_status":"closed","template":"","meta":{"site-sidebar-layout":"default","site-content-layout":"","ast-site-content-layout":"default","site-content-style":"default","site-sidebar-style":"default","ast-global-header-display":"","ast-banner-title-visibility":"","ast-main-header-display":"","ast-hfb-above-header-display":"","ast-hfb-below-header-display":"","ast-hfb-mobile-header-display":"","site-post-title":"","ast-breadcrumbs-content":"","ast-featured-img":"","footer-sml-layout":"","ast-disable-related-posts":"","theme-transparent-header-meta":"","adv-header-id-meta":"","stick-header-meta":"","header-above-stick-meta":"","header-main-stick-meta":"","header-below-stick-meta":"","astra-migrate-meta-layouts":"default","ast-page-background-enabled":"default","ast-page-background-meta":{"desktop":{"background-color":"var(--ast-global-color-4)","background-image":"","background-repeat":"repeat","background-position":"center center","background-size":"auto","background-attachment":"scroll","background-type":"","background-media":"","overlay-type":"","overlay-color":"","overlay-opacity":"","overlay-gradient":""},"tablet":{"background-color":"","background-image":"","background-repeat":"repeat","background-position":"center center","background-size":"auto","background-attachment":"scroll","background-type":"","background-media":"","overlay-type":"","overlay-color":"","overlay-opacity":"","overlay-gradient":""},"mobile":{"background-color":"","background-image":"","background-repeat":"repeat","background-position":"center center","background-size":"auto","background-attachment":"scroll","background-type":"","background-media":"","overlay-type":"","overlay-color":"","overlay-opacity":"","overlay-gradient":""}},"ast-content-background-meta":{"desktop":{"background-color":"var(--ast-global-color-5)","background-image":"","background-repeat":"repeat","background-position":"center center","background-size":"auto","background-attachment":"scroll","background-type":"","background-media":"","overlay-type":"","overlay-color":"","overlay-opacity":"","overlay-gradient":""},"tablet":{"background-color":"var(--ast-global-color-5)","background-image":"","background-repeat":"repeat","background-position":"center center","background-size":"auto","background-attachment":"scroll","background-type":"","background-media":"","overlay-type":"","overlay-color":"","overlay-opacity":"","overlay-gradient":""},"mobile":{"background-color":"var(--ast-global-color-5)","background-image":"","background-repeat":"repeat","background-position":"center center","background-size":"auto","background-attachment":"scroll","background-type":"","background-media":"","overlay-type":"","overlay-color":"","overlay-opacity":"","overlay-gradient":""}},"footnotes":""},"class_list":["post-3056","page","type-page","status-publish","hentry"],"rttpg_featured_image_url":null,"rttpg_author":{"display_name":"contato","author_link":"https:\/\/univinte.edu.br\/portal\/author\/contato\/"},"rttpg_comment":0,"rttpg_category":null,"rttpg_excerpt":"Fundacred\/Credies\u200b A\u00a0FUNDACRED\u00a0tem como finalidade aproximar o aluno a uma Institui\u00e7\u00e3o de Ensino, atuando no mercado h\u00e1 45 anos com os procedimentos de contrata\u00e7\u00e3o de Cr\u00e9ditos Educacionais, transformando dificuldades em oportunidades, acreditando que a Educa\u00e7\u00e3o \u00e9 umas das principais formas de construir sonhos em realidade.\u00a0 CONTRATE O CR\u00c9DITO AGORA:\u00a0https:\/\/portal.fundacred.org.br\/estudante-web\/#\/login\u00a0 Para realizar sua inscri\u00e7\u00e3o, voc\u00ea dever\u00e1 estar&hellip;","_links":{"self":[{"href":"https:\/\/univinte.edu.br\/portal\/wp-json\/wp\/v2\/pages\/3056","targetHints":{"allow":["GET"]}}],"collection":[{"href":"https:\/\/univinte.edu.br\/portal\/wp-json\/wp\/v2\/pages"}],"about":[{"href":"https:\/\/univinte.edu.br\/portal\/wp-json\/wp\/v2\/types\/page"}],"author":[{"embeddable":true,"href":"https:\/\/univinte.edu.br\/portal\/wp-json\/wp\/v2\/users\/1"}],"replies":[{"embeddable":true,"href":"https:\/\/univinte.edu.br\/portal\/wp-json\/wp\/v2\/comments?post=3056"}],"version-history":[{"count":1,"href":"https:\/\/univinte.edu.br\/portal\/wp-json\/wp\/v2\/pages\/3056\/revisions"}],"predecessor-version":[{"id":11589,"href":"https:\/\/univinte.edu.br\/portal\/wp-json\/wp\/v2\/pages\/3056\/revisions\/11589"}],"up":[{"embeddable":true,"href":"https:\/\/univinte.edu.br\/portal\/wp-json\/wp\/v2\/pages\/527"}],"wp:attachment":[{"href":"https:\/\/univinte.edu.br\/portal\/wp-json\/wp\/v2\/media?parent=3056"}],"curies":[{"name":"wp","href":"https:\/\/api.w.org\/{rel}","templated":true}]}}