{"id":3774,"date":"2019-07-07T00:02:38","date_gmt":"2019-07-07T03:02:38","guid":{"rendered":"http:\/\/univinte.edu.br\/portal\/index.php\/pedagogia-ead\/"},"modified":"2019-07-07T00:02:38","modified_gmt":"2019-07-07T03:02:38","slug":"pedagogia-ead","status":"publish","type":"page","link":"https:\/\/univinte.edu.br\/portal\/pedagogia-ead\/","title":{"rendered":"Pedagogia ead"},"content":{"rendered":"<p><img width=\\\"1600\\\" height=\\\"350\\\" src=\\\"https:\/\/www.fucap.edu.br\/wp\/wp-content\/uploads\/2019\/05\/banner-ead-pedagogia.jpg\\\" alt=\\\"\\\" loading=\\\"lazy\\\" srcset=\\\"https:\/\/i0.wp.com\/www.fucap.edu.br\/wp\/wp-content\/uploads\/2019\/05\/banner-ead-pedagogia.jpg?w=1600&amp;ssl=1 1600w, https:\/\/i0.wp.com\/www.fucap.edu.br\/wp\/wp-content\/uploads\/2019\/05\/banner-ead-pedagogia.jpg?resize=300%2C66&amp;ssl=1 300w, https:\/\/i0.wp.com\/www.fucap.edu.br\/wp\/wp-content\/uploads\/2019\/05\/banner-ead-pedagogia.jpg?resize=768%2C168&amp;ssl=1 768w, https:\/\/i0.wp.com\/www.fucap.edu.br\/wp\/wp-content\/uploads\/2019\/05\/banner-ead-pedagogia.jpg?resize=1024%2C224&amp;ssl=1 1024w\\\" sizes=\\\"(max-width: 1600px) 100vw, 1600px\\\" \/>\t\t\t\t\t\t\t\t\t\t\t<\/p>\n<h2>O curso de Licenciatura em Pedagogia &#8211; EaD da Fucap Univinte<\/h2>\n<p>O Curso de Pedagogia da FUCAP esmera-se em promover conhecimentos te\u00f3ricos e pr\u00e1ticos consolidados e proporcionados no exerc\u00edcio da profiss\u00e3o, fundamentando-se em premissas vinculadas \u00e0 interdisciplinaridade, contextualiza\u00e7\u00e3o, democratiza\u00e7\u00e3o, pertin\u00eancia e relev\u00e2ncia social e \u00e9tica. Promove o conhecimento da escola como organiza\u00e7\u00e3o complexa, inserindo a educa\u00e7\u00e3o para a cidadania.<\/p>\n<h2>O Perfil Profissional para quem faz Pedagogia<\/h2>\n<p>A partir de sua orienta\u00e7\u00e3o curricular o curso de gradua\u00e7\u00e3o em Pedagogia da Fucap destina-se \u00e0 forma\u00e7\u00e3o de professores aptos ao exerc\u00edcio das fun\u00e7\u00f5es de magist\u00e9rio na educa\u00e7\u00e3o infantil e nos anos iniciais do ensino fundamental, assim como no fundamental, nos cursos de ensino da educa\u00e7\u00e3o especial, na educa\u00e7\u00e3o de jovens e adultos e em outras \u00e1reas nas quais sejam previstos conhecimentos pedag\u00f3gicos, bem como gest\u00e3o escolar e os n\u00e3o-formais. O egresso da FUCAP deve vivenciar as a\u00e7\u00f5es da escola, a partir de uma forma\u00e7\u00e3o te\u00f3rica relevante e fundamentada na diversidade de conhecimentos e pr\u00e1ticas que se articulam ao longo do curso.<\/p>\n<ul id=\\\"eael-feature-list-64e973f\\\">\n<li>\n<h3\t\t\t\t\t\t\t>Titula\u00e7\u00e3o do Curso<\/h3\t\t\t\t\t\t>\n<p>Licenciatura em Pedagogia<\/p>\n<\/li>\n<li>\n<h3\t\t\t\t\t\t\t>Atos Regulat\u00f3rios<\/h3\t\t\t\t\t\t>\n<p>Portaria\/MEC de Autoriza\u00e7\u00e3o n\u00ba 1010 \u2013 DOU de 20\/05\/2019<\/p>\n<\/li>\n<li>\n<h3\t\t\t\t\t\t\t>Conceitos<\/h3\t\t\t\t\t\t>\n<p>Nota 4<\/p>\n<\/li>\n<li>\n<h3\t\t\t\t\t\t\t>Carga Hor\u00e1ria<\/h3\t\t\t\t\t\t>\n<p>3640 horas<\/p>\n<\/li>\n<li>\n<h3\t\t\t\t\t\t\t>Dura\u00e7\u00e3o<\/h3\t\t\t\t\t\t>\n<p>4 anos &#8211; 8 semestres<\/p>\n<\/li>\n<\/ul>\n<p>\t\t\t<img src=\\\"https:\/\/www.fucap.edu.br\/wp\/wp-content\/uploads\/2019\/08\/prof-aline-ped.jpg\\\" alt=\\\"\\\"><\/p>\n<h3>Coordenadora<\/h3>\n<p><p><strong>Aline Bittencourt Domingos<\/strong> <br \/>Bacharel e Licenciada em Hist\u00f3ria . Licenciada em Pedagogia\u00a0 Mestre em Ci\u00eancias da Educa\u00e7\u00e3o.<\/p>\n<\/p>\n<h2>Matriz Curricular<\/h2>\n<p>                1\u00b0 SEMESTRE<\/p>\n<p><p>PEDAGOGIA DAS CI\u00caNCIAS DA EDUCA\u00c7\u00c3O<br \/>LINGU\u00cdSTICA, LEITURA E PRODU\u00c7\u00c3O TEXTUAL<br \/>TECNOLOGIAS APLICADAS A EDUCA\u00c7\u00c3O<br \/>FILOSOFIA DA EDUCA\u00c7\u00c3O<br \/>METODOLOGIA DA PESQUISA EM EDUCA\u00c7\u00c3O<\/p>\n<\/p>\n<p>                2\u00b0 SEMESTRE<\/p>\n<p><p>HIST\u00d3RIA DA EDUCA\u00c7\u00c3O<br \/>ANTROPOLOGIA DA EDUCA\u00c7\u00c3O<br \/>LINGUAGENS DO CORPO E DA ARTE<br \/>PSICOLOGIA DA EDUCA\u00c7\u00c3O E APRENDIZAGEM<br \/>SOCIOLOGIA DA EDUCA\u00c7\u00c3O<\/p>\n<\/p>\n<p>                3\u00b0 SEMESTRE<\/p>\n<p><p>LITERATURA, L\u00daDICO E MUSICALIZA\u00c7\u00c3O NA EDUCA\u00c7\u00c3O INFANTIL E ANOS INICIAIS<br \/>TEORIA DA METODOLOGIA DO ENSINO INFANTIL E ANOS INICIAIS DO FUNDAMENTAL<br \/>HIST\u00d3RIA DA CULTURA E EDUCA\u00c7\u00c3O BRASILEIRA<br \/>PLANEJAMENTO, ORGANIZA\u00c7\u00c3O E PROJETO PEDAG\u00d3GICO<br \/>METODOLOGIAS DA ALFABETIZA\u00c7\u00c3O E LETRAMENTO<br \/>EST\u00c1GIO SUPERVISIONADO EM EDUCA\u00c7\u00c3O INFANTIL<\/p>\n<\/p>\n<p>                4\u00b0 SEMESTRE<\/p>\n<p><p>METODOLOGIA DO ENSINO DE HIST\u00d3RIA E GEOGRAFIA<br \/>METODOLOGIA DE ESCOLA E CULTURA MATEM\u00c1TICA<br \/>METODOLOGIA DO ENSINO DE CI\u00caNCIAS<br \/>METODOLOGIA DO ENSINO DE FILOSOFIA<br \/>TEORIA E METODOLOGIA DO TRABALHO NO ENSINO FUNDAMENTAL<br \/>EST\u00c1GIO SUPERVISIONADO NOS ANOS INICIAIS E FINAIS DO ENSINO FUNDAMENTAL<\/p>\n<\/p>\n<p>                5\u00b0 SEMESTRE<\/p>\n<p><p>DISCIPLINA ELETIVA I *<br \/>EDUCA\u00c7\u00c3O DE JOVENS E ADULTOS<br \/>FUNDAMENTOS DO DESENVOLVIMENTO BIO-PSICO-SOCIAL<br \/>DID\u00c1TICA E FORMA\u00c7\u00c3O DOCENTE APLICADA A ESCOLA<br \/>TEORIAS EDUCACIONAIS<br \/>EST\u00c1GIO SUPERVISIONADO DA EDUCA\u00c7\u00c3O DE JOVENS E ADULTOS<\/p>\n<\/p>\n<p>                6\u00b0 SEMESTRE<\/p>\n<p><p>EDUCA\u00c7\u00c3O ESPECIAL<br \/>ESCOLA E CURR\u00cdCULO<br \/>LINGUA BRASILEIRA DE SINAIS: LIBRAS<br \/>PSICOPEDAGOGIA HOSPITALAR<br \/>EDUCA\u00c7\u00c3O PSICOPEDAG\u00d3GICA<br \/>EST\u00c1GIO SUPERVISIONADO EM EDUCA\u00c7\u00c3O ESPECIAL<br \/>DISCIPLINA ELETIVA II *<\/p>\n<\/p>\n<p>                7\u00b0 SEMESTRE<\/p>\n<p><p>AVALIA\u00c7\u00c3O EDUCACIONAL E PR\u00c1TICA PEDAG\u00d3GICA<br \/>GEST\u00c3O ESCOLAR, SUPERVIS\u00c3O PEDAG\u00d3GICA E ORIENTA\u00c7\u00c3O EDUCACIONAL<br \/>EDUCAC\u00c3O E SA\u00daDE AMBIENTAL<br \/>DISCIPLINA ELETIVA III*<br \/>ADMINISTRA\u00c7\u00c3O ESCOLAR<br \/>EST\u00c1GIO SUPERVISIONADO EM GEST\u00c3O ESCOLAR, SUPERVIS\u00c3O PEDAG\u00d3GICA E ORIENTA\u00c7\u00c3O EDUCACIONAL<\/p>\n<\/p>\n<p>                8\u00b0 SEMESTRE<\/p>\n<p><p>DIREITO E POL\u00cdTICA EDUCACIONAL<br \/>EDUCA\u00c7\u00c3O E TRABALHO EM AMBIENTES N\u00c3O-FORMAIS<br \/>ASPECTOS \u00c9TICOS EM AMBIENTES EDUCACIONAIS<br \/>POL\u00cdTICAS P\u00daBLICAS PARA A EDUCA\u00c7\u00c3O BRASILEIRA<br \/>EST\u00c1GIO SUPERVISIONADO EM AMBIENTES N\u00c3O-FORMAIS<br \/>TRABALHO DE CONCLUS\u00c3O DE CURSO<\/p>\n<\/p>\n<figure><a href=\\\"https:\/\/www.fucap.edu.br\/arquivos\/cursos\/Matriz_pedagogia.pdf\\\" target=\\\"_blank\\\" rel=\\\"noopener\\\"><img width=\\\"150\\\" height=\\\"150\\\" src=\\\"https:\/\/www.fucap.edu.br\/wp\/wp-content\/uploads\/2019\/05\/icon-pdf-150x150.png\\\" alt=\\\"\\\" loading=\\\"lazy\\\" srcset=\\\"https:\/\/i0.wp.com\/www.fucap.edu.br\/wp\/wp-content\/uploads\/2019\/05\/icon-pdf.png?resize=150%2C150&amp;ssl=1 150w, https:\/\/i0.wp.com\/www.fucap.edu.br\/wp\/wp-content\/uploads\/2019\/05\/icon-pdf.png?resize=300%2C300&amp;ssl=1 300w, https:\/\/i0.wp.com\/www.fucap.edu.br\/wp\/wp-content\/uploads\/2019\/05\/icon-pdf.png?resize=350%2C350&amp;ssl=1 350w, https:\/\/i0.wp.com\/www.fucap.edu.br\/wp\/wp-content\/uploads\/2019\/05\/icon-pdf.png?w=512&amp;ssl=1 512w\\\" sizes=\\\"(max-width: 150px) 100vw, 150px\\\" \/><\/a><\/figure>\n<h3><a href=\\\"https:\/\/www.fucap.edu.br\/arquivos\/cursos\/Matriz_pedagogia.pdf\\\" target=\\\"_blank\\\" rel=\\\"noopener\\\">Imprimir Grade <\/a><\/h3>\n<h2>Inscri\u00e7\u00e3o Gratuita<\/h2>\n<p><p>Fa\u00e7a a diferen\u00e7a estudando na Univinte Fucap nos cursos presenciais ou Ead. <strong>Comece agora e garanta sua vaga.<\/strong><\/p>\n<p><strong>PEDAGOGIA EaD<\/strong><\/p>\n<\/p>\n<p><a href=\\\"\/\/www.fucap.edu.br\/inscricao\/\\\"  >Inscreva-se<\/a>\t<\/p>\n<ul>\n<li>\n<p>Escolhi estudar na Fucap pelo custo benef\u00edcio e por diversas conversas com ex-alunos que me mostraram a qualidade de estudo que temos na regi\u00e3o.<\/p>\n<p>                    <img width=\\\"150\\\" height=\\\"150\\\" src=\\\"https:\/\/www.fucap.edu.br\/wp\/wp-content\/uploads\/2019\/05\/img-blockcard-3-150x150.png\\\" alt=\\\"\\\" loading=\\\"lazy\\\" srcset=\\\"https:\/\/i2.wp.com\/www.fucap.edu.br\/wp\/wp-content\/uploads\/2019\/05\/img-blockcard-3.png?resize=150%2C150&amp;ssl=1 150w, https:\/\/i2.wp.com\/www.fucap.edu.br\/wp\/wp-content\/uploads\/2019\/05\/img-blockcard-3.png?w=300&amp;ssl=1 300w\\\" sizes=\\\"(max-width: 150px) 100vw, 150px\\\" \/><br \/>\n            <!-- .lae-image-wrapper --><\/p>\n<h4>ANDR\u00c9 MACHADO<\/h4>\n<p>            Administra\u00e7\u00e3o<br \/>\n    <!-- .lae-testimonial-user --><br \/>\n    <!-- .lae-testimonial -->\n<\/li>\n<p><!-- .lae-testimonial-wrapper.lae-slide --><\/p>\n<li>\n<p>A Fucap me trouxe v\u00e1rias oportunidades. Optei pelo curso de engenharia pela qualidade de ensino dos professores e o \u00f3timo atendimento dos colaboradores.\u00a0<\/p>\n<p>                    <img width=\\\"150\\\" height=\\\"150\\\" src=\\\"https:\/\/www.fucap.edu.br\/wp\/wp-content\/uploads\/2019\/05\/img-blockcard-4-150x150.png\\\" alt=\\\"\\\" loading=\\\"lazy\\\" srcset=\\\"https:\/\/i1.wp.com\/www.fucap.edu.br\/wp\/wp-content\/uploads\/2019\/05\/img-blockcard-4.png?resize=150%2C150&amp;ssl=1 150w, https:\/\/i1.wp.com\/www.fucap.edu.br\/wp\/wp-content\/uploads\/2019\/05\/img-blockcard-4.png?w=300&amp;ssl=1 300w\\\" sizes=\\\"(max-width: 150px) 100vw, 150px\\\" \/><br \/>\n            <!-- .lae-image-wrapper --><\/p>\n<h4>ALICE MACHADO<\/h4>\n<p>            Engenharia Civil<br \/>\n    <!-- .lae-testimonial-user --><br \/>\n    <!-- .lae-testimonial -->\n<\/li>\n<p><!-- .lae-testimonial-wrapper.lae-slide --><\/p>\n<li>\n<p>O motivo pelo qual escolhi estudar na Fucap porque ela foi a pioneira no Engenharia de Produ\u00e7\u00e3o na nossa Regi\u00e3o.<\/p>\n<p>                    <img width=\\\"150\\\" height=\\\"150\\\" src=\\\"https:\/\/www.fucap.edu.br\/wp\/wp-content\/uploads\/2019\/05\/img-blockcard-5-150x150.png\\\" alt=\\\"\\\" loading=\\\"lazy\\\" srcset=\\\"https:\/\/i2.wp.com\/www.fucap.edu.br\/wp\/wp-content\/uploads\/2019\/05\/img-blockcard-5.png?resize=150%2C150&amp;ssl=1 150w, https:\/\/i2.wp.com\/www.fucap.edu.br\/wp\/wp-content\/uploads\/2019\/05\/img-blockcard-5.png?w=300&amp;ssl=1 300w\\\" sizes=\\\"(max-width: 150px) 100vw, 150px\\\" \/><br \/>\n            <!-- .lae-image-wrapper --><\/p>\n<h4>GLAUCO BORGES<\/h4>\n<p>            Engenharia de Produ\u00e7\u00e3o<br \/>\n    <!-- .lae-testimonial-user --><br \/>\n    <!-- .lae-testimonial -->\n<\/li>\n<p><!-- .lae-testimonial-wrapper.lae-slide -->\n    <\/ul>\n<p><!-- .lae-slides --><br \/>\n<!-- .lae-testimonials-slider --><br \/>\n\t\t[happyforms id=\\&#8221;3177\\&#8221; \/]<\/p>\n<p>CENTRAL DE ATENDIMENTO<\/p>\n<p>(48) 3623-6000<\/p>\n<h3>\n\t\t\t\t\tWhatsApp<br \/>\n\t\t\t\t<\/h3>\n<p>98826-2029<\/p>\n<p>Siga a Fucap nas redes sociais:<\/p>\n<p>\t\t\t\t\t<a href=\\\"\/\/www.facebook.com\/fucap\/?epa=SEARCH_BOX\\\" target=\\\"_blank\\\" rel=\\\"noopener\\\"><br \/>\n\t\t\t\t\t\tFacebook<br \/>\n\t\t\t\t\t\t\t\t\t\t\t<\/a><br \/>\n\t\t\t\t\t<a href=\\\"\/\/twitter.com\/fucap_edu\\\" target=\\\"_blank\\\" rel=\\\"noopener\\\"><br \/>\n\t\t\t\t\t\tTwitter<br \/>\n\t\t\t\t\t\t\t\t\t\t\t<\/a><br \/>\n\t\t\t\t\t<a href=\\\"\/\/www.youtube.com\/channel\/UCz81EoOg0XR4RafpD_sfE3A\\\" target=\\\"_blank\\\" rel=\\\"noopener\\\"><br \/>\n\t\t\t\t\t\tYoutube<br \/>\n\t\t\t\t\t\t\t\t\t\t\t<\/a><br \/>\n\t\t\t\t\t<a href=\\\"\/\/www.instagram.com\/fucap_univinte\/\\\" target=\\\"_blank\\\" rel=\\\"noopener\\\"><br \/>\n\t\t\t\t\t\tInstagram<br \/>\n\t\t\t\t\t\t\t\t\t\t\t<\/a><br \/>\n\t\t\t\t\t<a href=\\\"\/\/br.linkedin.com\/in\/faculdade-fucap-362825109\\\" target=\\\"_blank\\\" rel=\\\"noopener\\\"><br \/>\n\t\t\t\t\t\tLinkedin<br \/>\n\t\t\t\t\t\t\t\t\t\t\t<\/a><\/p>\n<p>Faculdade Fucap Univinte&nbsp; &#8211; Uma faculdade Inovadora<br \/>Central de Atendimento: (48) 3623-6000 | Endere\u00e7o: Av. Nilton Augusto Sachatti, 500 &#8211; Centro<br \/>&nbsp; &nbsp; CEP 88745-000 &#8211; Capivari de Baixo &#8211; SC&nbsp; &nbsp;Brasil<\/p>\n<p>\t\t\t\t\t\t\t\t\t\t\t<a href=\\\"\/\/www.fucap.edu.br\/wp\/\\\"><br \/>\n\t\t\t\t\t\t\t<img width=\\\"194\\\" height=\\\"74\\\" src=\\\"https:\/\/www.fucap.edu.br\/wp\/wp-content\/uploads\/2019\/03\/logo-otimizada-rodape.png\\\" alt=\\\"\\\" loading=\\\"lazy\\\" \/>\t\t\t\t\t\t\t\t<\/a><br \/>\n\t\t\u00a9 2019 Faculdades Fucap. Todos os direitos reservados.\u00a0<br \/>\n\t\t\t\t\t\t\t\t\t\t\t<a href=\\\"\/\/www.facebook.com\/cretivedessign\/\\\" target=\\\"_blank\\\" rel=\\\"noopener\\\"><br \/>\n\t\t\t\t\t\t\t<img width=\\\"276\\\" height=\\\"179\\\" src=\\\"https:\/\/www.fucap.edu.br\/wp\/wp-content\/uploads\/2019\/06\/logo-ass-site.png\\\" alt=\\\"\\\" loading=\\\"lazy\\\" \/>\t\t\t\t\t\t\t\t<\/a><\/p>\n","protected":false},"excerpt":{"rendered":"<p>O curso de Licenciatura em Pedagogia &#8211; EaD da Fucap Univinte O Curso de Pedagogia da FUCAP esmera-se em promover conhecimentos te\u00f3ricos e pr\u00e1ticos consolidados e proporcionados no exerc\u00edcio da profiss\u00e3o, fundamentando-se em premissas vinculadas \u00e0 interdisciplinaridade, contextualiza\u00e7\u00e3o, democratiza\u00e7\u00e3o, pertin\u00eancia e relev\u00e2ncia social e \u00e9tica. Promove o conhecimento da escola como organiza\u00e7\u00e3o complexa, inserindo a [&hellip;]<\/p>\n","protected":false},"author":1,"featured_media":0,"parent":0,"menu_order":0,"comment_status":"closed","ping_status":"closed","template":"","meta":{"site-sidebar-layout":"default","site-content-layout":"","ast-site-content-layout":"default","site-content-style":"default","site-sidebar-style":"default","ast-global-header-display":"","ast-banner-title-visibility":"","ast-main-header-display":"","ast-hfb-above-header-display":"","ast-hfb-below-header-display":"","ast-hfb-mobile-header-display":"","site-post-title":"","ast-breadcrumbs-content":"","ast-featured-img":"","footer-sml-layout":"","ast-disable-related-posts":"","theme-transparent-header-meta":"","adv-header-id-meta":"","stick-header-meta":"","header-above-stick-meta":"","header-main-stick-meta":"","header-below-stick-meta":"","astra-migrate-meta-layouts":"default","ast-page-background-enabled":"default","ast-page-background-meta":{"desktop":{"background-color":"var(--ast-global-color-4)","background-image":"","background-repeat":"repeat","background-position":"center center","background-size":"auto","background-attachment":"scroll","background-type":"","background-media":"","overlay-type":"","overlay-color":"","overlay-opacity":"","overlay-gradient":""},"tablet":{"background-color":"","background-image":"","background-repeat":"repeat","background-position":"center center","background-size":"auto","background-attachment":"scroll","background-type":"","background-media":"","overlay-type":"","overlay-color":"","overlay-opacity":"","overlay-gradient":""},"mobile":{"background-color":"","background-image":"","background-repeat":"repeat","background-position":"center center","background-size":"auto","background-attachment":"scroll","background-type":"","background-media":"","overlay-type":"","overlay-color":"","overlay-opacity":"","overlay-gradient":""}},"ast-content-background-meta":{"desktop":{"background-color":"var(--ast-global-color-5)","background-image":"","background-repeat":"repeat","background-position":"center center","background-size":"auto","background-attachment":"scroll","background-type":"","background-media":"","overlay-type":"","overlay-color":"","overlay-opacity":"","overlay-gradient":""},"tablet":{"background-color":"var(--ast-global-color-5)","background-image":"","background-repeat":"repeat","background-position":"center center","background-size":"auto","background-attachment":"scroll","background-type":"","background-media":"","overlay-type":"","overlay-color":"","overlay-opacity":"","overlay-gradient":""},"mobile":{"background-color":"var(--ast-global-color-5)","background-image":"","background-repeat":"repeat","background-position":"center center","background-size":"auto","background-attachment":"scroll","background-type":"","background-media":"","overlay-type":"","overlay-color":"","overlay-opacity":"","overlay-gradient":""}},"footnotes":""},"class_list":["post-3774","page","type-page","status-publish","hentry"],"rttpg_featured_image_url":null,"rttpg_author":{"display_name":"contato","author_link":"https:\/\/univinte.edu.br\/portal\/author\/contato\/"},"rttpg_comment":0,"rttpg_category":null,"rttpg_excerpt":"O curso de Licenciatura em Pedagogia &#8211; EaD da Fucap Univinte O Curso de Pedagogia da FUCAP esmera-se em promover conhecimentos te\u00f3ricos e pr\u00e1ticos consolidados e proporcionados no exerc\u00edcio da profiss\u00e3o, fundamentando-se em premissas vinculadas \u00e0 interdisciplinaridade, contextualiza\u00e7\u00e3o, democratiza\u00e7\u00e3o, pertin\u00eancia e relev\u00e2ncia social e \u00e9tica. Promove o conhecimento da escola como organiza\u00e7\u00e3o complexa, inserindo a&hellip;","_links":{"self":[{"href":"https:\/\/univinte.edu.br\/portal\/wp-json\/wp\/v2\/pages\/3774","targetHints":{"allow":["GET"]}}],"collection":[{"href":"https:\/\/univinte.edu.br\/portal\/wp-json\/wp\/v2\/pages"}],"about":[{"href":"https:\/\/univinte.edu.br\/portal\/wp-json\/wp\/v2\/types\/page"}],"author":[{"embeddable":true,"href":"https:\/\/univinte.edu.br\/portal\/wp-json\/wp\/v2\/users\/1"}],"replies":[{"embeddable":true,"href":"https:\/\/univinte.edu.br\/portal\/wp-json\/wp\/v2\/comments?post=3774"}],"version-history":[{"count":0,"href":"https:\/\/univinte.edu.br\/portal\/wp-json\/wp\/v2\/pages\/3774\/revisions"}],"wp:attachment":[{"href":"https:\/\/univinte.edu.br\/portal\/wp-json\/wp\/v2\/media?parent=3774"}],"curies":[{"name":"wp","href":"https:\/\/api.w.org\/{rel}","templated":true}]}}