{"id":42,"date":"2019-01-03T19:58:41","date_gmt":"2019-01-03T21:58:41","guid":{"rendered":"http:\/\/univinte.edu.br\/portal\/index.php\/acessibilidade\/"},"modified":"2023-08-15T14:45:03","modified_gmt":"2023-08-15T17:45:03","slug":"acessibilidade","status":"publish","type":"page","link":"https:\/\/univinte.edu.br\/portal\/acessibilidade\/","title":{"rendered":"Acessibilidade"},"content":{"rendered":"<figure><a href=\\\"http:\/\/www.fucap.edu.br\/arquivo\/nvda.zip\\\" target=\\\"_blank\\\" rel=\\\"noopener\\\"><img width=\\\"680\\\" height=\\\"208\\\" src=\\\"https:\/\/www.fucap.edu.br\/wp\/wp-content\/uploads\/2021\/03\/logonv.png\\\" alt=\\\"\\\" loading=\\\"lazy\\\" srcset=\\\"https:\/\/i1.wp.com\/www.fucap.edu.br\/wp\/wp-content\/uploads\/2021\/03\/logonv.png?w=680&amp;ssl=1 680w, https:\/\/i1.wp.com\/www.fucap.edu.br\/wp\/wp-content\/uploads\/2021\/03\/logonv.png?resize=300%2C92&amp;ssl=1 300w\\\" sizes=\\\"(max-width: 680px) 100vw, 680px\\\" \/><\/a><\/figure>\n<h3><a href=\\\"http:\/\/www.fucap.edu.br\/arquivo\/nvda.zip\\\" target=\\\"_blank\\\" rel=\\\"noopener\\\">NV Access<\/a><\/h3>\n<p>NonVisual Desktop Access \u00e9 um leitor de tela livre, aberto e port\u00e1til para Microsoft Windows. O projeto foi criado em 2006 por Michael Curran.<\/p>\n<figure><a href=\\\"https:\/\/www.vlibras.gov.br\/\\\" target=\\\"_blank\\\" rel=\\\"noopener\\\"><img width=\\\"160\\\" height=\\\"54\\\" src=\\\"https:\/\/www.fucap.edu.br\/wp\/wp-content\/uploads\/2021\/03\/vlibras.png\\\" alt=\\\"\\\" loading=\\\"lazy\\\" \/><\/a><\/figure>\n<h3><a href=\\\"https:\/\/www.vlibras.gov.br\/\\\" target=\\\"_blank\\\" rel=\\\"noopener\\\">Vlibras<\/a><\/h3>\n<p>O VLibras \u00e9 um conjunto de ferramentas usad na tradu\u00e7\u00e3o autom\u00e1tica do Portugu\u00eas para LIBRAS. Ele pode ser usado em computadores, celulares e p\u00e1ginas WEB. <\/p>\n<p>Siga a Fucap nas redes sociais:<\/p>\n<p>\t\t\t\t\t<a href=\\\"https:\/\/www.facebook.com\/fucap\/?epa=SEARCH_BOX\\\" target=\\\"_blank\\\" rel=\\\"noopener\\\"><br \/>\n\t\t\t\t\t\tFacebook<br \/>\n\t\t\t\t\t\t\t\t\t\t\t<\/a><br \/>\n\t\t\t\t\t<a href=\\\"https:\/\/twitter.com\/fucap_edu\\\" target=\\\"_blank\\\" rel=\\\"noopener\\\"><br \/>\n\t\t\t\t\t\tTwitter<br \/>\n\t\t\t\t\t\t\t\t\t\t\t<\/a><br \/>\n\t\t\t\t\t<a href=\\\"https:\/\/www.youtube.com\/channel\/UCz81EoOg0XR4RafpD_sfE3A\\\" target=\\\"_blank\\\" rel=\\\"noopener\\\"><br \/>\n\t\t\t\t\t\tYoutube<br \/>\n\t\t\t\t\t\t\t\t\t\t\t<\/a><br \/>\n\t\t\t\t\t<a href=\\\"https:\/\/www.instagram.com\/fucap_univinte\/\\\" target=\\\"_blank\\\" rel=\\\"noopener\\\"><br \/>\n\t\t\t\t\t\tInstagram<br \/>\n\t\t\t\t\t\t\t\t\t\t\t<\/a><br \/>\n\t\t\t\t\t<a href=\\\"https:\/\/br.linkedin.com\/in\/faculdade-fucap-362825109\\\" target=\\\"_blank\\\" rel=\\\"noopener\\\"><br \/>\n\t\t\t\t\t\tLinkedin<br \/>\n\t\t\t\t\t\t\t\t\t\t\t<\/a><\/p>\n<p>\u00a0<\/p>\n<p>Faculdade Fucap Univinte\u00a0 &#8211; Uma faculdade Inovadora<br \/>Central de Atendimento: (48) 3623-6000 | Endere\u00e7o: Av. Na\u00e7\u00f5es Unidas, 500 &#8211; Centro<br \/>\u00a0 \u00a0 CEP 88745-000 &#8211; Capivari de Baixo &#8211; SC\u00a0 \u00a0Brasil<\/p>\n<p>\t\t\t\t\t\t\t\t\t\t\t<a href=\\\"http:\/\/www.fucap.edu.br\/wp\/\\\"><br \/>\n\t\t\t\t\t\t\t<img width=\\\"194\\\" height=\\\"74\\\" src=\\\"https:\/\/www.fucap.edu.br\/wp\/wp-content\/uploads\/2019\/03\/logo-otimizada-rodape.png\\\" alt=\\\"\\\" loading=\\\"lazy\\\" \/>\t\t\t\t\t\t\t\t<\/a><br \/>\n\t\t\u00a9 2019 Faculdades Fucap. Todos os direitos reservados. Desenvolvido por <a style=\\\"color: #ffffff;\\\" href=\\\"http:\/\/www.creativeindesign.com.br\\\" target=\\\"_blank\\\" rel=\\\"noopener\\\">CreativeDesign<\/a><\/p>\n","protected":false},"excerpt":{"rendered":"<p>NV Access NonVisual Desktop Access \u00e9 um leitor de tela livre, aberto e port\u00e1til para Microsoft Windows. O projeto foi criado em 2006 por Michael Curran. Vlibras O VLibras \u00e9 um conjunto de ferramentas usad na tradu\u00e7\u00e3o autom\u00e1tica do Portugu\u00eas para LIBRAS. Ele pode ser usado em computadores, celulares e p\u00e1ginas WEB. Siga a Fucap [&hellip;]<\/p>\n","protected":false},"author":1,"featured_media":0,"parent":0,"menu_order":0,"comment_status":"closed","ping_status":"closed","template":"","meta":{"site-sidebar-layout":"default","site-content-layout":"","ast-site-content-layout":"default","site-content-style":"default","site-sidebar-style":"default","ast-global-header-display":"","ast-banner-title-visibility":"","ast-main-header-display":"","ast-hfb-above-header-display":"","ast-hfb-below-header-display":"","ast-hfb-mobile-header-display":"","site-post-title":"","ast-breadcrumbs-content":"","ast-featured-img":"","footer-sml-layout":"","ast-disable-related-posts":"","theme-transparent-header-meta":"","adv-header-id-meta":"","stick-header-meta":"","header-above-stick-meta":"","header-main-stick-meta":"","header-below-stick-meta":"","astra-migrate-meta-layouts":"default","ast-page-background-enabled":"default","ast-page-background-meta":{"desktop":{"background-color":"var(--ast-global-color-4)","background-image":"","background-repeat":"repeat","background-position":"center center","background-size":"auto","background-attachment":"scroll","background-type":"","background-media":"","overlay-type":"","overlay-color":"","overlay-opacity":"","overlay-gradient":""},"tablet":{"background-color":"","background-image":"","background-repeat":"repeat","background-position":"center center","background-size":"auto","background-attachment":"scroll","background-type":"","background-media":"","overlay-type":"","overlay-color":"","overlay-opacity":"","overlay-gradient":""},"mobile":{"background-color":"","background-image":"","background-repeat":"repeat","background-position":"center center","background-size":"auto","background-attachment":"scroll","background-type":"","background-media":"","overlay-type":"","overlay-color":"","overlay-opacity":"","overlay-gradient":""}},"ast-content-background-meta":{"desktop":{"background-color":"var(--ast-global-color-5)","background-image":"","background-repeat":"repeat","background-position":"center center","background-size":"auto","background-attachment":"scroll","background-type":"","background-media":"","overlay-type":"","overlay-color":"","overlay-opacity":"","overlay-gradient":""},"tablet":{"background-color":"var(--ast-global-color-5)","background-image":"","background-repeat":"repeat","background-position":"center center","background-size":"auto","background-attachment":"scroll","background-type":"","background-media":"","overlay-type":"","overlay-color":"","overlay-opacity":"","overlay-gradient":""},"mobile":{"background-color":"var(--ast-global-color-5)","background-image":"","background-repeat":"repeat","background-position":"center center","background-size":"auto","background-attachment":"scroll","background-type":"","background-media":"","overlay-type":"","overlay-color":"","overlay-opacity":"","overlay-gradient":""}},"footnotes":""},"class_list":["post-42","page","type-page","status-publish","hentry"],"rttpg_featured_image_url":null,"rttpg_author":{"display_name":"contato","author_link":"https:\/\/univinte.edu.br\/portal\/author\/contato\/"},"rttpg_comment":0,"rttpg_category":null,"rttpg_excerpt":"NV Access NonVisual Desktop Access \u00e9 um leitor de tela livre, aberto e port\u00e1til para Microsoft Windows. O projeto foi criado em 2006 por Michael Curran. Vlibras O VLibras \u00e9 um conjunto de ferramentas usad na tradu\u00e7\u00e3o autom\u00e1tica do Portugu\u00eas para LIBRAS. Ele pode ser usado em computadores, celulares e p\u00e1ginas WEB. Siga a Fucap&hellip;","_links":{"self":[{"href":"https:\/\/univinte.edu.br\/portal\/wp-json\/wp\/v2\/pages\/42","targetHints":{"allow":["GET"]}}],"collection":[{"href":"https:\/\/univinte.edu.br\/portal\/wp-json\/wp\/v2\/pages"}],"about":[{"href":"https:\/\/univinte.edu.br\/portal\/wp-json\/wp\/v2\/types\/page"}],"author":[{"embeddable":true,"href":"https:\/\/univinte.edu.br\/portal\/wp-json\/wp\/v2\/users\/1"}],"replies":[{"embeddable":true,"href":"https:\/\/univinte.edu.br\/portal\/wp-json\/wp\/v2\/comments?post=42"}],"version-history":[{"count":1,"href":"https:\/\/univinte.edu.br\/portal\/wp-json\/wp\/v2\/pages\/42\/revisions"}],"predecessor-version":[{"id":11581,"href":"https:\/\/univinte.edu.br\/portal\/wp-json\/wp\/v2\/pages\/42\/revisions\/11581"}],"wp:attachment":[{"href":"https:\/\/univinte.edu.br\/portal\/wp-json\/wp\/v2\/media?parent=42"}],"curies":[{"name":"wp","href":"https:\/\/api.w.org\/{rel}","templated":true}]}}