{"id":420,"date":"2019-01-16T01:45:21","date_gmt":"2019-01-16T03:45:21","guid":{"rendered":"http:\/\/univinte.edu.br\/portal\/index.php\/graduacao\/administracao\/"},"modified":"2022-07-14T18:58:36","modified_gmt":"2022-07-14T21:58:36","slug":"administracao","status":"publish","type":"page","link":"https:\/\/univinte.edu.br\/portal\/graduacao\/administracao\/","title":{"rendered":"Administra\u00e7\u00e3o"},"content":{"rendered":"\t\t<div data-elementor-type=\"wp-post\" data-elementor-id=\"420\" class=\"elementor elementor-420\">\n\t\t\t\t\t\t<section class=\"elementor-section elementor-top-section elementor-element elementor-element-41be6e2b elementor-section-boxed elementor-section-height-default elementor-section-height-default\" data-id=\"41be6e2b\" data-element_type=\"section\" data-e-type=\"section\">\n\t\t\t\t\t\t<div class=\"elementor-container elementor-column-gap-default\">\n\t\t\t\t\t<div class=\"elementor-column elementor-col-100 elementor-top-column elementor-element elementor-element-2988193\" data-id=\"2988193\" data-element_type=\"column\" data-e-type=\"column\">\n\t\t\t<div class=\"elementor-widget-wrap elementor-element-populated\">\n\t\t\t\t\t\t<div class=\"elementor-element elementor-element-60c2c48f elementor-widget elementor-widget-text-editor\" data-id=\"60c2c48f\" data-element_type=\"widget\" data-e-type=\"widget\" data-widget_type=\"text-editor.default\">\n\t\t\t\t<div class=\"elementor-widget-container\">\n\t\t\t\t\t\t\t\t\t<h2><strong>Investimento<\/strong><\/h2>\n<p>Matr\u00edcula: 6&nbsp;mensalidades de R$817,20.<\/p>\n<h3><strong>Objetivo do curso<\/strong><\/h3>\n<p>&nbsp;O curso de Administra\u00e7\u00e3o da Faculdade Capivari, congregando com as inten\u00e7\u00f5es despertadas desde a concep\u00e7\u00e3o institucional, busca formar um profissional integral dentro das compet\u00eancias descritas pelas Diretrizes Curriculares Nacionais. Nesse sentido, ao observar suas quest\u00f5es t\u00e9cnico-estruturais, o curso tem o objetivo de \u201cFormar Administradores empreendedores, com vis\u00e3o sist\u00eamica das organiza\u00e7\u00f5es, capazes de atuar em um ambiente de inova\u00e7\u00e3o e competitividade, contribuindo para o desenvolvimento econ\u00f4mico, social e ambiental sustent\u00e1vel\u201d.<\/p>\n<h3><strong>Perfil do profissional<\/strong><\/h3>\n<p>O Administrador formado pela FUCAP dever\u00e1 absorver a capacidade de reconhecer, definir e sistematizar as din\u00e2micas, estrat\u00e9gias e compet\u00eancias da organiza\u00e7\u00e3o, atuando de modo a produzir, disseminar e contextualizar conhecimento que considere a organiza\u00e7\u00e3o como um todo. Al\u00e9m disso, este agente vai estar preparado para tomar decis\u00f5es que tenham impacto em seu exerc\u00edcio profissional, por meio de uma reflex\u00e3o cr\u00edtica e empreendedora, compreendendo sua fun\u00e7\u00e3o e posicionamento estrat\u00e9gico no contexto organizacional.<\/p>\n<h3><strong>Campo de atua\u00e7\u00e3o do profissional&nbsp;<\/strong><\/h3>\n<p>O bacharel em Administra\u00e7\u00e3o atua na gest\u00e3o de organiza\u00e7\u00f5es p\u00fablicas e privadas, na determina\u00e7\u00e3o de linhas gerais de organiza\u00e7\u00e3o e de diretrizes estrat\u00e9gicas relativas ao funcionamento da m\u00e1quina administrativa, tendo sob sua responsabilidade o planejamento, a organiza\u00e7\u00e3o, o controle, a coordena\u00e7\u00e3o e a avalia\u00e7\u00e3o das atividades administrativas da empresa. Seu campo de atua\u00e7\u00e3o abrange tanto o servi\u00e7o p\u00fablico como empresas privadas do setor industrial, comercial ou de servi\u00e7os, o terceiro setor e organiza\u00e7\u00f5es n\u00e3o governamentais, atividades de consultoria e assessoria, al\u00e9m de institui\u00e7\u00f5es de ensino.<\/p>\n<div>\n<div id=\"div_ce0052a7-2814-4984-8441-9c0c057166e0\">\n<div id=\"MSOZoneCell_WebPartctl00_ctl42_g_ce0052a7_2814_4984_8441_9c0c057166e0\">\n<div id=\"WebPartctl00_ctl42_g_ce0052a7_2814_4984_8441_9c0c057166e0\">\n<div id=\"ctl00_ctl42_g_ce0052a7_2814_4984_8441_9c0c057166e0\">\n<h3><strong>Coordena\u00e7\u00e3o<\/strong><\/h3>\n<div>\n<p>Av. Nilton Augusto Sachett, n\u00ba 500 \u2013 Bairro Santo Andr\u00e9 \u2013 Capivari de Baixo\/SC<br>CEP: 88745-000<\/p>\n<p>Telefone Coordena\u00e7\u00e3o: (48) 3623-6000<br><a href=\"https:\/\/www.fucap.edu.br\/wp\/administracao\/secretaria@fucap.edu.br\" data-cke-saved-href=\"https:\/\/www.fucap.edu.br\/wp\/administracao\/secretaria@fucap.edu.br\">secretaria@fucap.edu.br<\/a><\/p>\n<p><strong>Hor\u00e1rio de Atendimento da Coordena\u00e7\u00e3o<\/strong><\/p>\n<p>Segunda a Sexta: Vespertino e Noturno.<\/p>\n<p><strong>Coordenador<\/strong><br><strong>Prof. Ms. Emillie Michels<\/strong><\/p>\n<p>Mestre em Administra\u00e7\u00e3o Universit\u00e1ria, linha de pesquisa Universidade e Sociedade, pelo PPGAU\/UFSC; especialista em Direito Educacional e em Gest\u00e3o e Doc\u00eancia da Educa\u00e7\u00e3o Superior. Administradora, advogada e docente universit\u00e1ria principalmente nas disciplinas de: Gest\u00e3o de Pessoas, Direito e Pol\u00edtica Educacional, Did\u00e1tica\/Metodologia do Ensino Superior. Interesse de pesquisa nas seguintes \u00e1reas: Direito, Regula\u00e7\u00e3o e Avalia\u00e7\u00e3o da Educa\u00e7\u00e3o Superior; Metodologias Ativas de Aprendizagem; Desenvolvimento Institucional e Compliance. S\u00f3cia-Fundadora da Editora Fucap.&nbsp;Diretora Acad\u00eamica da Faculdade Capivari, com atividades de gest\u00e3o e de atua\u00e7\u00e3o pedag\u00f3gica em n\u00edvel de gradua\u00e7\u00e3o, p\u00f3s-gradua\u00e7\u00e3o e extens\u00e3o e Procuradora Institucional (OAB\/SC 41.669). Tem experi\u00eancia na gest\u00e3o de Projetos Pedag\u00f3gicos de Cursos, Projetos Institucionais (PDI e PPI), assim como em fluxo processual de atos regulat\u00f3rios de autoriza\u00e7\u00e3o, reconhecimento e renova\u00e7\u00e3o de reconhecimento de cursos de gradua\u00e7\u00e3o, e recredenciamento de IES. Coordenadora dos Cursos de Administra\u00e7\u00e3o, Hotelaria e Processos Gerenciais e Coordenadora Adjunta do Curso de Direito da Faculdade Capivari.<\/p>\n<h3 style=\"font-size: 1.66667rem; font-style: normal;\"><span style=\"font-weight: 700;\">Processo seletivo: Formas de ingresso<\/span><\/h3>\n<p><span style=\"font-family: Arial, Helvetica, sans-serif;\"><span style=\"font-size: large;\"><b>HIST\u00d3RICO ESCOLAR<\/b><\/span><\/span><\/p>\n<p>V\u00e1lido para 1\u00ba ano e 2\u00ba ano do Ensino M\u00e9dio;<\/p>\n<p><span style=\"font-family: Arial, Helvetica, sans-serif;\"><span style=\"font-size: large;\"><b>E<\/b><\/span><\/span><span style=\"font-family: Arial, Helvetica, sans-serif;\"><span style=\"font-size: large;\"><b>NEM &#8211; EXAME NACIONAL DO ENSINO M\u00c9DIO<\/b><\/span><\/span><\/p>\n<p align=\"left\"><span style=\"font-family: Arial, Helvetica, sans-serif;\">Com Enem voc\u00ea pagar\u00e1 depois de formado sem juros ou inscreva-se no PROUNI;<\/span><\/p>\n<p align=\"left\"><strong><span style=\"font-family: Arial, Helvetica, sans-serif;\">REDA\u00c7\u00c3O<\/span><\/strong><\/p>\n<p>Voc\u00ea ingressa na primeira chamada por reda\u00e7\u00e3o e na segunda chamada consulte o ediltal. O 1\u00ba colocado na reda\u00e7\u00e3o ganha a 1\u00aa mensalidade e concorre a 2 bolsas de 50% no curso escolhido.<strong>*<\/strong><\/p>\n<p><strong>*N\u00e3o cobramos taxa de matr\u00edcula.<\/strong><\/p>\n<p><strong>Documentos para Matr\u00edcula<\/strong><\/p>\n<p>Carteira de Identidade; Comprovante de resid\u00eancia; Documento que comprove que est\u00e1 em dia com o servi\u00e7o militar; Foto 3&#215;4; Certificado de conclus\u00e3o e hist\u00f3rico do Ensino M\u00e9dio; T\u00edtulo de eleitor; Certid\u00e3o de nascimento ou de casamento. Se estiver vindo de outra institui\u00e7\u00e3o: Hist\u00f3rico da outra institui\u00e7\u00e3o.<\/p>\n<p>Documenta\u00e7\u00e3o at\u00e9 dia 14\/02 para Ensino M\u00e9dio.<\/p>\n<p><strong>Grade Curricular <\/strong><\/p>\n<p><a href=\"https:\/\/www.fucap.edu.br\/cursos2021\/grad\/MatrizADM105.pdf\" data-cke-saved-href=\"https:\/\/www.fucap.edu.br\/cursos2021\/grad\/MatrizADM105.pdf\">Baixar aqui<\/a><\/p>\n<\/div>\n<\/div>\n<\/div>\n<\/div>\n<\/div>\n<\/div>\t\t\t\t\t\t\t\t<\/div>\n\t\t\t\t<\/div>\n\t\t\t\t\t<\/div>\n\t\t<\/div>\n\t\t\t\t\t<\/div>\n\t\t<\/section>\n\t\t\t\t<\/div>\n\t\t","protected":false},"excerpt":{"rendered":"<p>Investimento Matr\u00edcula: 6&nbsp;mensalidades de R$817,20. Objetivo do curso &nbsp;O curso de Administra\u00e7\u00e3o da Faculdade Capivari, congregando com as inten\u00e7\u00f5es despertadas desde a concep\u00e7\u00e3o institucional, busca formar um profissional integral dentro das compet\u00eancias descritas pelas Diretrizes Curriculares Nacionais. Nesse sentido, ao observar suas quest\u00f5es t\u00e9cnico-estruturais, o curso tem o objetivo de \u201cFormar Administradores empreendedores, com vis\u00e3o [&hellip;]<\/p>\n","protected":false},"author":1,"featured_media":0,"parent":65,"menu_order":0,"comment_status":"closed","ping_status":"closed","template":"","meta":{"site-sidebar-layout":"default","site-content-layout":"","ast-site-content-layout":"default","site-content-style":"default","site-sidebar-style":"default","ast-global-header-display":"","ast-banner-title-visibility":"","ast-main-header-display":"","ast-hfb-above-header-display":"","ast-hfb-below-header-display":"","ast-hfb-mobile-header-display":"","site-post-title":"","ast-breadcrumbs-content":"","ast-featured-img":"","footer-sml-layout":"","ast-disable-related-posts":"","theme-transparent-header-meta":"","adv-header-id-meta":"","stick-header-meta":"","header-above-stick-meta":"","header-main-stick-meta":"","header-below-stick-meta":"","astra-migrate-meta-layouts":"default","ast-page-background-enabled":"default","ast-page-background-meta":{"desktop":{"background-color":"var(--ast-global-color-4)","background-image":"","background-repeat":"repeat","background-position":"center center","background-size":"auto","background-attachment":"scroll","background-type":"","background-media":"","overlay-type":"","overlay-color":"","overlay-opacity":"","overlay-gradient":""},"tablet":{"background-color":"","background-image":"","background-repeat":"repeat","background-position":"center center","background-size":"auto","background-attachment":"scroll","background-type":"","background-media":"","overlay-type":"","overlay-color":"","overlay-opacity":"","overlay-gradient":""},"mobile":{"background-color":"","background-image":"","background-repeat":"repeat","background-position":"center center","background-size":"auto","background-attachment":"scroll","background-type":"","background-media":"","overlay-type":"","overlay-color":"","overlay-opacity":"","overlay-gradient":""}},"ast-content-background-meta":{"desktop":{"background-color":"var(--ast-global-color-5)","background-image":"","background-repeat":"repeat","background-position":"center center","background-size":"auto","background-attachment":"scroll","background-type":"","background-media":"","overlay-type":"","overlay-color":"","overlay-opacity":"","overlay-gradient":""},"tablet":{"background-color":"var(--ast-global-color-5)","background-image":"","background-repeat":"repeat","background-position":"center center","background-size":"auto","background-attachment":"scroll","background-type":"","background-media":"","overlay-type":"","overlay-color":"","overlay-opacity":"","overlay-gradient":""},"mobile":{"background-color":"var(--ast-global-color-5)","background-image":"","background-repeat":"repeat","background-position":"center center","background-size":"auto","background-attachment":"scroll","background-type":"","background-media":"","overlay-type":"","overlay-color":"","overlay-opacity":"","overlay-gradient":""}},"footnotes":""},"class_list":["post-420","page","type-page","status-publish","hentry"],"rttpg_featured_image_url":null,"rttpg_author":{"display_name":"contato","author_link":"https:\/\/univinte.edu.br\/portal\/author\/contato\/"},"rttpg_comment":0,"rttpg_category":null,"rttpg_excerpt":"Investimento Matr\u00edcula: 6&nbsp;mensalidades de R$817,20. Objetivo do curso &nbsp;O curso de Administra\u00e7\u00e3o da Faculdade Capivari, congregando com as inten\u00e7\u00f5es despertadas desde a concep\u00e7\u00e3o institucional, busca formar um profissional integral dentro das compet\u00eancias descritas pelas Diretrizes Curriculares Nacionais. Nesse sentido, ao observar suas quest\u00f5es t\u00e9cnico-estruturais, o curso tem o objetivo de \u201cFormar Administradores empreendedores, com vis\u00e3o&hellip;","_links":{"self":[{"href":"https:\/\/univinte.edu.br\/portal\/wp-json\/wp\/v2\/pages\/420","targetHints":{"allow":["GET"]}}],"collection":[{"href":"https:\/\/univinte.edu.br\/portal\/wp-json\/wp\/v2\/pages"}],"about":[{"href":"https:\/\/univinte.edu.br\/portal\/wp-json\/wp\/v2\/types\/page"}],"author":[{"embeddable":true,"href":"https:\/\/univinte.edu.br\/portal\/wp-json\/wp\/v2\/users\/1"}],"replies":[{"embeddable":true,"href":"https:\/\/univinte.edu.br\/portal\/wp-json\/wp\/v2\/comments?post=420"}],"version-history":[{"count":13,"href":"https:\/\/univinte.edu.br\/portal\/wp-json\/wp\/v2\/pages\/420\/revisions"}],"predecessor-version":[{"id":7289,"href":"https:\/\/univinte.edu.br\/portal\/wp-json\/wp\/v2\/pages\/420\/revisions\/7289"}],"up":[{"embeddable":true,"href":"https:\/\/univinte.edu.br\/portal\/wp-json\/wp\/v2\/pages\/65"}],"wp:attachment":[{"href":"https:\/\/univinte.edu.br\/portal\/wp-json\/wp\/v2\/media?parent=420"}],"curies":[{"name":"wp","href":"https:\/\/api.w.org\/{rel}","templated":true}]}}