{"id":4472,"date":"2020-04-16T14:07:51","date_gmt":"2020-04-16T17:07:51","guid":{"rendered":"http:\/\/univinte.edu.br\/portal\/index.php\/pos-graduacao\/marketing-e-vendas-com-enfase-em-marketing-digital-ead\/"},"modified":"2020-04-16T14:07:51","modified_gmt":"2020-04-16T17:07:51","slug":"marketing-e-vendas-com-enfase-em-marketing-digital-ead","status":"publish","type":"page","link":"https:\/\/univinte.edu.br\/portal\/pos-graduacao\/marketing-e-vendas-com-enfase-em-marketing-digital-ead\/","title":{"rendered":"MARKETING E VENDAS com \u00eanfase em Marketing Digital EaD"},"content":{"rendered":"<ul>\n<li >\n\t\t\t\t\t\t\t\t\t\tInscri\u00e7\u00f5es Abertas\n\t\t\t\t\t\t\t\t\t<\/li>\n<\/ul>\n<ul>\n<li >\n\t\t\t\t\t\t\t\t\t\tPortif\u00f3lio do curso\n\t\t\t\t\t\t\t\t\t<\/li>\n<\/ul>\n<h3>P\u00f3s-Gradua\u00e7\u00e3o<\/h3>\n<p>MARKETING E VENDAS com \u00eanfase em Marketing Digital EaD<!-- .lae-service-text --><!-- .lae-service --><!-- .lae-service-wrapper --><\/p>\n<h3>atos regulat\u00f3rios<\/h3>\n<p>Recredenciamento no MEC pela Portaria n\u00ba 180, de 6\/2\/2017.<br \/>\nResolu\u00e7\u00e3o CNE\/CES n\u00ba 1, de 8\/6\/2007<!-- .lae-service-text --><!-- .lae-service --><!-- .lae-service-wrapper --><\/p>\n<h3>carga hor\u00e1ria<\/h3>\n<p>       420 horas<!-- .lae-service-text --><!-- .lae-service --><!-- .lae-service-wrapper --><\/p>\n<h3>investimentos<\/h3>\n<p>18 PARCELAS DE 190,40<!-- .lae-service-text --><!-- .lae-service --><!-- .lae-service-wrapper --><!-- .lae-services -->\t\t<\/p>\n<h2><b><font size=\\\"4\\\"><font size=\\\"4\\\"><b>MARKETING E VENDAS com \u00eanfase em Marketing Digital<\/b><\/font> EaD<\/font><\/b><\/h2>\n<h2>Objetivo<\/h2>\n<p>Oferecer aos alunos a oportunidade de participar de uma P\u00f3s-Gradua\u00e7\u00e3o em Marketing e Vendas, que propicie a capacita\u00e7\u00e3o para o mercado em gest\u00e3o mercadol\u00f3gica.<\/p>\n<h2>P\u00fablico Alvo<\/h2>\n<p>Graduados em ensino superior, nas \u00e1reas de Administra\u00e7\u00e3o, Economia, Comunica\u00e7\u00e3o Social, Tecnologia em Marketing e demais interessados.<\/p>\n<h2>In\u00edcio do Curso<\/h2>\n<p><b>Maio\/2020<\/b><\/p>\n<h2>N\u00famero de Vagas<\/h2>\n<p>30 vagas<\/p>\n<h2>Local da Inscri\u00e7\u00e3o<\/h2>\n<p>Faculdade Fucap Univinte\u00a0 \u2013 Uma faculdade Inovadora<br \/>Central de Atendimento: (48) 3623-6037 | Endere\u00e7o: Av. Na\u00e7\u00f5es Unidas, 500 \u2013 Centro<br \/>CEP 88745-000 \u2013 Capivari de Baixo \u2013 SC<br \/><strong>Telefone<\/strong>: 48-3623-6039\u00a0<br \/><strong>E-mail<\/strong>: <a href=\\\"mailto:pos@fucap.edu.br\\\">pos@fucap.edu.br<\/a>\u00a0<\/p>\n<h2>Matriz Curricular<\/h2>\n<p>DISCIPLINAS<\/p>\n<p>HORA AULA<\/p>\n<p><strong>Fundamentos de Marketing Aplicado<\/strong><\/p>\n<p>45 HORAS<\/p>\n<p><strong>Marketing de Servi\u00e7os<\/strong><\/p>\n<p>45 HORAS<\/p>\n<p><strong>Marketing 4.0 na Economia Digital<\/strong><\/p>\n<p>45 HORAS<\/p>\n<p><strong>Negocia\u00e7\u00e3o Empresarial<\/strong><\/p>\n<p>45 HORAS<\/p>\n<p><strong>T\u00e9cnicas de Vendas e Argumenta\u00e7\u00e3o<\/strong><\/p>\n<p>45 HORAS<\/p>\n<p><strong>Planejamento e Gest\u00e3o de Vendas<\/strong><\/p>\n<p>45 HORAS<\/p>\n<p><strong>Intelig\u00eancia Competitiva e Pesquisa de Mercado<\/strong><\/p>\n<p>45 HORAS<\/p>\n<p><strong>Gest\u00e3o de Portf\u00f3lio, Marcas e Branding<\/strong><\/p>\n<p>45 HORAS<\/p>\n<p><strong>Metodologia da Pesquisa<\/strong><\/p>\n<p>60 HORAS<\/p>\n<p>TOTAL<\/p>\n<p>420 HORAS<\/p>\n<p>\t\t\t\t\t\t\t\t\t\t\t\t<a href=\\\"\\\">Certifica\u00e7\u00e3o<\/a><\/p>\n<p>O aluno receber\u00e1 o t\u00edtulo de Especialista em Marketing e Vendas.<br \/>A certifica\u00e7\u00e3o obedece \u00e0 Resolu\u00e7\u00e3o N\u00ba 001\/2007 do CNE quanto aos requisitos do<br \/>certificado de especializa\u00e7\u00e3o. O ato de recredenciamento institucional v\u00e1lido \u00e9 o publicado pela<br \/>Portaria Ministerial N\u00ba 180, de 3 de fevereiro de 2017.<\/p>\n<p>\t\t\t\t\t\t\t\t\t\t\t\t<a href=\\\"\\\">Documenta\u00e7\u00e3o necess\u00e1ria<\/a><\/p>\n<p>Em obedi\u00eancia \u00e0 Resolu\u00e7\u00e3o n. 01 do CNE de 2007, e Portaria n. 1224 de 18 de<br \/>dezembro de 2013, os documentos necess\u00e1rios \u00e0 matr\u00edcula s\u00e3o:<\/p>\n<ul>\n<li>\u00a0C\u00f3pia do Diploma de Gradua\u00e7\u00e3o;<\/li>\n<li>C\u00f3pia do Hist\u00f3rico Escolar da Gradua\u00e7\u00e3o;<\/li>\n<li>\u00a0C\u00f3pia do comprovante de resid\u00eancia;<\/li>\n<li>C\u00f3pia do RG e CPF;<\/li>\n<li>C\u00f3pia da certid\u00e3o de nascimento ou casamento;<\/li>\n<li>Uma foto 3&#215;4 recente.<\/li>\n<\/ul>\n<ul>\n<li >\n\t\t\t\t\t<a href=\\\"\/\/www.fucap.edu.br\/unimestreinsc\\\" target=\\\"_blank\\\" rel=\\\"noopener noreferrer\\\"><br \/>\n\t\t\t\t\t\t\t\t\t\tSALA DE MATR\u00cdCULAS<br \/>\n\t\t\t\t\t\t\t\t\t\t\t<\/a>\n\t\t\t\t\t\t\t\t\t<\/li>\n<\/ul>\n<p><strong>Alunos egressos da Fucap, poder\u00e3o requerer a Bolsa Egresso, que concede at\u00e9 20% de desconto nas mensalidades, ap\u00f3s confirma\u00e7\u00e3o de turma. N\u00e3o se aplica \u00e0 1\u00aa parcela no ato da inscri\u00e7\u00e3o.\u00a0Informe-se tamb\u00e9m sobre as demais modalidades de bolsas em <a href=\\\"\/\/www.fucap.edu.br\/wp\\\">www.fucap.edu.br<\/a><\/strong><\/p>\n<p>Siga a Fucap nas redes sociais:<\/p>\n<p>\t\t\t\t\t\t\t<a href=\\\"\/\/www.facebook.com\/fucap\/?epa=SEARCH_BOX\\\" target=\\\"_blank\\\" rel=\\\"noopener noreferrer\\\"><br \/>\n\t\t\t\t\tFacebook<br \/>\n\t\t\t\t\t\t\t\t\t<\/a><br \/>\n\t\t\t\t\t\t\t<a href=\\\"\/\/twitter.com\/fucap_edu\\\" target=\\\"_blank\\\" rel=\\\"noopener noreferrer\\\"><br \/>\n\t\t\t\t\tTwitter<br \/>\n\t\t\t\t\t\t\t\t\t<\/a><br \/>\n\t\t\t\t\t\t\t<a href=\\\"\/\/www.youtube.com\/channel\/UCz81EoOg0XR4RafpD_sfE3A\\\" target=\\\"_blank\\\" rel=\\\"noopener noreferrer\\\"><br \/>\n\t\t\t\t\tYoutube<br \/>\n\t\t\t\t\t\t\t\t\t<\/a><br \/>\n\t\t\t\t\t\t\t<a href=\\\"\/\/www.instagram.com\/fucap_univinte\/\\\" target=\\\"_blank\\\" rel=\\\"noopener noreferrer\\\"><br \/>\n\t\t\t\t\tInstagram<br \/>\n\t\t\t\t\t\t\t\t\t<\/a><br \/>\n\t\t\t\t\t\t\t<a href=\\\"\/\/br.linkedin.com\/in\/faculdade-fucap-362825109\\\" target=\\\"_blank\\\" rel=\\\"noopener noreferrer\\\"><br \/>\n\t\t\t\t\tLinkedin<br \/>\n\t\t\t\t\t\t\t\t\t<\/a><\/p>\n<p>\u00a0<\/p>\n<p>Faculdade Fucap Univinte\u00a0 &#8211; Uma faculdade Inovadora<br \/>Central de Atendimento: (48) 3623-6000 | Endere\u00e7o: Av. Na\u00e7\u00f5es Unidas, 500 &#8211; Centro<br \/>\u00a0 \u00a0 CEP 88745-000 &#8211; Capivari de Baixo &#8211; SC\u00a0 \u00a0Brasil<\/p>\n<p>\t\t\t\t\t\t\t\t\t\t\t<a href=\\\"\/\/www.fucap.edu.br\/wp\/\\\"><br \/>\n\t\t\t\t\t\t\t<img width=\\\"194\\\" height=\\\"74\\\" src=\\\"https:\/\/www.fucap.edu.br\/wp\/wp-content\/uploads\/2019\/03\/logo-otimizada-rodape.png\\\" alt=\\\"\\\" \/>\t\t\t\t\t\t\t\t<\/a><br \/>\n\t\t\u00a9 2019 Faculdades Fucap. Todos os direitos reservados.\u00a0<br \/>\n\t\t\t\t\t\t\t\t\t\t\t<a href=\\\"\/\/www.facebook.com\/cretivedessign\/\\\" target=\\\"_blank\\\" rel=\\\"noopener noreferrer\\\"><br \/>\n\t\t\t\t\t\t\t<img width=\\\"276\\\" height=\\\"179\\\" src=\\\"https:\/\/www.fucap.edu.br\/wp\/wp-content\/uploads\/2019\/06\/logo-ass-site.png\\\" alt=\\\"\\\" \/>\t\t\t\t\t\t\t\t<\/a><\/p>\n","protected":false},"excerpt":{"rendered":"<p>Inscri\u00e7\u00f5es Abertas Portif\u00f3lio do curso P\u00f3s-Gradua\u00e7\u00e3o MARKETING E VENDAS com \u00eanfase em Marketing Digital EaD atos regulat\u00f3rios Recredenciamento no MEC pela Portaria n\u00ba 180, de 6\/2\/2017. Resolu\u00e7\u00e3o CNE\/CES n\u00ba 1, de 8\/6\/2007 carga hor\u00e1ria 420 horas investimentos 18 PARCELAS DE 190,40 MARKETING E VENDAS com \u00eanfase em Marketing Digital EaD Objetivo Oferecer aos alunos a [&hellip;]<\/p>\n","protected":false},"author":1,"featured_media":0,"parent":33,"menu_order":0,"comment_status":"closed","ping_status":"closed","template":"","meta":{"site-sidebar-layout":"default","site-content-layout":"","ast-site-content-layout":"default","site-content-style":"default","site-sidebar-style":"default","ast-global-header-display":"","ast-banner-title-visibility":"","ast-main-header-display":"","ast-hfb-above-header-display":"","ast-hfb-below-header-display":"","ast-hfb-mobile-header-display":"","site-post-title":"","ast-breadcrumbs-content":"","ast-featured-img":"","footer-sml-layout":"","ast-disable-related-posts":"","theme-transparent-header-meta":"","adv-header-id-meta":"","stick-header-meta":"","header-above-stick-meta":"","header-main-stick-meta":"","header-below-stick-meta":"","astra-migrate-meta-layouts":"default","ast-page-background-enabled":"default","ast-page-background-meta":{"desktop":{"background-color":"var(--ast-global-color-4)","background-image":"","background-repeat":"repeat","background-position":"center center","background-size":"auto","background-attachment":"scroll","background-type":"","background-media":"","overlay-type":"","overlay-color":"","overlay-opacity":"","overlay-gradient":""},"tablet":{"background-color":"","background-image":"","background-repeat":"repeat","background-position":"center center","background-size":"auto","background-attachment":"scroll","background-type":"","background-media":"","overlay-type":"","overlay-color":"","overlay-opacity":"","overlay-gradient":""},"mobile":{"background-color":"","background-image":"","background-repeat":"repeat","background-position":"center center","background-size":"auto","background-attachment":"scroll","background-type":"","background-media":"","overlay-type":"","overlay-color":"","overlay-opacity":"","overlay-gradient":""}},"ast-content-background-meta":{"desktop":{"background-color":"var(--ast-global-color-5)","background-image":"","background-repeat":"repeat","background-position":"center center","background-size":"auto","background-attachment":"scroll","background-type":"","background-media":"","overlay-type":"","overlay-color":"","overlay-opacity":"","overlay-gradient":""},"tablet":{"background-color":"var(--ast-global-color-5)","background-image":"","background-repeat":"repeat","background-position":"center center","background-size":"auto","background-attachment":"scroll","background-type":"","background-media":"","overlay-type":"","overlay-color":"","overlay-opacity":"","overlay-gradient":""},"mobile":{"background-color":"var(--ast-global-color-5)","background-image":"","background-repeat":"repeat","background-position":"center center","background-size":"auto","background-attachment":"scroll","background-type":"","background-media":"","overlay-type":"","overlay-color":"","overlay-opacity":"","overlay-gradient":""}},"ngg_post_thumbnail":0,"footnotes":""},"class_list":["post-4472","page","type-page","status-publish","hentry"],"rttpg_featured_image_url":null,"rttpg_author":{"display_name":"contato","author_link":"https:\/\/univinte.edu.br\/portal\/author\/contato\/"},"rttpg_comment":0,"rttpg_category":null,"rttpg_excerpt":"Inscri\u00e7\u00f5es Abertas Portif\u00f3lio do curso P\u00f3s-Gradua\u00e7\u00e3o MARKETING E VENDAS com \u00eanfase em Marketing Digital EaD atos regulat\u00f3rios Recredenciamento no MEC pela Portaria n\u00ba 180, de 6\/2\/2017. Resolu\u00e7\u00e3o CNE\/CES n\u00ba 1, de 8\/6\/2007 carga hor\u00e1ria 420 horas investimentos 18 PARCELAS DE 190,40 MARKETING E VENDAS com \u00eanfase em Marketing Digital EaD Objetivo Oferecer aos alunos a&hellip;","_links":{"self":[{"href":"https:\/\/univinte.edu.br\/portal\/wp-json\/wp\/v2\/pages\/4472","targetHints":{"allow":["GET"]}}],"collection":[{"href":"https:\/\/univinte.edu.br\/portal\/wp-json\/wp\/v2\/pages"}],"about":[{"href":"https:\/\/univinte.edu.br\/portal\/wp-json\/wp\/v2\/types\/page"}],"author":[{"embeddable":true,"href":"https:\/\/univinte.edu.br\/portal\/wp-json\/wp\/v2\/users\/1"}],"replies":[{"embeddable":true,"href":"https:\/\/univinte.edu.br\/portal\/wp-json\/wp\/v2\/comments?post=4472"}],"version-history":[{"count":0,"href":"https:\/\/univinte.edu.br\/portal\/wp-json\/wp\/v2\/pages\/4472\/revisions"}],"up":[{"embeddable":true,"href":"https:\/\/univinte.edu.br\/portal\/wp-json\/wp\/v2\/pages\/33"}],"wp:attachment":[{"href":"https:\/\/univinte.edu.br\/portal\/wp-json\/wp\/v2\/media?parent=4472"}],"curies":[{"name":"wp","href":"https:\/\/api.w.org\/{rel}","templated":true}]}}