{"id":4710,"date":"2020-10-19T14:21:58","date_gmt":"2020-10-19T17:21:58","guid":{"rendered":"http:\/\/univinte.edu.br\/portal\/index.php\/pos-arqueologia-e-patrimonio-cultural\/"},"modified":"2020-10-19T14:21:58","modified_gmt":"2020-10-19T17:21:58","slug":"pos-arqueologia-e-patrimonio-cultural","status":"publish","type":"page","link":"https:\/\/univinte.edu.br\/portal\/pos-arqueologia-e-patrimonio-cultural\/","title":{"rendered":"POS Arqueologia e Patrim\u00f4nio Cultural"},"content":{"rendered":"<ul>\n<li>\n\t\t\t\t\t\t\t\t\t\tInscri\u00e7\u00f5es Abertas\n\t\t\t\t\t\t\t\t\t<\/li>\n<\/ul>\n<ul>\n<li>\n\t\t\t\t\t\t\t\t\t\t\t<a href=\\\"\/\/www.fucap.edu.br\/portal\/template\/projeto2016\/portifolio\/587bb415d6cdb0b3995c91024c619d34\\\" target=\\\"_blank\\\" rel=\\\"noopener\\\"><br \/>\n\t\t\t\t\t\t\t\t\t\t\tPortif\u00f3lio do curso<br \/>\n\t\t\t\t\t\t\t\t\t\t\t<\/a>\n\t\t\t\t\t\t\t\t\t<\/li>\n<\/ul>\n<ul>\n<li>\n\t\t\t\t\t\t\t\t\t\t\t<a href=\\\"https:\/\/www.univinte.com.br\/arqueologia-e-patrimonio-cultural\\\" target=\\\"_blank\\\" rel=\\\"noopener\\\"><br \/>\n\t\t\t\t\t\t\t\t\t\tSala de Matr\u00edcula<br \/>\n\t\t\t\t\t\t\t\t\t\t\t<\/a>\n\t\t\t\t\t\t\t\t\t<\/li>\n<\/ul>\n<p>DADOS DO CURSO<\/p>\n<ul>\n<li>\n\t\t\t\t\t\t\t\t\t\tP\u00f3s-Gradua\u00e7\u00e3o\n\t\t\t\t\t\t\t\t\t<\/li>\n<\/ul>\n<p>\t\tArqueologia e Patrim\u00f4nio Cultural\t\t<\/p>\n<ul>\n<li>\n\t\t\t\t\t\t\t\t\t\tAtos Regulat\u00f3rios\n\t\t\t\t\t\t\t\t\t<\/li>\n<\/ul>\n<ul>\n<li>Recredenciamento no MEC pela Portaria N\u00ba 180, de 6\/2\/2017.<\/li>\n<li>Resolu\u00e7\u00e3o CNE\/CES N\u00ba 1, de 8\/6\/2007.<\/li>\n<li>Cria\u00e7\u00e3o: Resolu\u00e7\u00e3o N\u00ba 5, de 20\/12\/2014.<\/li>\n<\/ul>\n<ul>\n<li>\n\t\t\t\t\t\t\t\t\t\tCarga Hor\u00e1ria\n\t\t\t\t\t\t\t\t\t<\/li>\n<\/ul>\n<p>420 horas<\/p>\n<ul>\n<li>\n\t\t\t\t\t\t\t\t\t\tInvestimento\n\t\t\t\t\t\t\t\t\t<\/li>\n<\/ul>\n<p><strong>Taxa de Inscri\u00e7\u00e3o:<\/strong> R$ 50,00<\/p>\n<p><strong>Mensalidade:<\/strong> 20 parcelas de R$ 298,00*<\/p>\n<p>*Descontos, verificar com o Setor de P\u00f3s-Gradua\u00e7\u00e3o.<\/p>\n<ul>\n<li>\n\t\t\t\t\t\t\t\t\t\tTurno\n\t\t\t\t\t\t\t\t\t<\/li>\n<\/ul>\n<p>Mensal \/ Concentrado<\/p>\n<h2>Arqueologia e Patrim\u00f4nio Cultural<\/h2>\n<h2>Objetivo<\/h2>\n<p>\t\tA Especializa\u00e7\u00e3o busca capacitar profissionais para atuarem em pesquisas       Arqueol\u00f3gicas\u00a0e Gest\u00e3o do Patrim\u00f4nio Cultural.\t\t<\/p>\n<h2>P\u00fablico-Alvo<\/h2>\n<p>\t\tGraduados na \u00e1rea de Hist\u00f3ria, Arqueologia, Geografia, Biologia, Comunica\u00e7\u00e3o, Direito, Pedagogia, Engenharias, Arquitetura e outras.\t\t<\/p>\n<h2>In\u00edcio do Curso<\/h2>\n<p><strong>Em comercializa\u00e7\u00e3o<\/strong><\/p>\n<h2>N\u00famero de Vagas<\/h2>\n<p>40 vagas<\/p>\n<h2>Local da Inscri\u00e7\u00e3o<\/h2>\n<p>\nFaculdade Fucap Univinte \u2013 Uma faculdade Inovadora<br \/>\nCentral de Atendimento: (48) 3623-6000 | Endere\u00e7o: Av. Na\u00e7\u00f5es Unidas, 500 \u2013 Centro<br \/>\nCEP 88745-000 \u2013 Capivari de Baixo \u2013 SC\n<\/p>\n<p>\n<strong>Setor de P\u00f3s-Gradu\u00e7\u00e3o<\/strong>: (48)3623-6039 \/ <strong>Whatsapp<\/strong>: (48)98835-7733<br \/>\n \/ <strong>E-mail<\/strong>: <a href=\\\"mailto:pos@fucap.edu.br\\\">pos@fucap.edu.br<\/a>\n<\/p>\n<h2>Matriz Curricular<\/h2>\n<p>DISCIPLINAS C\/H<\/p>\n<p>-Arte Rupestre &#8211; 30h\/a<br \/>-Estudos dos Artefatos L\u00edticos &#8211; 30h\/a<br \/>-Geoarqueologia &#8211; 30h\/a<br \/>-Gest\u00e3o de Acervos Arqueol\u00f3gicos &#8211; 30h\/a<br \/>-Gest\u00e3o do Patrim\u00f4nio Cultural: Interlocu\u00e7\u00e3o com a Comunidade -30h\/a<br \/>-Legisla\u00e7\u00e3o Aplicada ao Estudo Arqueol\u00f3gico -30h\/a<br \/>-Litologia Aplicada ao Estudo Arqueol\u00f3gico -30h\/a<br \/>-Metodologia da Pesquisa &#8211; 60h\/a<br \/>-Metodologia do Ensino Superior &#8211; 30h\/a<br \/>-Paleobot\u00e2nica \u2013 P\u00f3lens e Fit\u00f3litos &#8211; 30h\/a<br \/>-Semin\u00e1rio de Arqueologia: Temas Contempor\u00e2neos &#8211; 30h\/a<br \/>-Tecnologia Cer\u00e2mica e Arqueologia &#8211; 30h\/a<br \/>-Teoria em Arqueologia -Constru\u00e7\u00e3o do Pensamento Arqueol\u00f3gico &#8211; 30h\/a<br \/>-Teoria em Arqueologia -M\u00e9todos e T\u00e9cnicas -30h\/a<\/p>\n<p>TOTAL 420 h\/a<\/p>\n<p>\t\t\t\t\t\t\t\t\t\t\t\t<a href=\\\"\\\">Certifica\u00e7\u00e3o<\/a><\/p>\n<p>O Concluinte receber\u00e1 certificado com t\u00edtulo de Especialista em Arqueologia e Patrim\u00f4nio Cultural. O Curso disp\u00f5e de uma parceria com o Espa\u00e7o Arqueologia. O Aluno ao realizar o curso poder\u00e1 validar os cr\u00e9ditos no Mestrado em Arqeuologia Pr\u00e9-Hist\u00f3rica e Arte Rupestre do Instituto Polit\u00e9cnico de Tomar \u2013 Portugal, Integrante do Mestrado Europeu Conjunto Eramus Mundus \u2013 Quatern\u00e1rio e Pr\u00e9-Hist\u00f3ria.<\/p>\n<p>\n\t\t\t\t\t\t\t\t\t\t\t\t<a href=\\\"\\\">Documenta\u00e7\u00e3o necess\u00e1ria<\/a><\/p>\n<ul>\n<li>C\u00f3pia do Diploma de Gradua\u00e7\u00e3o;<\/li>\n<li>C\u00f3pia do Hist\u00f3rico Escolar da Gradua\u00e7\u00e3o;<\/li>\n<li>C\u00f3pia do comprovante de resid\u00eancia;<\/li>\n<li>C\u00f3pia do RG e CPF;<\/li>\n<li>C\u00f3pia da certid\u00e3o de nascimento ou casamento;<\/li>\n<li>Uma foto 3&#215;4 recente.<\/li>\n<\/ul>\n<ul>\n<li>\n\t\t\t\t\t\t\t\t\t\t\t<a href=\\\"https:\/\/docs.google.com\/forms\/d\/1Wp3ypNk5Q4bVKhCM_DcggEsj7SAoro946gNZp3cupoo\/viewform?edit_requested=true\\\" target=\\\"_blank\\\" rel=\\\"noopener\\\"><br \/>\n\t\t\t\t\t\t\t\t\t\tINSCRI\u00c7\u00d5ES ONLINE<br \/>\n\t\t\t\t\t\t\t\t\t\t\t<\/a>\n\t\t\t\t\t\t\t\t\t<\/li>\n<\/ul>\n<p><strong>Alunos egressos da Fucap, poder\u00e3o requerer a Bolsa Egresso, que concede at\u00e9 20% de desconto nas mensalidades, ap\u00f3s confirma\u00e7\u00e3o de turma. N\u00e3o se aplica \u00e0 1\u00aa parcela no ato da inscri\u00e7\u00e3o.\u00a0Informe-se tamb\u00e9m sobre as demais modalidades de bolsas em <a href=\\\"\/\/www.fucap.edu.br\/wp\\\">www.fucap.edu.br<\/a><\/strong><\/p>\n<p>\t\t\t\t\t\t\t\t\t\t\t\t\t<a href=\\\"\/\/www.fucap.edu.br\/portal\/template\/projeto2016\/portifolio\/587bb415d6cdb0b3995c91024c619d34\\\"><br \/>\n\t\t\t\t\t\t\t<img src=\\\"\/\/www.fucap.edu.br\/wp\/wp-content\/uploads\/2019\/02\/grade-ed-escpecial-e-libras.jpg\\\" title=\\\"\\\" alt=\\\"\\\" \/>\t\t\t\t\t\t\t\t<\/a><\/p>\n<p>Siga a Fucap nas redes sociais:<\/p>\n<p>\t\t\t\t\t<a href=\\\"\/\/www.facebook.com\/fucap\/?epa=SEARCH_BOX\\\" target=\\\"_blank\\\" rel=\\\"noopener\\\"><br \/>\n\t\t\t\t\t\tFacebook<br \/>\n\t\t\t\t\t\t\t\t\t\t\t<\/a><br \/>\n\t\t\t\t\t<a href=\\\"\/\/twitter.com\/fucap_edu\\\" target=\\\"_blank\\\" rel=\\\"noopener\\\"><br \/>\n\t\t\t\t\t\tTwitter<br \/>\n\t\t\t\t\t\t\t\t\t\t\t<\/a><br \/>\n\t\t\t\t\t<a href=\\\"\/\/www.youtube.com\/channel\/UCz81EoOg0XR4RafpD_sfE3A\\\" target=\\\"_blank\\\" rel=\\\"noopener\\\"><br \/>\n\t\t\t\t\t\tYoutube<br \/>\n\t\t\t\t\t\t\t\t\t\t\t<\/a><br \/>\n\t\t\t\t\t<a href=\\\"\/\/www.instagram.com\/fucap_univinte\/\\\" target=\\\"_blank\\\" rel=\\\"noopener\\\"><br \/>\n\t\t\t\t\t\tInstagram<br \/>\n\t\t\t\t\t\t\t\t\t\t\t<\/a><br \/>\n\t\t\t\t\t<a href=\\\"\/\/br.linkedin.com\/in\/faculdade-fucap-362825109\\\" target=\\\"_blank\\\" rel=\\\"noopener\\\"><br \/>\n\t\t\t\t\t\tLinkedin<br \/>\n\t\t\t\t\t\t\t\t\t\t\t<\/a><\/p>\n<p>Faculdade Fucap Univinte&nbsp; &#8211; Uma faculdade Inovadora<br \/>Central de Atendimento: (48) 3623-6000 | Endere\u00e7o: Av. Nilton Augusto Sachetti, 500 &#8211; Centro<br \/>&nbsp; &nbsp; CEP 88745-000 &#8211; Capivari de Baixo &#8211; SC&nbsp; &nbsp;Brasil<\/p>\n<p>\t\t\t\t\t\t\t\t\t\t\t\t\t<a href=\\\"\/\/www.fucap.edu.br\/wp\/\\\"><br \/>\n\t\t\t\t\t\t\t<img width=\\\"600\\\" height=\\\"228\\\" src=\\\"https:\/\/www.fucap.edu.br\/wp\/wp-content\/uploads\/2019\/02\/logo-fucap-branc.png\\\" alt=\\\"\\\" loading=\\\"lazy\\\" \/>\t\t\t\t\t\t\t\t<\/a><br \/>\n\t\t\u00a9 2019 Faculdades Fucap. Todos os direitos reservados. Desenvolvido por <a style=\\\"color: #ffffff;\\\" href=\\\"\/\/www.creativeindesign.com.br\\\" target=\\\"_blank\\\" rel=\\\"noopener\\\">CreativeDesign<\/a><\/p>\n","protected":false},"excerpt":{"rendered":"<p>Inscri\u00e7\u00f5es Abertas Portif\u00f3lio do curso Sala de Matr\u00edcula DADOS DO CURSO P\u00f3s-Gradua\u00e7\u00e3o Arqueologia e Patrim\u00f4nio Cultural Atos Regulat\u00f3rios Recredenciamento no MEC pela Portaria N\u00ba 180, de 6\/2\/2017. Resolu\u00e7\u00e3o CNE\/CES N\u00ba 1, de 8\/6\/2007. Cria\u00e7\u00e3o: Resolu\u00e7\u00e3o N\u00ba 5, de 20\/12\/2014. Carga Hor\u00e1ria 420 horas Investimento Taxa de Inscri\u00e7\u00e3o: R$ 50,00 Mensalidade: 20 parcelas de R$ 298,00* [&hellip;]<\/p>\n","protected":false},"author":1,"featured_media":0,"parent":0,"menu_order":0,"comment_status":"closed","ping_status":"closed","template":"","meta":{"site-sidebar-layout":"default","site-content-layout":"","ast-site-content-layout":"default","site-content-style":"default","site-sidebar-style":"default","ast-global-header-display":"","ast-banner-title-visibility":"","ast-main-header-display":"","ast-hfb-above-header-display":"","ast-hfb-below-header-display":"","ast-hfb-mobile-header-display":"","site-post-title":"","ast-breadcrumbs-content":"","ast-featured-img":"","footer-sml-layout":"","ast-disable-related-posts":"","theme-transparent-header-meta":"","adv-header-id-meta":"","stick-header-meta":"","header-above-stick-meta":"","header-main-stick-meta":"","header-below-stick-meta":"","astra-migrate-meta-layouts":"default","ast-page-background-enabled":"default","ast-page-background-meta":{"desktop":{"background-color":"var(--ast-global-color-4)","background-image":"","background-repeat":"repeat","background-position":"center center","background-size":"auto","background-attachment":"scroll","background-type":"","background-media":"","overlay-type":"","overlay-color":"","overlay-opacity":"","overlay-gradient":""},"tablet":{"background-color":"","background-image":"","background-repeat":"repeat","background-position":"center center","background-size":"auto","background-attachment":"scroll","background-type":"","background-media":"","overlay-type":"","overlay-color":"","overlay-opacity":"","overlay-gradient":""},"mobile":{"background-color":"","background-image":"","background-repeat":"repeat","background-position":"center center","background-size":"auto","background-attachment":"scroll","background-type":"","background-media":"","overlay-type":"","overlay-color":"","overlay-opacity":"","overlay-gradient":""}},"ast-content-background-meta":{"desktop":{"background-color":"var(--ast-global-color-5)","background-image":"","background-repeat":"repeat","background-position":"center center","background-size":"auto","background-attachment":"scroll","background-type":"","background-media":"","overlay-type":"","overlay-color":"","overlay-opacity":"","overlay-gradient":""},"tablet":{"background-color":"var(--ast-global-color-5)","background-image":"","background-repeat":"repeat","background-position":"center center","background-size":"auto","background-attachment":"scroll","background-type":"","background-media":"","overlay-type":"","overlay-color":"","overlay-opacity":"","overlay-gradient":""},"mobile":{"background-color":"var(--ast-global-color-5)","background-image":"","background-repeat":"repeat","background-position":"center center","background-size":"auto","background-attachment":"scroll","background-type":"","background-media":"","overlay-type":"","overlay-color":"","overlay-opacity":"","overlay-gradient":""}},"footnotes":""},"class_list":["post-4710","page","type-page","status-publish","hentry"],"rttpg_featured_image_url":null,"rttpg_author":{"display_name":"contato","author_link":"https:\/\/univinte.edu.br\/portal\/author\/contato\/"},"rttpg_comment":0,"rttpg_category":null,"rttpg_excerpt":"Inscri\u00e7\u00f5es Abertas Portif\u00f3lio do curso Sala de Matr\u00edcula DADOS DO CURSO P\u00f3s-Gradua\u00e7\u00e3o Arqueologia e Patrim\u00f4nio Cultural Atos Regulat\u00f3rios Recredenciamento no MEC pela Portaria N\u00ba 180, de 6\/2\/2017. Resolu\u00e7\u00e3o CNE\/CES N\u00ba 1, de 8\/6\/2007. Cria\u00e7\u00e3o: Resolu\u00e7\u00e3o N\u00ba 5, de 20\/12\/2014. Carga Hor\u00e1ria 420 horas Investimento Taxa de Inscri\u00e7\u00e3o: R$ 50,00 Mensalidade: 20 parcelas de R$ 298,00*&hellip;","_links":{"self":[{"href":"https:\/\/univinte.edu.br\/portal\/wp-json\/wp\/v2\/pages\/4710","targetHints":{"allow":["GET"]}}],"collection":[{"href":"https:\/\/univinte.edu.br\/portal\/wp-json\/wp\/v2\/pages"}],"about":[{"href":"https:\/\/univinte.edu.br\/portal\/wp-json\/wp\/v2\/types\/page"}],"author":[{"embeddable":true,"href":"https:\/\/univinte.edu.br\/portal\/wp-json\/wp\/v2\/users\/1"}],"replies":[{"embeddable":true,"href":"https:\/\/univinte.edu.br\/portal\/wp-json\/wp\/v2\/comments?post=4710"}],"version-history":[{"count":0,"href":"https:\/\/univinte.edu.br\/portal\/wp-json\/wp\/v2\/pages\/4710\/revisions"}],"wp:attachment":[{"href":"https:\/\/univinte.edu.br\/portal\/wp-json\/wp\/v2\/media?parent=4710"}],"curies":[{"name":"wp","href":"https:\/\/api.w.org\/{rel}","templated":true}]}}