{"id":5213,"date":"2021-03-17T19:32:24","date_gmt":"2021-03-17T22:32:24","guid":{"rendered":"http:\/\/univinte.edu.br\/portal\/index.php\/comercio-exterior-e-gestao-portuaria\/"},"modified":"2023-08-15T14:45:05","modified_gmt":"2023-08-15T17:45:05","slug":"comercio-exterior-e-gestao-portuaria","status":"publish","type":"page","link":"https:\/\/univinte.edu.br\/portal\/comercio-exterior-e-gestao-portuaria\/","title":{"rendered":"Com\u00e9rcio Exterior e Gest\u00e3o Portu\u00e1ria"},"content":{"rendered":"<ul>\n<li>\n\t\t\t\t\t\t\t\t\t\tInscri\u00e7\u00f5es Abertas\n\t\t\t\t\t\t\t\t\t<\/li>\n<\/ul>\n<ul>\n<li>\n\t\t\t\t\t\t\t\t\t\t\t<a href=\\\"\/\/www.fucap.edu.br\/portal\/template\/projeto2016\/portifolio\/587bb415d6cdb0b3995c91024c619d34\\\" target=\\\"_blank\\\" rel=\\\"noopener\\\"><br \/>\n\t\t\t\t\t\t\t\t\t\t\tPortif\u00f3lio do curso<br \/>\n\t\t\t\t\t\t\t\t\t\t\t<\/a>\n\t\t\t\t\t\t\t\t\t<\/li>\n<\/ul>\n<ul>\n<li>\n\t\t\t\t\t\t\t\t\t\t\t<a href=\\\"https:\/\/www.univinte.com.br\/comercio-exterior-e-gestao-portuaria-imbituba\\\" target=\\\"_blank\\\" rel=\\\"noopener\\\"><br \/>\n\t\t\t\t\t\t\t\t\t\tSala de Matr\u00edcula<br \/>\n\t\t\t\t\t\t\t\t\t\t\t<\/a>\n\t\t\t\t\t\t\t\t\t<\/li>\n<\/ul>\n<p>DADOS DO CURSO<\/p>\n<ul>\n<li>\n\t\t\t\t\t\t\t\t\t\tP\u00f3s-Gradua\u00e7\u00e3o\n\t\t\t\t\t\t\t\t\t<\/li>\n<\/ul>\n<p>Com\u00e9rcio Exterior e Gest\u00e3o Portu\u00e1ria<\/p>\n<ul>\n<li>\n\t\t\t\t\t\t\t\t\t\tAtos Regulat\u00f3rios\n\t\t\t\t\t\t\t\t\t<\/li>\n<\/ul>\n<ul>\n<li>Recredenciamento no MEC pela Portaria N\u00ba 180, de 6\/2\/2017.<\/li>\n<li>Resolu\u00e7\u00e3o CNE\/CES N\u00ba 1, de 8\/6\/2007.<\/li>\n<\/ul>\n<ul>\n<li>\n\t\t\t\t\t\t\t\t\t\tCarga Hor\u00e1ria\n\t\t\t\t\t\t\t\t\t<\/li>\n<\/ul>\n<p>420 horas<\/p>\n<ul>\n<li>\n\t\t\t\t\t\t\t\t\t\tInvestimento\n\t\t\t\t\t\t\t\t\t<\/li>\n<\/ul>\n<p><strong>Taxa de Inscri\u00e7\u00e3o:<\/strong> R$ 50,00<\/p>\n<p><strong>Mensalidade: <\/strong>20 parcelas de R$ 318,08*<\/p>\n<p>*Descontos, verificar com o Setor de P\u00f3s-Gradua\u00e7\u00e3o.<\/p>\n<ul>\n<li>\n\t\t\t\t\t\t\t\t\t\tTurno\n\t\t\t\t\t\t\t\t\t<\/li>\n<\/ul>\n<p>Sexta-feira &#8211; Noturno<br \/>S\u00e1bado &#8211; Matutino e Vespertino<\/p>\n<h2>Com\u00e9rcio Exterior e Gest\u00e3o Portu\u00e1ria<\/h2>\n<h2>Objetivo<\/h2>\n<p>Oferecer ao profissional uma especializa\u00e7\u00e3o na \u00e1rea portu\u00e1ria, que defina plano de a\u00e7\u00e3o e negocie opera\u00e7\u00f5es legais, tribut\u00e1rias e cambiais inerentes ao processo de exporta\u00e7\u00e3o e importa\u00e7\u00e3o, com conhecimento para desempenhar fun\u00e7\u00f5es ligadas ao setor, tanto no aspecto de gest\u00e3o quanto no seu aspecto comercial.<\/p>\n<h2>P\u00fablico-Alvo<\/h2>\n<p>Gestores, empres\u00e1rios e profissionais com gradua\u00e7\u00e3o em ensino de n\u00edvel superior, interessados em adquirir conhecimento nas \u00e1reas de gest\u00e3o portu\u00e1ria e com\u00e9rcio exterior, e acad\u00eamicos que desejam aprofundar conhecimentos empresariais e corporativos, para o bem pr\u00f3prio e crescimento profissional.<\/p>\n<h2>In\u00edcio do Curso<\/h2>\n<p><strong>Em comercializa\u00e7\u00e3o<\/strong><\/p>\n<h2>N\u00famero de Vagas<\/h2>\n<p>50 vagas<\/p>\n<h2>Local da Inscri\u00e7\u00e3o<\/h2>\n<p>Faculdade Fucap Univinte \u2013 Uma faculdade Inovadora<br \/>Central de Atendimento: (48) 3623-6000 | Endere\u00e7o: Av. Nilton Augusto Sachetti, 500 \u2013 Centro<br \/>CEP 88745-000 \u2013 Capivari de Baixo \u2013 SC<\/p>\n<p><strong>Setor de P\u00f3s-Gradu\u00e7\u00e3o<\/strong>: (48)3623-6039 \/ <strong>Whatsapp<\/strong>: (48)98835-7733<br \/>\/ <strong>E-mail<\/strong>: <a href=\\\"mailto:pos@fucap.edu.br\\\">pos@fucap.edu.br<\/a><\/p>\n<h2>Matriz Curricular<\/h2>\n<p>DISCIPLINAS C\/H<\/p>\n<p>&#8211; Com\u00e9rcio Exterior e Acordos Internacionais &#8211; 30h\/a<br \/>&#8211; Direito Mar\u00edtimo &#8211; 30h\/a <br \/>&#8211; Direito Portu\u00e1rio &#8211; 30h\/a<br \/>&#8211; Com\u00e9rcio Exterior: Importa\u00e7\u00e3o e Exporta\u00e7\u00e3o &#8211; 15h\/a<br \/>&#8211; Marketing Internacional &#8211; 15h\/a <br \/>&#8211; Transporte Mar\u00edtimo &#8211; 15h\/a<br \/>&#8211; Controle de Cargas e Documentos &#8211; 30h\/a<br \/>&#8211; Meio Ambiente, Sa\u00fade e Seguran\u00e7a Portu\u00e1ria &#8211; 30h\/a<br \/>&#8211; Recursos Humanos em Terminais Portu\u00e1rios &#8211; 15h\/a<br \/>&#8211; Gest\u00e3o de Transportes e Tecnologia Portu\u00e1ria &#8211; 45h\/a<br \/>&#8211; Gest\u00e3o Operacional de Terminais de Cargas &#8211; 30h\/a<br \/>&#8211; Metodologia da Pesquisa e do Ensino Superior &#8211; 60h\/a<br \/>&#8211; Ingl\u00eas T\u00e9cnico Portu\u00e1rio &#8211; 30h\/a<br \/>&#8211; Legisla\u00e7\u00e3o Portu\u00e1ria e Pol\u00edticas P\u00fablicas &#8211; 30h\/a<br \/>&#8211; Transportes Internacionais &#8211; 15h\/a<\/p>\n<p>TOTAL 420 h\/a<\/p>\n<p>\t\t\t\t\t\t\t\t\t\t\t\t<a href=\\\"\\\">Certifica\u00e7\u00e3o<\/a><\/p>\n<p>O Concluinte receber\u00e1 certificado com o t\u00edtulo de Especialista em Com\u00e9rcio Exterior e Gest\u00e3o Portu\u00e1ria.<\/p>\n<p>\t\t\t\t\t\t\t\t\t\t\t\t<a href=\\\"\\\">Documenta\u00e7\u00e3o necess\u00e1ria<\/a><\/p>\n<ul>\n<li>C\u00f3pia do Diploma de Gradua\u00e7\u00e3o;<\/li>\n<li>C\u00f3pia do Hist\u00f3rico Escolar da Gradua\u00e7\u00e3o;<\/li>\n<li>C\u00f3pia do comprovante de resid\u00eancia;<\/li>\n<li>C\u00f3pia do RG e CPF;<\/li>\n<li>C\u00f3pia da certid\u00e3o de nascimento ou casamento;<\/li>\n<li>Uma foto 3&#215;4 recente.<\/li>\n<\/ul>\n<ul>\n<li>\n\t\t\t\t\t\t\t\t\t\t\t<a href=\\\"https:\/\/docs.google.com\/forms\/d\/1Wp3ypNk5Q4bVKhCM_DcggEsj7SAoro946gNZp3cupoo\/viewform?edit_requested=true\\\" target=\\\"_blank\\\" rel=\\\"noopener\\\"><br \/>\n\t\t\t\t\t\t\t\t\t\tINSCRI\u00c7\u00d5ES ONLINE<br \/>\n\t\t\t\t\t\t\t\t\t\t\t<\/a>\n\t\t\t\t\t\t\t\t\t<\/li>\n<\/ul>\n<p><strong>Alunos egressos da Fucap, poder\u00e3o requerer a Bolsa Egresso, que concede at\u00e9 20% de desconto nas mensalidades, ap\u00f3s confirma\u00e7\u00e3o de turma. N\u00e3o se aplica \u00e0 1\u00aa parcela no ato da inscri\u00e7\u00e3o.\u00a0Informe-se tamb\u00e9m sobre as demais modalidades de bolsas em <a href=\\\"\/\/www.fucap.edu.br\/wp\\\">www.fucap.edu.br<\/a><\/strong><\/p>\n<p>\t\t\t\t\t\t\t\t\t\t\t\t\t<a href=\\\"\/\/www.fucap.edu.br\/portal\/template\/projeto2016\/portifolio\/587bb415d6cdb0b3995c91024c619d34\\\"><br \/>\n\t\t\t\t\t\t\t<img src=\\\"\/\/www.fucap.edu.br\/wp\/wp-content\/uploads\/2019\/02\/grade-ed-escpecial-e-libras.jpg\\\" title=\\\"\\\" alt=\\\"\\\" \/>\t\t\t\t\t\t\t\t<\/a><\/p>\n<p>Siga a Fucap nas redes sociais:<\/p>\n<p>\t\t\t\t\t<a href=\\\"\/\/www.facebook.com\/fucap\/?epa=SEARCH_BOX\\\" target=\\\"_blank\\\" rel=\\\"noopener\\\"><br \/>\n\t\t\t\t\t\tFacebook<br \/>\n\t\t\t\t\t\t\t\t\t\t\t<\/a><br \/>\n\t\t\t\t\t<a href=\\\"\/\/twitter.com\/fucap_edu\\\" target=\\\"_blank\\\" rel=\\\"noopener\\\"><br \/>\n\t\t\t\t\t\tTwitter<br \/>\n\t\t\t\t\t\t\t\t\t\t\t<\/a><br \/>\n\t\t\t\t\t<a href=\\\"\/\/www.youtube.com\/channel\/UCz81EoOg0XR4RafpD_sfE3A\\\" target=\\\"_blank\\\" rel=\\\"noopener\\\"><br \/>\n\t\t\t\t\t\tYoutube<br \/>\n\t\t\t\t\t\t\t\t\t\t\t<\/a><br \/>\n\t\t\t\t\t<a href=\\\"\/\/www.instagram.com\/fucap_univinte\/\\\" target=\\\"_blank\\\" rel=\\\"noopener\\\"><br \/>\n\t\t\t\t\t\tInstagram<br \/>\n\t\t\t\t\t\t\t\t\t\t\t<\/a><br \/>\n\t\t\t\t\t<a href=\\\"\/\/br.linkedin.com\/in\/faculdade-fucap-362825109\\\" target=\\\"_blank\\\" rel=\\\"noopener\\\"><br \/>\n\t\t\t\t\t\tLinkedin<br \/>\n\t\t\t\t\t\t\t\t\t\t\t<\/a><\/p>\n<p>\u00a0<\/p>\n<p>Faculdade Fucap Univinte\u00a0 &#8211; Uma faculdade Inovadora<br \/>Central de Atendimento: (48) 3623-6000 | Endere\u00e7o: Av. Nilton Augusto Sachetti, 500 &#8211; Centro<br \/>\u00a0 \u00a0 CEP 88745-000 &#8211; Capivari de Baixo &#8211; SC\u00a0 \u00a0Brasil<\/p>\n<p>\t\t\t\t\t\t\t\t\t\t\t\t\t<a href=\\\"\/\/www.fucap.edu.br\/wp\/\\\"><br \/>\n\t\t\t\t\t\t\t<img width=\\\"600\\\" height=\\\"228\\\" src=\\\"https:\/\/www.fucap.edu.br\/wp\/wp-content\/uploads\/2019\/02\/logo-fucap-branc.png\\\" alt=\\\"\\\" loading=\\\"lazy\\\" \/>\t\t\t\t\t\t\t\t<\/a><br \/>\n\t\t\u00a9 2019 Faculdades Fucap. Todos os direitos reservados. Desenvolvido por <a style=\\\"color: #ffffff;\\\" href=\\\"\/\/www.creativeindesign.com.br\\\" target=\\\"_blank\\\" rel=\\\"noopener\\\">CreativeDesign<\/a><\/p>\n","protected":false},"excerpt":{"rendered":"<p>Inscri\u00e7\u00f5es Abertas Portif\u00f3lio do curso Sala de Matr\u00edcula DADOS DO CURSO P\u00f3s-Gradua\u00e7\u00e3o Com\u00e9rcio Exterior e Gest\u00e3o Portu\u00e1ria Atos Regulat\u00f3rios Recredenciamento no MEC pela Portaria N\u00ba 180, de 6\/2\/2017. Resolu\u00e7\u00e3o CNE\/CES N\u00ba 1, de 8\/6\/2007. Carga Hor\u00e1ria 420 horas Investimento Taxa de Inscri\u00e7\u00e3o: R$ 50,00 Mensalidade: 20 parcelas de R$ 318,08* *Descontos, verificar com o Setor [&hellip;]<\/p>\n","protected":false},"author":1,"featured_media":0,"parent":0,"menu_order":0,"comment_status":"closed","ping_status":"closed","template":"","meta":{"site-sidebar-layout":"default","site-content-layout":"","ast-site-content-layout":"default","site-content-style":"default","site-sidebar-style":"default","ast-global-header-display":"","ast-banner-title-visibility":"","ast-main-header-display":"","ast-hfb-above-header-display":"","ast-hfb-below-header-display":"","ast-hfb-mobile-header-display":"","site-post-title":"","ast-breadcrumbs-content":"","ast-featured-img":"","footer-sml-layout":"","ast-disable-related-posts":"","theme-transparent-header-meta":"","adv-header-id-meta":"","stick-header-meta":"","header-above-stick-meta":"","header-main-stick-meta":"","header-below-stick-meta":"","astra-migrate-meta-layouts":"default","ast-page-background-enabled":"default","ast-page-background-meta":{"desktop":{"background-color":"var(--ast-global-color-4)","background-image":"","background-repeat":"repeat","background-position":"center center","background-size":"auto","background-attachment":"scroll","background-type":"","background-media":"","overlay-type":"","overlay-color":"","overlay-opacity":"","overlay-gradient":""},"tablet":{"background-color":"","background-image":"","background-repeat":"repeat","background-position":"center center","background-size":"auto","background-attachment":"scroll","background-type":"","background-media":"","overlay-type":"","overlay-color":"","overlay-opacity":"","overlay-gradient":""},"mobile":{"background-color":"","background-image":"","background-repeat":"repeat","background-position":"center center","background-size":"auto","background-attachment":"scroll","background-type":"","background-media":"","overlay-type":"","overlay-color":"","overlay-opacity":"","overlay-gradient":""}},"ast-content-background-meta":{"desktop":{"background-color":"var(--ast-global-color-5)","background-image":"","background-repeat":"repeat","background-position":"center center","background-size":"auto","background-attachment":"scroll","background-type":"","background-media":"","overlay-type":"","overlay-color":"","overlay-opacity":"","overlay-gradient":""},"tablet":{"background-color":"var(--ast-global-color-5)","background-image":"","background-repeat":"repeat","background-position":"center center","background-size":"auto","background-attachment":"scroll","background-type":"","background-media":"","overlay-type":"","overlay-color":"","overlay-opacity":"","overlay-gradient":""},"mobile":{"background-color":"var(--ast-global-color-5)","background-image":"","background-repeat":"repeat","background-position":"center center","background-size":"auto","background-attachment":"scroll","background-type":"","background-media":"","overlay-type":"","overlay-color":"","overlay-opacity":"","overlay-gradient":""}},"ngg_post_thumbnail":0,"footnotes":""},"class_list":["post-5213","page","type-page","status-publish","hentry"],"rttpg_featured_image_url":null,"rttpg_author":{"display_name":"contato","author_link":"https:\/\/univinte.edu.br\/portal\/author\/contato\/"},"rttpg_comment":0,"rttpg_category":null,"rttpg_excerpt":"Inscri\u00e7\u00f5es Abertas Portif\u00f3lio do curso Sala de Matr\u00edcula DADOS DO CURSO P\u00f3s-Gradua\u00e7\u00e3o Com\u00e9rcio Exterior e Gest\u00e3o Portu\u00e1ria Atos Regulat\u00f3rios Recredenciamento no MEC pela Portaria N\u00ba 180, de 6\/2\/2017. Resolu\u00e7\u00e3o CNE\/CES N\u00ba 1, de 8\/6\/2007. Carga Hor\u00e1ria 420 horas Investimento Taxa de Inscri\u00e7\u00e3o: R$ 50,00 Mensalidade: 20 parcelas de R$ 318,08* *Descontos, verificar com o Setor&hellip;","_links":{"self":[{"href":"https:\/\/univinte.edu.br\/portal\/wp-json\/wp\/v2\/pages\/5213","targetHints":{"allow":["GET"]}}],"collection":[{"href":"https:\/\/univinte.edu.br\/portal\/wp-json\/wp\/v2\/pages"}],"about":[{"href":"https:\/\/univinte.edu.br\/portal\/wp-json\/wp\/v2\/types\/page"}],"author":[{"embeddable":true,"href":"https:\/\/univinte.edu.br\/portal\/wp-json\/wp\/v2\/users\/1"}],"replies":[{"embeddable":true,"href":"https:\/\/univinte.edu.br\/portal\/wp-json\/wp\/v2\/comments?post=5213"}],"version-history":[{"count":1,"href":"https:\/\/univinte.edu.br\/portal\/wp-json\/wp\/v2\/pages\/5213\/revisions"}],"predecessor-version":[{"id":11594,"href":"https:\/\/univinte.edu.br\/portal\/wp-json\/wp\/v2\/pages\/5213\/revisions\/11594"}],"wp:attachment":[{"href":"https:\/\/univinte.edu.br\/portal\/wp-json\/wp\/v2\/media?parent=5213"}],"curies":[{"name":"wp","href":"https:\/\/api.w.org\/{rel}","templated":true}]}}