{"id":663,"date":"2019-02-03T17:14:35","date_gmt":"2019-02-03T19:14:35","guid":{"rendered":"http:\/\/univinte.edu.br\/portal\/index.php\/ciencias-contabeis-ead\/"},"modified":"2023-08-15T14:45:05","modified_gmt":"2023-08-15T17:45:05","slug":"ciencias-contabeis-ead","status":"publish","type":"page","link":"https:\/\/univinte.edu.br\/portal\/ciencias-contabeis-ead\/","title":{"rendered":"Ci\u00eancias Cont\u00e1beis EaD"},"content":{"rendered":"<p><img src=\\\"\/\/www.fucap.edu.br\/wp\/wp-content\/uploads\/2019\/05\/banner-ead-cco-1.jpg\\\" sizes=\\\"(max-width: 1600px) 100vw, 1600px\\\" srcset=\\\"\/\/i2.wp.com\/www.fucap.edu.br\/wp\/wp-content\/uploads\/2019\/05\/banner-ead-cco-1.jpg?w=1600 1600w, \/\/i0.wp.com\/www.fucap.edu.br\/wp\/wp-content\/uploads\/2019\/05\/banner-ead-cco-1.jpg?resize=300%2C66 300w, \/\/i1.wp.com\/www.fucap.edu.br\/wp\/wp-content\/uploads\/2019\/05\/banner-ead-cco-1.jpg?resize=768%2C168 768w, \/\/i0.wp.com\/www.fucap.edu.br\/wp\/wp-content\/uploads\/2019\/05\/banner-ead-cco-1.jpg?resize=1024%2C224 1024w\\\" alt=\\\"\\\" width=\\\"1600\\\" height=\\\"350\\\" \/><\/p>\n<h2>O curso de Ci\u00eancias Cont\u00e1beis &#8211; EaD da Faculdade Capivari<\/h2>\n<p>O objetivo do curso de Ci\u00eancias Cont\u00e1beis da FUCAP \u00e9 formar profissionais competentes e capazes de atender a demanda de um mercado em constante mudan\u00e7a a partir de uma vis\u00e3o sist\u00eamica, global e din\u00e2mica do patrim\u00f4nio e suas altera\u00e7\u00f5es considerando a elabora\u00e7\u00e3o, a mensura\u00e7\u00e3o, o registro, a divulga\u00e7\u00e3o das informa\u00e7\u00f5es patrimoniais, econ\u00f4micas e financeiras de uma organiza\u00e7\u00e3o.<\/p>\n<h2>O Perfil Profissional para quem faz Ci\u00eancias Cont\u00e1beis<\/h2>\n<p>O projeto do curso de Ci\u00eancias Cont\u00e1beis da Faculdade Capivari busca o atendimento \u00e0s novas exig\u00eancias do mercado de trabalho e da realidade social, proporcionando uma forma\u00e7\u00e3o qualificada que caracterize o bacharel como um profissional capaz de atuar com grande desenvoltura em qualquer \u00e1rea cont\u00e1bil. O egresso do curso ser\u00e1 um profissional cr\u00edtico, \u00e9tico, empreendedor, reflexivo (considerando vis\u00e3o sist\u00eamica, hol\u00edstica, cr\u00edtica), l\u00facido e capaz de planejar, organizar, liderar e dirigir as atividades de controle do gerenciamento cont\u00e1bil nas empresas, com vis\u00e3o de globaliza\u00e7\u00e3o, sem perder de vista as particularidades regionais.<\/p>\n<ul id=\\\"eael-feature-list-25a0ea0f\\\">\n<li>\n<h3>Titula\u00e7\u00e3o do Curso&lt;\/h3 &gt;<\/h3>\n<p>Bacharel em Ci\u00eancias Cont\u00e1beis<\/li>\n<li>\n<h3>Atos Regulat\u00f3rios&lt;\/h3 &gt;<\/h3>\n<p>Portaria\/MEC de Autoriza\u00e7\u00e3o n\u00ba 1010 \u2013 DOU de 20\/05\/2019<\/li>\n<li>\n<h3>Carga Hor\u00e1ria&lt;\/h3 &gt;<\/h3>\n<p>3180 horas<\/li>\n<li>\n<h3>Dura\u00e7\u00e3o&lt;\/h3 &gt;<\/h3>\n<p>4 anos &#8211; 8 semestres<\/li>\n<\/ul>\n<h2>Matriz Curricular<\/h2>\n<p>1\u00b0 SEMESTRE<\/p>\n<p>CONTABILIDADE GERAL I<br \/>\nTEORIA GERAL DA ADMINISTRA\u00c7\u00c3O<br \/>\nECONOMIA<br \/>\nMATEM\u00c1TICA<br \/>\nM\u00c9TODOS E T\u00c9CNICAS DE PESQUISA<\/p>\n<p>2\u00b0 SEMESTRE<\/p>\n<p>CONTABILIDADE GERAL II<br \/>\nESTAT\u00cdSTICA<br \/>\nCOMUNICA\u00c7\u00c3O E EXPRESS\u00c3O<br \/>\nTEORIA DA CONTABILIDADE<br \/>\nFILOSOFIA E \u00c9TICA PROFISSIONAL<\/p>\n<p>3\u00b0 SEMESTRE<\/p>\n<p>CONTABILIDADE DE CUSTOS<br \/>\nCONTABILIDADE COMERCIAL<br \/>\nCONTABILIDADE APLICADA AO SETOR P\u00daBLICO I<br \/>\nINSTITUI\u00c7\u00d5ES DO DIREITO P\u00daBLICO E PRIVADO<br \/>\nPSICOLOGIA ORGANIZACIONAL<\/p>\n<p>4\u00b0 SEMESTRE<\/p>\n<p>PR\u00c1TICA COMERCIAL<br \/>\nCONTABILIDADE APLICADA AO SETOR P\u00daBLICO II<br \/>\nMATEM\u00c1TICA FINANCEIRA<br \/>\nDIREITO E LEGISLA\u00c7\u00c3O TRIBUT\u00c1RIA<br \/>\nAN\u00c1LISE DE CUSTOS<\/p>\n<p>5\u00b0 SEMESTRE<\/p>\n<p>AN\u00c1LISE DE INVESTIMENTOS<br \/>\nCONTABILIDADE FISCAL E TRIBUT\u00c1RIO I<br \/>\nDIREITO EMPRESARIAL E SOCIET\u00c1RIO<br \/>\nESTRUTURA DAS DEMONSTRA\u00c7\u00d5ES CONT\u00c1BEIS<br \/>\nDIREITO TRABALHISTA E LEGISLA\u00c7\u00c3O SOCIAL<\/p>\n<p>6\u00b0 SEMESTRE<\/p>\n<p>CONTABILIDADE FISCAL E TRIBUT\u00c1RIO II<br \/>\nAN\u00c1LISE DAS DEMONSTRA\u00c7\u00d5ES CONT\u00c1BEIS<br \/>\nGEST\u00c3O FINANCEIRA E OR\u00c7AMENT\u00c1RIA I<br \/>\nSEMIN\u00c1RIO DE CONTABILIDADE APLICADA<br \/>\n*DISCIPLINA ELETIVA<\/p>\n<p>7\u00b0 SEMESTRE<\/p>\n<p>CONTABILIDADE AVAN\u00c7ADA I<br \/>\nSISTEMA DE INFORMA\u00c7\u00c3O CONT\u00c1BIL<br \/>\nGEST\u00c3O FINANCEIRA E OR\u00c7AMENT\u00c1RIA II<br \/>\nAUDITORIA CONT\u00c1BIL<br \/>\nEST\u00c1GIO SUPERVISIONADO E TCC I<\/p>\n<p>8\u00b0 SEMESTRE<\/p>\n<p>CONTABILIDADE AVAN\u00c7ADA II<br \/>\nARBITRAGEM E PER\u00cdCIA CONT\u00c1BIL<br \/>\nCONTROLADORIA<br \/>\nEST\u00c1GIO SUPERVISIONADO E TCC II<br \/>\nATIVIDADES COMPLEMENTARES<br \/>\nSOMA 162 3000<\/p>\n<figure><a href=\\\"\/\/www.fucap.edu.br\/wp\/wp-content\/uploads\/2019\/06\/grad_cco_ead.pdf\\\" target=\\\"_blank\\\" rel=\\\"noopener noreferrer\\\"><img src=\\\"\/\/www.fucap.edu.br\/wp\/wp-content\/uploads\/2019\/05\/icon-pdf-150x150.png\\\" sizes=\\\"(max-width: 150px) 100vw, 150px\\\" srcset=\\\"\/\/i2.wp.com\/www.fucap.edu.br\/wp\/wp-content\/uploads\/2019\/05\/icon-pdf.png?resize=150%2C150 150w, \/\/i1.wp.com\/www.fucap.edu.br\/wp\/wp-content\/uploads\/2019\/05\/icon-pdf.png?resize=300%2C300 300w, \/\/i2.wp.com\/www.fucap.edu.br\/wp\/wp-content\/uploads\/2019\/05\/icon-pdf.png?resize=350%2C350 350w, \/\/i0.wp.com\/www.fucap.edu.br\/wp\/wp-content\/uploads\/2019\/05\/icon-pdf.png?w=512 512w\\\" alt=\\\"\\\" width=\\\"150\\\" height=\\\"150\\\" \/><\/a><\/figure>\n<h3><a href=\\\"\/\/www.fucap.edu.br\/wp\/wp-content\/uploads\/2019\/06\/grad_cco_ead.pdf\\\" target=\\\"_blank\\\" rel=\\\"noopener noreferrer\\\">Imprimir Grade <\/a><\/h3>\n<h2>Inscri\u00e7\u00e3o Gratuita<\/h2>\n<p>Fa\u00e7a a diferen\u00e7a estudando na Univinte Fucap nos cursos presenciais ou Ead. <strong>Comece agora e garanta sua vaga.<\/strong><\/p>\n<p><strong>CI\u00caNCIAS CONT\u00c1BEIS EaD<\/strong><\/p>\n<p><a href=\\\"\/\/www.fucap.edu.br\/inscricao\/\\\">Inscreva-se<\/a><\/p>\n<p>Escolhi estudar na Fucap pelo custo benef\u00edcio e por diversas conversas com ex-alunos que me mostraram a qualidade de estudo que temos na regi\u00e3o.<\/p>\n<p><img src=\\\"\/\/www.fucap.edu.br\/wp\/wp-content\/uploads\/2019\/05\/img-blockcard-3-150x150.png\\\" sizes=\\\"(max-width: 150px) 100vw, 150px\\\" srcset=\\\"\/\/i1.wp.com\/www.fucap.edu.br\/wp\/wp-content\/uploads\/2019\/05\/img-blockcard-3.png?resize=150%2C150 150w, \/\/i1.wp.com\/www.fucap.edu.br\/wp\/wp-content\/uploads\/2019\/05\/img-blockcard-3.png?w=300 300w\\\" alt=\\\"\\\" width=\\\"150\\\" height=\\\"150\\\" \/><!-- .lae-image-wrapper --><\/p>\n<h4>ANDR\u00c9 MACHADO<\/h4>\n<p>Administra\u00e7\u00e3o <!-- .lae-testimonial-user --><!-- .lae-testimonial --><!-- .lae-testimonial-wrapper.lae-slide --><\/p>\n<p>A Fucap me trouxe v\u00e1rias oportunidades. Optei pelo curso de engenharia pela qualidade de ensino dos professores e o \u00f3timo atendimento dos colaboradores.<\/p>\n<p><img src=\\\"\/\/www.fucap.edu.br\/wp\/wp-content\/uploads\/2019\/05\/img-blockcard-4-150x150.png\\\" sizes=\\\"(max-width: 150px) 100vw, 150px\\\" srcset=\\\"\/\/i0.wp.com\/www.fucap.edu.br\/wp\/wp-content\/uploads\/2019\/05\/img-blockcard-4.png?resize=150%2C150 150w, \/\/i2.wp.com\/www.fucap.edu.br\/wp\/wp-content\/uploads\/2019\/05\/img-blockcard-4.png?w=300 300w\\\" alt=\\\"\\\" width=\\\"150\\\" height=\\\"150\\\" \/><!-- .lae-image-wrapper --><\/p>\n<h4>ALICE MACHADO<\/h4>\n<p>Engenharia Civil<!-- .lae-testimonial-user --><!-- .lae-testimonial --><!-- .lae-testimonial-wrapper.lae-slide --><\/p>\n<p>O motivo pelo qual escolhi estudar na Fucap porque ela foi a pioneira no Engenharia de Produ\u00e7\u00e3o na nossa Regi\u00e3o.<\/p>\n<p><img src=\\\"\/\/www.fucap.edu.br\/wp\/wp-content\/uploads\/2019\/05\/img-blockcard-5-150x150.png\\\" sizes=\\\"(max-width: 150px) 100vw, 150px\\\" srcset=\\\"\/\/i2.wp.com\/www.fucap.edu.br\/wp\/wp-content\/uploads\/2019\/05\/img-blockcard-5.png?resize=150%2C150 150w, \/\/i1.wp.com\/www.fucap.edu.br\/wp\/wp-content\/uploads\/2019\/05\/img-blockcard-5.png?w=300 300w\\\" alt=\\\"\\\" width=\\\"150\\\" height=\\\"150\\\" \/><!-- .lae-image-wrapper --><\/p>\n<h4>GLAUCO BORGES<\/h4>\n<p>Engenharia de Produ\u00e7\u00e3o<!-- .lae-testimonial-user --><!-- .lae-testimonial --><!-- .lae-testimonial-wrapper.lae-slide --><!-- .lae-slides --><!-- .lae-testimonials-slider --><\/p>\n<p>[happyforms id=\\&#8221;3177\\&#8221; \/]<\/p>\n<p>CENTRAL DE ATENDIMENTO<\/p>\n<p>(48) 3623-6000<\/p>\n<h3>WhatsApp<\/h3>\n<p>98826-2029<\/p>\n<p>Siga a Fucap nas redes sociais:<\/p>\n<p><a href=\\\"\/\/www.facebook.com\/fucap\/?epa=SEARCH_BOX\\\" target=\\\"_blank\\\" rel=\\\"noopener noreferrer\\\"><br \/>\nFacebook<br \/>\n<\/a><br \/>\n<a href=\\\"\/\/twitter.com\/fucap_edu\\\" target=\\\"_blank\\\" rel=\\\"noopener noreferrer\\\"><br \/>\nTwitter<br \/>\n<\/a><br \/>\n<a href=\\\"\/\/www.youtube.com\/channel\/UCz81EoOg0XR4RafpD_sfE3A\\\" target=\\\"_blank\\\" rel=\\\"noopener noreferrer\\\"><br \/>\nYoutube<br \/>\n<\/a><br \/>\n<a href=\\\"\/\/www.instagram.com\/fucap_univinte\/\\\" target=\\\"_blank\\\" rel=\\\"noopener noreferrer\\\"><br \/>\nInstagram<br \/>\n<\/a><br \/>\n<a href=\\\"\/\/br.linkedin.com\/in\/faculdade-fucap-362825109\\\" target=\\\"_blank\\\" rel=\\\"noopener noreferrer\\\"><br \/>\nLinkedin<br \/>\n<\/a><\/p>\n<p>Faculdade Fucap Univinte\u00a0 &#8211; Uma faculdade Inovadora<br \/>\nCentral de Atendimento: (48) 3623-6000 | Endere\u00e7o: Av. Na\u00e7\u00f5es Unidas, 500 &#8211; Centro<br \/>\nCEP 88745-000 &#8211; Capivari de Baixo &#8211; SC\u00a0 \u00a0Brasil<\/p>\n<p><a href=\\\"\/\/www.fucap.edu.br\/wp\/\\\" data-elementor-open-lightbox=\\\"\\\"><br \/>\n<img src=\\\"\/\/www.fucap.edu.br\/wp\/wp-content\/uploads\/2019\/03\/logo-otimizada-rodape.png\\\" alt=\\\"\\\" width=\\\"194\\\" height=\\\"74\\\" \/> <\/a><br \/>\n\u00a9 2019 Faculdades Fucap. Todos os direitos reservados.<br \/>\n<a href=\\\"\/\/www.facebook.com\/cretivedessign\/\\\" target=\\\"_blank\\\" rel=\\\"noopener noreferrer\\\" data-elementor-open-lightbox=\\\"\\\"><br \/>\n<img src=\\\"\/\/www.fucap.edu.br\/wp\/wp-content\/uploads\/2019\/06\/logo-ass-site.png\\\" alt=\\\"\\\" width=\\\"276\\\" height=\\\"179\\\" \/> <\/a><\/p>\n","protected":false},"excerpt":{"rendered":"<p>O curso de Ci\u00eancias Cont\u00e1beis &#8211; EaD da Faculdade Capivari O objetivo do curso de Ci\u00eancias Cont\u00e1beis da FUCAP \u00e9 formar profissionais competentes e capazes de atender a demanda de um mercado em constante mudan\u00e7a a partir de uma vis\u00e3o sist\u00eamica, global e din\u00e2mica do patrim\u00f4nio e suas altera\u00e7\u00f5es considerando a elabora\u00e7\u00e3o, a mensura\u00e7\u00e3o, o [&hellip;]<\/p>\n","protected":false},"author":1,"featured_media":0,"parent":0,"menu_order":0,"comment_status":"closed","ping_status":"closed","template":"","meta":{"site-sidebar-layout":"default","site-content-layout":"","ast-site-content-layout":"default","site-content-style":"default","site-sidebar-style":"default","ast-global-header-display":"","ast-banner-title-visibility":"","ast-main-header-display":"","ast-hfb-above-header-display":"","ast-hfb-below-header-display":"","ast-hfb-mobile-header-display":"","site-post-title":"","ast-breadcrumbs-content":"","ast-featured-img":"","footer-sml-layout":"","ast-disable-related-posts":"","theme-transparent-header-meta":"","adv-header-id-meta":"","stick-header-meta":"","header-above-stick-meta":"","header-main-stick-meta":"","header-below-stick-meta":"","astra-migrate-meta-layouts":"default","ast-page-background-enabled":"default","ast-page-background-meta":{"desktop":{"background-color":"var(--ast-global-color-4)","background-image":"","background-repeat":"repeat","background-position":"center center","background-size":"auto","background-attachment":"scroll","background-type":"","background-media":"","overlay-type":"","overlay-color":"","overlay-opacity":"","overlay-gradient":""},"tablet":{"background-color":"","background-image":"","background-repeat":"repeat","background-position":"center center","background-size":"auto","background-attachment":"scroll","background-type":"","background-media":"","overlay-type":"","overlay-color":"","overlay-opacity":"","overlay-gradient":""},"mobile":{"background-color":"","background-image":"","background-repeat":"repeat","background-position":"center center","background-size":"auto","background-attachment":"scroll","background-type":"","background-media":"","overlay-type":"","overlay-color":"","overlay-opacity":"","overlay-gradient":""}},"ast-content-background-meta":{"desktop":{"background-color":"var(--ast-global-color-5)","background-image":"","background-repeat":"repeat","background-position":"center center","background-size":"auto","background-attachment":"scroll","background-type":"","background-media":"","overlay-type":"","overlay-color":"","overlay-opacity":"","overlay-gradient":""},"tablet":{"background-color":"var(--ast-global-color-5)","background-image":"","background-repeat":"repeat","background-position":"center center","background-size":"auto","background-attachment":"scroll","background-type":"","background-media":"","overlay-type":"","overlay-color":"","overlay-opacity":"","overlay-gradient":""},"mobile":{"background-color":"var(--ast-global-color-5)","background-image":"","background-repeat":"repeat","background-position":"center center","background-size":"auto","background-attachment":"scroll","background-type":"","background-media":"","overlay-type":"","overlay-color":"","overlay-opacity":"","overlay-gradient":""}},"footnotes":""},"class_list":["post-663","page","type-page","status-publish","hentry"],"rttpg_featured_image_url":null,"rttpg_author":{"display_name":"contato","author_link":"https:\/\/univinte.edu.br\/portal\/author\/contato\/"},"rttpg_comment":0,"rttpg_category":null,"rttpg_excerpt":"O curso de Ci\u00eancias Cont\u00e1beis &#8211; EaD da Faculdade Capivari O objetivo do curso de Ci\u00eancias Cont\u00e1beis da FUCAP \u00e9 formar profissionais competentes e capazes de atender a demanda de um mercado em constante mudan\u00e7a a partir de uma vis\u00e3o sist\u00eamica, global e din\u00e2mica do patrim\u00f4nio e suas altera\u00e7\u00f5es considerando a elabora\u00e7\u00e3o, a mensura\u00e7\u00e3o, o&hellip;","_links":{"self":[{"href":"https:\/\/univinte.edu.br\/portal\/wp-json\/wp\/v2\/pages\/663","targetHints":{"allow":["GET"]}}],"collection":[{"href":"https:\/\/univinte.edu.br\/portal\/wp-json\/wp\/v2\/pages"}],"about":[{"href":"https:\/\/univinte.edu.br\/portal\/wp-json\/wp\/v2\/types\/page"}],"author":[{"embeddable":true,"href":"https:\/\/univinte.edu.br\/portal\/wp-json\/wp\/v2\/users\/1"}],"replies":[{"embeddable":true,"href":"https:\/\/univinte.edu.br\/portal\/wp-json\/wp\/v2\/comments?post=663"}],"version-history":[{"count":1,"href":"https:\/\/univinte.edu.br\/portal\/wp-json\/wp\/v2\/pages\/663\/revisions"}],"predecessor-version":[{"id":11593,"href":"https:\/\/univinte.edu.br\/portal\/wp-json\/wp\/v2\/pages\/663\/revisions\/11593"}],"wp:attachment":[{"href":"https:\/\/univinte.edu.br\/portal\/wp-json\/wp\/v2\/media?parent=663"}],"curies":[{"name":"wp","href":"https:\/\/api.w.org\/{rel}","templated":true}]}}